{"id":728545,"date":"2025-08-27T20:41:15","date_gmt":"2025-08-27T17:41:15","guid":{"rendered":"https:\/\/roveyayinevi.com.tr\/index.php\/urun\/yardimci-muhasebe-elemani-mesleginin-belgelendirilmesi-ve-egitimi\/"},"modified":"2026-04-16T02:36:31","modified_gmt":"2026-04-15T23:36:31","slug":"yardimci-muhasebe-elemani-mesleginin-belgelendirilmesi-ve-egitimi","status":"publish","type":"product","link":"https:\/\/roveyayinevi.com.tr\/index.php\/urun\/yardimci-muhasebe-elemani-mesleginin-belgelendirilmesi-ve-egitimi\/","title":{"rendered":"Yard\u0131mc\u0131 Muhasebe Eleman\u0131 Mesle\u011finin Belgelendirilmesi ve E\u011fitimi"},"content":{"rendered":"<p>Birinci B\u00f6l\u00fcm 1.Yard\u0131mc\u0131 Muhasebe Eleman\u0131(YME) Mesle\u011fi ve Standardizasyonu \u0130kinci B\u00f6l\u00fcm 2. Yard\u0131mc\u0131 Muhasebe Eleman\u0131(YME) (Seviye 5) Belgelendirmesi \u00dc\u00e7\u00fcnc\u00fc B\u00f6l\u00fcm 3. Yard\u0131mc\u0131 Muhasebe Eleman\u0131(YME) E\u011fitimi ve \u00d6\u011fretimi D\u00f6rd\u00fcnc\u00fc B\u00f6l\u00fcm 4. Yard\u0131mc\u0131 Muhasebe Eleman\u0131(YME) (Seviye 5) Meslek Standard\u0131 \u00dczerine Ad\u0131m \u00dcniversiteleri Meslek Y\u00fcksekokullar\u0131n\u0131n Muhasebe ve Vergi Uygulamalar\u0131 Programlar\u0131 M\u00fcfredat Ara\u015ft\u0131rmas\u0131 <\/p>\n","protected":false},"excerpt":{"rendered":"<p>Birinci B\u00f6l\u00fcm 1.Yard\u0131mc\u0131 Muhasebe Eleman\u0131(YME) Mesle\u011fi ve Standardizasyonu \u0130kinci B\u00f6l\u00fcm 2. Yard\u0131mc\u0131 Muhasebe Eleman\u0131(YME) (Seviye 5) Belgelendirmesi \u00dc\u00e7\u00fcnc\u00fc B\u00f6l\u00fcm 3. Yard\u0131mc\u0131 Muhasebe Eleman\u0131(YME) E\u011fitimi ve \u00d6\u011fretimi<span class=\"excerpt-hellip\"> [\u2026]<\/span><\/p>\n","protected":false},"featured_media":0,"template":"","meta":{"_monsterinsights_skip_tracking":false,"_monsterinsights_sitenote_active":false,"_monsterinsights_sitenote_note":"","_monsterinsights_sitenote_category":0},"product_brand":[],"product_cat":[13043,14381],"product_tag":[],"class_list":{"0":"post-728545","1":"product","2":"type-product","3":"status-publish","5":"product_cat-ekonomi","6":"product_cat-isletme-muhasebe-maliye","7":"pa_cilt-ciltsiz","8":"pa_tur-kitap","9":"pa_yayinevi-gazi-kitabevi","10":"pa_yazar-gazi-kitabevi-kolektif","12":"first","13":"instock","14":"sale","15":"shipping-taxable","16":"purchasable","17":"product-type-simple"},"_links":{"self":[{"href":"https:\/\/roveyayinevi.com.tr\/index.php\/wp-json\/wp\/v2\/product\/728545","targetHints":{"allow":["GET"]}}],"collection":[{"href":"https:\/\/roveyayinevi.com.tr\/index.php\/wp-json\/wp\/v2\/product"}],"about":[{"href":"https:\/\/roveyayinevi.com.tr\/index.php\/wp-json\/wp\/v2\/types\/product"}],"wp:attachment":[{"href":"https:\/\/roveyayinevi.com.tr\/index.php\/wp-json\/wp\/v2\/media?parent=728545"}],"wp:term":[{"taxonomy":"product_brand","embeddable":true,"href":"https:\/\/roveyayinevi.com.tr\/index.php\/wp-json\/wp\/v2\/product_brand?post=728545"},{"taxonomy":"product_cat","embeddable":true,"href":"https:\/\/roveyayinevi.com.tr\/index.php\/wp-json\/wp\/v2\/product_cat?post=728545"},{"taxonomy":"product_tag","embeddable":true,"href":"https:\/\/roveyayinevi.com.tr\/index.php\/wp-json\/wp\/v2\/product_tag?post=728545"}],"curies":[{"name":"wp","href":"https:\/\/api.w.org\/{rel}","templated":true}]}}