{"id":728544,"date":"2025-08-27T20:41:15","date_gmt":"2025-08-27T17:41:15","guid":{"rendered":"https:\/\/roveyayinevi.com.tr\/index.php\/urun\/semavi-dinlerde-muhasebe-panoramasi\/"},"modified":"2026-04-16T02:36:31","modified_gmt":"2026-04-15T23:36:31","slug":"semavi-dinlerde-muhasebe-panoramasi","status":"publish","type":"product","link":"https:\/\/roveyayinevi.com.tr\/index.php\/urun\/semavi-dinlerde-muhasebe-panoramasi\/","title":{"rendered":"Semavi Dinlerde Muhasebe Panoramas\u0131"},"content":{"rendered":"<p>Birinci B\u00f6l\u00fcm \u2013 Toplum,Din ve Ekonomi \u0130li\u015fkisi 1.1.Dine K\u0131sa Bir Sosyolojik Bak\u0131\u015f 1.2 Farkl\u0131 Bak\u0131\u015f A\u00e7\u0131lar\u0131yla Muhtelif Din Tarifleri 1.3.Semavi(ilahi) Dinler 1.4.Din ve Ekonomi Aras\u0131ndaki \u0130li\u015fki 1.5.Semavi Dinlerde Ekonomiye Dair \u0130kinci B\u00f6l\u00fcm \u2013 Semavi Dinlerde Muhasebe Paradigmas\u0131 2.     2.1. Yahudilik\u2019te Muhasebe Paradigmalar\u0131 2.2. Hr\u0131stiyanl\u0131k\u2019ta Muhasebe Paradigmalar\u0131 2.3. \u0130slamiyet\u2019te Muhasebe Paradigmalar\u0131 \u00dc\u00e7\u00fcn\u00fc\u00fc B\u00f6l\u00fcm \u2013 Semavi Dinlerde Muhasebe Motifleri 3.     3.1.Semavi Dinlerde Ticaret 3.2.Semavi Dinlerde Faiz 3.3.Semavi Dinlerde Vergi <\/p>\n","protected":false},"excerpt":{"rendered":"<p>Birinci B\u00f6l\u00fcm \u2013 Toplum,Din ve Ekonomi \u0130li\u015fkisi 1.1.Dine K\u0131sa Bir Sosyolojik Bak\u0131\u015f 1.2 Farkl\u0131 Bak\u0131\u015f A\u00e7\u0131lar\u0131yla Muhtelif Din Tarifleri 1.3.Semavi(ilahi) Dinler 1.4.Din ve Ekonomi Aras\u0131ndaki \u0130li\u015fki<span class=\"excerpt-hellip\"> [\u2026]<\/span><\/p>\n","protected":false},"featured_media":0,"template":"","meta":{"_monsterinsights_skip_tracking":false,"_monsterinsights_sitenote_active":false,"_monsterinsights_sitenote_note":"","_monsterinsights_sitenote_category":0},"product_brand":[],"product_cat":[13043,14381],"product_tag":[],"class_list":{"0":"post-728544","1":"product","2":"type-product","3":"status-publish","5":"product_cat-ekonomi","6":"product_cat-isletme-muhasebe-maliye","7":"pa_cilt-ciltsiz","8":"pa_tur-kitap","9":"pa_yayinevi-gazi-kitabevi","10":"pa_yazar-gazi-kitabevi-kolektif","12":"first","13":"instock","14":"sale","15":"shipping-taxable","16":"purchasable","17":"product-type-simple"},"_links":{"self":[{"href":"https:\/\/roveyayinevi.com.tr\/index.php\/wp-json\/wp\/v2\/product\/728544","targetHints":{"allow":["GET"]}}],"collection":[{"href":"https:\/\/roveyayinevi.com.tr\/index.php\/wp-json\/wp\/v2\/product"}],"about":[{"href":"https:\/\/roveyayinevi.com.tr\/index.php\/wp-json\/wp\/v2\/types\/product"}],"wp:attachment":[{"href":"https:\/\/roveyayinevi.com.tr\/index.php\/wp-json\/wp\/v2\/media?parent=728544"}],"wp:term":[{"taxonomy":"product_brand","embeddable":true,"href":"https:\/\/roveyayinevi.com.tr\/index.php\/wp-json\/wp\/v2\/product_brand?post=728544"},{"taxonomy":"product_cat","embeddable":true,"href":"https:\/\/roveyayinevi.com.tr\/index.php\/wp-json\/wp\/v2\/product_cat?post=728544"},{"taxonomy":"product_tag","embeddable":true,"href":"https:\/\/roveyayinevi.com.tr\/index.php\/wp-json\/wp\/v2\/product_tag?post=728544"}],"curies":[{"name":"wp","href":"https:\/\/api.w.org\/{rel}","templated":true}]}}