{"id":728543,"date":"2025-08-27T20:41:14","date_gmt":"2025-08-27T17:41:14","guid":{"rendered":"https:\/\/roveyayinevi.com.tr\/index.php\/urun\/ogrencilerin-ogrenme-stillerinin-muhasebe-derslerine-yonelik-tutumlarina-etkisi\/"},"modified":"2026-04-16T02:36:31","modified_gmt":"2026-04-15T23:36:31","slug":"ogrencilerin-ogrenme-stillerinin-muhasebe-derslerine-yonelik-tutumlarina-etkisi","status":"publish","type":"product","link":"https:\/\/roveyayinevi.com.tr\/index.php\/urun\/ogrencilerin-ogrenme-stillerinin-muhasebe-derslerine-yonelik-tutumlarina-etkisi\/","title":{"rendered":"\u00d6\u011frencilerin \u00d6\u011frenme Stillerinin Muhasebe Derslerine Y\u00f6nelik Tutumlar\u0131na Etkisi"},"content":{"rendered":"<p>Birinci B\u00f6l\u00fcm \u2013 \u00d6\u011frenme Stilleri 1.1.\u00d6\u011frenme Stillerinin Tan\u0131m\u0131 1.2.\u00d6\u011frenme Stilleri \u0130kinci B\u00f6l\u00fcm \u2013 Tutum 2.     2.1.Tutumun Tan\u0131m\u0131 2.2.Tutumlar\u0131n \u00d6zellikleri 2.3.Tutumu Olu\u015fturan \u00d6geler 2.4.Tutumlar\u0131n Olu\u015fmas\u0131 2.5.Tutumlar\u0131n \u0130\u015flevleri 2.6. Muhasebe Derslerine Kar\u015f\u0131 Tutum \u00dc\u00e7\u00fcnc\u00fc B\u00f6l\u00fcm 3.     3.1.\u00d6\u011frenme Stillerini Konu Alan \u00c7al\u0131\u015fmalar 3.2.Tutumu Konu Alan \u00c7al\u0131\u015fmalar 3.3.\u00d6\u011frenme Stili ile Tutum Aras\u0131ndaki \u0130li\u015fkiyi Konu Alan \u00c7al\u0131\u015fmalar D\u00f6rd\u00fcnc\u00fc B\u00f6l\u00fcm \u2013 Muhasebe E\u011fitimi Alan \u00d6\u011frencilerin \u00d6\u011frenme Stillerinin Muhasebe Derslerine Y\u00f6nelik Tutumlar\u0131na Etkisi 4.     4.1.\u00c7al\u0131\u015fman\u0131n \u00d6nemi ve Amac\u0131 4.2.\u00c7al\u0131\u015fman\u0131n Evreni ve \u00d6rneklem 4.3.Veri Toplama Arac\u0131 4.4.Verilerin \u00c7\u00f6z\u00fcmlenmesi 4.5.Bulgular <\/p>\n","protected":false},"excerpt":{"rendered":"<p>Birinci B\u00f6l\u00fcm \u2013 \u00d6\u011frenme Stilleri 1.1.\u00d6\u011frenme Stillerinin Tan\u0131m\u0131 1.2.\u00d6\u011frenme Stilleri \u0130kinci B\u00f6l\u00fcm \u2013 Tutum 2. 2.1.Tutumun Tan\u0131m\u0131 2.2.Tutumlar\u0131n \u00d6zellikleri 2.3.Tutumu Olu\u015fturan \u00d6geler 2.4.Tutumlar\u0131n Olu\u015fmas\u0131 2.5.Tutumlar\u0131n \u0130\u015flevleri<span class=\"excerpt-hellip\"> [\u2026]<\/span><\/p>\n","protected":false},"featured_media":0,"template":"","meta":{"_monsterinsights_skip_tracking":false,"_monsterinsights_sitenote_active":false,"_monsterinsights_sitenote_note":"","_monsterinsights_sitenote_category":0},"product_brand":[],"product_cat":[13043,14381],"product_tag":[],"class_list":{"0":"post-728543","1":"product","2":"type-product","3":"status-publish","5":"product_cat-ekonomi","6":"product_cat-isletme-muhasebe-maliye","7":"pa_cilt-ciltsiz","8":"pa_tur-kitap","9":"pa_yayinevi-gazi-kitabevi","10":"pa_yazar-gazi-kitabevi-kolektif","12":"first","13":"instock","14":"sale","15":"shipping-taxable","16":"purchasable","17":"product-type-simple"},"_links":{"self":[{"href":"https:\/\/roveyayinevi.com.tr\/index.php\/wp-json\/wp\/v2\/product\/728543","targetHints":{"allow":["GET"]}}],"collection":[{"href":"https:\/\/roveyayinevi.com.tr\/index.php\/wp-json\/wp\/v2\/product"}],"about":[{"href":"https:\/\/roveyayinevi.com.tr\/index.php\/wp-json\/wp\/v2\/types\/product"}],"wp:attachment":[{"href":"https:\/\/roveyayinevi.com.tr\/index.php\/wp-json\/wp\/v2\/media?parent=728543"}],"wp:term":[{"taxonomy":"product_brand","embeddable":true,"href":"https:\/\/roveyayinevi.com.tr\/index.php\/wp-json\/wp\/v2\/product_brand?post=728543"},{"taxonomy":"product_cat","embeddable":true,"href":"https:\/\/roveyayinevi.com.tr\/index.php\/wp-json\/wp\/v2\/product_cat?post=728543"},{"taxonomy":"product_tag","embeddable":true,"href":"https:\/\/roveyayinevi.com.tr\/index.php\/wp-json\/wp\/v2\/product_tag?post=728543"}],"curies":[{"name":"wp","href":"https:\/\/api.w.org\/{rel}","templated":true}]}}