{"id":728542,"date":"2025-08-27T20:41:13","date_gmt":"2025-08-27T17:41:13","guid":{"rendered":"https:\/\/roveyayinevi.com.tr\/index.php\/urun\/otel-isletmelerinde-pygmalion-etkisi\/"},"modified":"2026-04-16T02:36:31","modified_gmt":"2026-04-15T23:36:31","slug":"otel-isletmelerinde-pygmalion-etkisi","status":"publish","type":"product","link":"https:\/\/roveyayinevi.com.tr\/index.php\/urun\/otel-isletmelerinde-pygmalion-etkisi\/","title":{"rendered":"Otel \u0130\u015fletmelerinde Pygmal\u0131on Etkisi"},"content":{"rendered":"<p>B\u00f6l\u00fcm I- Turizm Sekt\u00f6r\u00fc, Otel \u0130\u015fletmeleri ve Pygmalion Etkisi 1.1.Turizm Sekt\u00f6r\u00fcnde Geli\u015fmeler ve Otel \u0130\u015fletmeleri B\u00f6l\u00fcm II \u2013 Liderlik Kavram\u0131 ve Pygmalion Liderlik Tipi 2.     2.1.Liderlik Kavram\u0131 ve Kapsam\u0131 B\u00f6l\u00fcm III \u2013 Pygmalion Etkisinin Otel \u0130\u015fletmelerinde Uygulanmas\u0131 3.   3.1.Ara\u015ft\u0131rma Problemi 3.2. Ara\u015ft\u0131rman\u0131n Amac\u0131 ve Hipotezleri 3.3. Ara\u015ft\u0131rman\u0131n \u00d6nemi 3.4. Ara\u015ft\u0131rman\u0131n Varsay\u0131m ve S\u0131n\u0131rl\u0131l\u0131klar\u0131 3.5. Ara\u015ft\u0131rman\u0131n Modeli 3.6. Evren ve \u00d6rneklem 3.7. Veri Toplama Y\u00f6ntemi 3.8. Verilerin Analizi 3.9. Bulgular <\/p>\n","protected":false},"excerpt":{"rendered":"<p>B\u00f6l\u00fcm I- Turizm Sekt\u00f6r\u00fc, Otel \u0130\u015fletmeleri ve Pygmalion Etkisi 1.1.Turizm Sekt\u00f6r\u00fcnde Geli\u015fmeler ve Otel \u0130\u015fletmeleri B\u00f6l\u00fcm II \u2013 Liderlik Kavram\u0131 ve Pygmalion Liderlik Tipi 2. 2.1.Liderlik<span class=\"excerpt-hellip\"> [\u2026]<\/span><\/p>\n","protected":false},"featured_media":0,"template":"","meta":{"_monsterinsights_skip_tracking":false,"_monsterinsights_sitenote_active":false,"_monsterinsights_sitenote_note":"","_monsterinsights_sitenote_category":0},"product_brand":[],"product_cat":[20333,13043],"product_tag":[],"class_list":{"0":"post-728542","1":"product","2":"type-product","3":"status-publish","5":"product_cat-diger-ekonomi","6":"product_cat-ekonomi","7":"pa_cilt-ciltsiz","8":"pa_tur-kitap","9":"pa_yayinevi-gazi-kitabevi","10":"pa_yazar-ummuhan-bayram","12":"first","13":"instock","14":"sale","15":"shipping-taxable","16":"purchasable","17":"product-type-simple"},"_links":{"self":[{"href":"https:\/\/roveyayinevi.com.tr\/index.php\/wp-json\/wp\/v2\/product\/728542","targetHints":{"allow":["GET"]}}],"collection":[{"href":"https:\/\/roveyayinevi.com.tr\/index.php\/wp-json\/wp\/v2\/product"}],"about":[{"href":"https:\/\/roveyayinevi.com.tr\/index.php\/wp-json\/wp\/v2\/types\/product"}],"wp:attachment":[{"href":"https:\/\/roveyayinevi.com.tr\/index.php\/wp-json\/wp\/v2\/media?parent=728542"}],"wp:term":[{"taxonomy":"product_brand","embeddable":true,"href":"https:\/\/roveyayinevi.com.tr\/index.php\/wp-json\/wp\/v2\/product_brand?post=728542"},{"taxonomy":"product_cat","embeddable":true,"href":"https:\/\/roveyayinevi.com.tr\/index.php\/wp-json\/wp\/v2\/product_cat?post=728542"},{"taxonomy":"product_tag","embeddable":true,"href":"https:\/\/roveyayinevi.com.tr\/index.php\/wp-json\/wp\/v2\/product_tag?post=728542"}],"curies":[{"name":"wp","href":"https:\/\/api.w.org\/{rel}","templated":true}]}}