{"id":728541,"date":"2025-08-27T20:41:13","date_gmt":"2025-08-27T17:41:13","guid":{"rendered":"https:\/\/roveyayinevi.com.tr\/index.php\/urun\/endustri-4-0in-rekabet-stratejileri-ve-pazar-performansi-iliskisindeki-rolu\/"},"modified":"2026-04-16T02:36:31","modified_gmt":"2026-04-15T23:36:31","slug":"endustri-4-0in-rekabet-stratejileri-ve-pazar-performansi-iliskisindeki-rolu","status":"publish","type":"product","link":"https:\/\/roveyayinevi.com.tr\/index.php\/urun\/endustri-4-0in-rekabet-stratejileri-ve-pazar-performansi-iliskisindeki-rolu\/","title":{"rendered":"End\u00fcstri 4.0&#8217;\u0131n Rekabet Stratejileri ve Pazar Performans\u0131 \u0130li\u015fkisindeki Rol\u00fc"},"content":{"rendered":"<p>1.1Giri\u015f 2.     2.1.Kuramsal \u00c7er\u00e7eve 2.2.De\u011fi\u015fkenler Aras\u0131 \u0130li\u015fkilere Y\u00f6nelik Literat\u00fcr Taramas\u0131 3.     3.1.Ara\u015ft\u0131rman\u0131n Amac\u0131n\u0131n Tan\u0131m\u0131 ve \u00d6nemi 3.2.Ara\u015ft\u0131rman\u0131n K\u0131s\u0131tl\u0131l\u0131klar\u0131 3.3.Ara\u015ft\u0131rman\u0131n \u00d6l\u00e7ekleri 3.4.Ara\u015ft\u0131rman\u0131n \u00d6rneklemi ve Verilerin Toplanmas\u0131 3.5.Ara\u015ft\u0131rma Modeli ve Hipotezler 3.6.Fakt\u00f6r Analizi 3.7.\u00d6l\u00e7eklerin Yap\u0131 Ge\u00e7erlili\u011fi ve G\u00fcvenilirli\u011fi 4.     4.1.Ara\u015ft\u0131rman\u0131n \u00d6rneklemine \u0130li\u015fkin Temel \u00d6zellikleri 4.2.Ara\u015ft\u0131rman\u0131n Kavramsal Modeline \u0130li\u015fkin Yap\u0131sal E\u015fitlik Modelinin De\u011ferlendirilmesi 4.3.Arac\u0131 Etki Analizleri <\/p>\n","protected":false},"excerpt":{"rendered":"<p>1.1Giri\u015f 2. 2.1.Kuramsal \u00c7er\u00e7eve 2.2.De\u011fi\u015fkenler Aras\u0131 \u0130li\u015fkilere Y\u00f6nelik Literat\u00fcr Taramas\u0131 3. 3.1.Ara\u015ft\u0131rman\u0131n Amac\u0131n\u0131n Tan\u0131m\u0131 ve \u00d6nemi 3.2.Ara\u015ft\u0131rman\u0131n K\u0131s\u0131tl\u0131l\u0131klar\u0131 3.3.Ara\u015ft\u0131rman\u0131n \u00d6l\u00e7ekleri 3.4.Ara\u015ft\u0131rman\u0131n \u00d6rneklemi ve Verilerin Toplanmas\u0131 3.5.Ara\u015ft\u0131rma<span class=\"excerpt-hellip\"> [\u2026]<\/span><\/p>\n","protected":false},"featured_media":0,"template":"","meta":{"_monsterinsights_skip_tracking":false,"_monsterinsights_sitenote_active":false,"_monsterinsights_sitenote_note":"","_monsterinsights_sitenote_category":0},"product_brand":[],"product_cat":[13043,14381],"product_tag":[],"class_list":{"0":"post-728541","1":"product","2":"type-product","3":"status-publish","5":"product_cat-ekonomi","6":"product_cat-isletme-muhasebe-maliye","7":"pa_cilt-ciltsiz","8":"pa_tur-kitap","9":"pa_yayinevi-gazi-kitabevi","10":"pa_yazar-tarik-ziyad-celik","12":"first","13":"instock","14":"sale","15":"shipping-taxable","16":"purchasable","17":"product-type-simple"},"_links":{"self":[{"href":"https:\/\/roveyayinevi.com.tr\/index.php\/wp-json\/wp\/v2\/product\/728541","targetHints":{"allow":["GET"]}}],"collection":[{"href":"https:\/\/roveyayinevi.com.tr\/index.php\/wp-json\/wp\/v2\/product"}],"about":[{"href":"https:\/\/roveyayinevi.com.tr\/index.php\/wp-json\/wp\/v2\/types\/product"}],"wp:attachment":[{"href":"https:\/\/roveyayinevi.com.tr\/index.php\/wp-json\/wp\/v2\/media?parent=728541"}],"wp:term":[{"taxonomy":"product_brand","embeddable":true,"href":"https:\/\/roveyayinevi.com.tr\/index.php\/wp-json\/wp\/v2\/product_brand?post=728541"},{"taxonomy":"product_cat","embeddable":true,"href":"https:\/\/roveyayinevi.com.tr\/index.php\/wp-json\/wp\/v2\/product_cat?post=728541"},{"taxonomy":"product_tag","embeddable":true,"href":"https:\/\/roveyayinevi.com.tr\/index.php\/wp-json\/wp\/v2\/product_tag?post=728541"}],"curies":[{"name":"wp","href":"https:\/\/api.w.org\/{rel}","templated":true}]}}