{"id":728540,"date":"2025-08-27T20:41:12","date_gmt":"2025-08-27T17:41:12","guid":{"rendered":"https:\/\/roveyayinevi.com.tr\/index.php\/urun\/endustri-4-0in-modern-isletmecilik-uzerine-etkileri\/"},"modified":"2026-04-16T02:36:31","modified_gmt":"2026-04-15T23:36:31","slug":"endustri-4-0in-modern-isletmecilik-uzerine-etkileri","status":"publish","type":"product","link":"https:\/\/roveyayinevi.com.tr\/index.php\/urun\/endustri-4-0in-modern-isletmecilik-uzerine-etkileri\/","title":{"rendered":"End\u00fcstri 4.0&#8217;\u0131n Modern \u0130\u015fletmecilik \u00dczerine Etkileri"},"content":{"rendered":"<p>B\u00f6l\u00fcm 1 End\u00fcstri 4.0\u2019da Makine ve \u00c7al\u0131\u015fanlar\u0131n \u00d6\u011frenmesi B\u00f6l\u00fcm 2 End\u00fcstri 4.0 Kapsam\u0131nda Bilgi \u00c7al\u0131\u015fanlar\u0131n\u0131n Yeni Yetkinlikleri B\u00f6l\u00fcm 3 End\u00fcstri 4.0\u2019\u0131n Y\u00f6netim Bili\u015fim Sistemleri \u00dczerine Etkileri B\u00f6l\u00fcm 4 End\u00fcstri 4.0\u2019\u0131n \u0130\u015f Modelleri \u00dczerine Etkileri B\u00f6l\u00fcm 5 Tedarik Zinciri Y\u00f6netiminde Dijital E\u011filimler: Genel Bir Bak\u0131\u015f B\u00f6l\u00fcm 6 B\u00fcy\u00fck Verinin Pazarlama Stratejileri \u00dczerine Etkileri B\u00f6l\u00fcm 7 Pazarlamada Nesnelerin \u0130nterneti Teknolojisi ve Uygulamalar\u0131 B\u00f6l\u00fcm 8 Pazarlamada Art\u0131r\u0131lm\u0131\u015f Ger\u00e7eklik \u00dczerine Genel Bir De\u011ferlendirme B\u00f6l\u00fcm 9 End\u00fcstri 4.0\u2019da \u0130nsan Kaynaklar\u0131 Y\u00f6netimi B\u00f6l\u00fcm 10  End\u00fcstri 4.0\u2019da Liderlik B\u00f6l\u00fcm 11 End\u00fcstri 4.0\u2019da Stratejik Y\u00f6netim Anlay\u0131\u015f\u0131 <\/p>\n","protected":false},"excerpt":{"rendered":"<p>B\u00f6l\u00fcm 1 End\u00fcstri 4.0\u2019da Makine ve \u00c7al\u0131\u015fanlar\u0131n \u00d6\u011frenmesi B\u00f6l\u00fcm 2 End\u00fcstri 4.0 Kapsam\u0131nda Bilgi \u00c7al\u0131\u015fanlar\u0131n\u0131n Yeni Yetkinlikleri B\u00f6l\u00fcm 3 End\u00fcstri 4.0\u2019\u0131n Y\u00f6netim Bili\u015fim Sistemleri \u00dczerine Etkileri<span class=\"excerpt-hellip\"> [\u2026]<\/span><\/p>\n","protected":false},"featured_media":0,"template":"","meta":{"_monsterinsights_skip_tracking":false,"_monsterinsights_sitenote_active":false,"_monsterinsights_sitenote_note":"","_monsterinsights_sitenote_category":0},"product_brand":[],"product_cat":[13043,14381],"product_tag":[],"class_list":{"0":"post-728540","1":"product","2":"type-product","3":"status-publish","5":"product_cat-ekonomi","6":"product_cat-isletme-muhasebe-maliye","7":"pa_cilt-ciltsiz","8":"pa_tur-kitap","9":"pa_yayinevi-gazi-kitabevi","10":"pa_yazar-gazi-kitabevi-kolektif","12":"first","13":"instock","14":"sale","15":"shipping-taxable","16":"purchasable","17":"product-type-simple"},"_links":{"self":[{"href":"https:\/\/roveyayinevi.com.tr\/index.php\/wp-json\/wp\/v2\/product\/728540","targetHints":{"allow":["GET"]}}],"collection":[{"href":"https:\/\/roveyayinevi.com.tr\/index.php\/wp-json\/wp\/v2\/product"}],"about":[{"href":"https:\/\/roveyayinevi.com.tr\/index.php\/wp-json\/wp\/v2\/types\/product"}],"wp:attachment":[{"href":"https:\/\/roveyayinevi.com.tr\/index.php\/wp-json\/wp\/v2\/media?parent=728540"}],"wp:term":[{"taxonomy":"product_brand","embeddable":true,"href":"https:\/\/roveyayinevi.com.tr\/index.php\/wp-json\/wp\/v2\/product_brand?post=728540"},{"taxonomy":"product_cat","embeddable":true,"href":"https:\/\/roveyayinevi.com.tr\/index.php\/wp-json\/wp\/v2\/product_cat?post=728540"},{"taxonomy":"product_tag","embeddable":true,"href":"https:\/\/roveyayinevi.com.tr\/index.php\/wp-json\/wp\/v2\/product_tag?post=728540"}],"curies":[{"name":"wp","href":"https:\/\/api.w.org\/{rel}","templated":true}]}}