{"id":728539,"date":"2025-08-27T20:41:11","date_gmt":"2025-08-27T17:41:11","guid":{"rendered":"https:\/\/roveyayinevi.com.tr\/index.php\/urun\/ekonomik-krizlerde-borc-deflasyonu-olgusu-mucadele-yontemleri-makro-ve-finansal-degiskenler-uzerindeki-etkileri\/"},"modified":"2026-04-16T02:36:31","modified_gmt":"2026-04-15T23:36:31","slug":"ekonomik-krizlerde-borc-deflasyonu-olgusu-mucadele-yontemleri-makro-ve-finansal-degiskenler-uzerindeki-etkileri","status":"publish","type":"product","link":"https:\/\/roveyayinevi.com.tr\/index.php\/urun\/ekonomik-krizlerde-borc-deflasyonu-olgusu-mucadele-yontemleri-makro-ve-finansal-degiskenler-uzerindeki-etkileri\/","title":{"rendered":"Ekonomik Krizlerde Bor\u00e7 Deflasyonu Olgusu M\u00fccadele Y\u00f6ntemleri Makro ve Finansal De\u011fi\u015fkenler \u00dczerindeki Etkileri"},"content":{"rendered":"<p>1.Ekonomik Kriz Ve Bor\u00e7 Deflasyonu 1.1.Ekonomik Kriz Modelleri 1.2.Tarihte Ya\u015fanm\u0131\u015f \u00d6nemli Ekonomik Krizler(20 ve 21. YY) 1.3.Deflasyon Olgusunun Tan\u0131m\u0131, Tarih\u00e7esi ve \u00d6nemi 1.4.\u0130ktisat\u00e7\u0131lar\u0131n Bor\u00e7 Deflasyonuna Bak\u0131\u015f A\u00e7\u0131lar\u0131 1.5.Davran\u0131\u015fsal \u0130ktisad\u0131n Teorideki Yeri 1.6.\u00d6zel Sekt\u00f6r ve Kamu Borcu Aras\u0131ndaki \u0130li\u015fki 1.7.Bor\u00e7 Deflasyonunu Ortaya \u00c7\u0131karan Nedenler 1.8.Bor\u00e7 Deflasyonunun Etkileri 1.9.Bor\u00e7 Deflasyonu S\u00fcrecinde Bankalar\u0131n ve Kurumsal Akt\u00f6rlerin Rol\u00fc 2.Reflasyonist Para-Maliye Politikalar\u0131 Ve Yap\u0131sal D\u00fczenlemeler 2.1.Reflasyon Politikalar\u0131 ve \u00d6nemi 2.2.D\u00fcnyada ve T\u00fcrkiye\u2019de Para ve Maliye Politikalar\u0131n\u0131n Tarihsel Geli\u015fimi 2.3.Farkl\u0131 \u0130ktisat Ekollerinin Para ve Maliye Politikalar\u0131na Yakla\u015f\u0131m\u0131 2.4.Para \u2013 Maliye Politikalar\u0131 ve Yap\u0131sal D\u00fczenlemeler 3.Literat\u00fcr Ve Makro \u2013 Ekonometrik Analiz 3.1.Literat\u00fcr \u0130ncelemesi 3.2.Kar\u015f\u0131la\u015ft\u0131rmal\u0131 Makro Analiz 3.3.Ekonometrik Analiz 4.Tart\u0131\u015fma ve Sonu\u00e7 5.Kaynaklar 6.Ekler <\/p>\n","protected":false},"excerpt":{"rendered":"<p>1.Ekonomik Kriz Ve Bor\u00e7 Deflasyonu 1.1.Ekonomik Kriz Modelleri 1.2.Tarihte Ya\u015fanm\u0131\u015f \u00d6nemli Ekonomik Krizler(20 ve 21. YY) 1.3.Deflasyon Olgusunun Tan\u0131m\u0131, Tarih\u00e7esi ve \u00d6nemi 1.4.\u0130ktisat\u00e7\u0131lar\u0131n Bor\u00e7 Deflasyonuna Bak\u0131\u015f<span class=\"excerpt-hellip\"> [\u2026]<\/span><\/p>\n","protected":false},"featured_media":0,"template":"","meta":{"_monsterinsights_skip_tracking":false,"_monsterinsights_sitenote_active":false,"_monsterinsights_sitenote_note":"","_monsterinsights_sitenote_category":0},"product_brand":[],"product_cat":[20333,13043],"product_tag":[],"class_list":{"0":"post-728539","1":"product","2":"type-product","3":"status-publish","5":"product_cat-diger-ekonomi","6":"product_cat-ekonomi","7":"pa_cilt-ciltsiz","8":"pa_tur-kitap","9":"pa_yayinevi-gazi-kitabevi","10":"pa_yazar-hamit-ozman","12":"first","13":"instock","14":"sale","15":"shipping-taxable","16":"purchasable","17":"product-type-simple"},"_links":{"self":[{"href":"https:\/\/roveyayinevi.com.tr\/index.php\/wp-json\/wp\/v2\/product\/728539","targetHints":{"allow":["GET"]}}],"collection":[{"href":"https:\/\/roveyayinevi.com.tr\/index.php\/wp-json\/wp\/v2\/product"}],"about":[{"href":"https:\/\/roveyayinevi.com.tr\/index.php\/wp-json\/wp\/v2\/types\/product"}],"wp:attachment":[{"href":"https:\/\/roveyayinevi.com.tr\/index.php\/wp-json\/wp\/v2\/media?parent=728539"}],"wp:term":[{"taxonomy":"product_brand","embeddable":true,"href":"https:\/\/roveyayinevi.com.tr\/index.php\/wp-json\/wp\/v2\/product_brand?post=728539"},{"taxonomy":"product_cat","embeddable":true,"href":"https:\/\/roveyayinevi.com.tr\/index.php\/wp-json\/wp\/v2\/product_cat?post=728539"},{"taxonomy":"product_tag","embeddable":true,"href":"https:\/\/roveyayinevi.com.tr\/index.php\/wp-json\/wp\/v2\/product_tag?post=728539"}],"curies":[{"name":"wp","href":"https:\/\/api.w.org\/{rel}","templated":true}]}}