{"id":728537,"date":"2025-08-27T20:41:10","date_gmt":"2025-08-27T17:41:10","guid":{"rendered":"https:\/\/roveyayinevi.com.tr\/index.php\/urun\/21-yuzyilda-petrol-ve-dogal-gaz-muhendisligi\/"},"modified":"2026-04-16T02:36:31","modified_gmt":"2026-04-15T23:36:31","slug":"21-yuzyilda-petrol-ve-dogal-gaz-muhendisligi","status":"publish","type":"product","link":"https:\/\/roveyayinevi.com.tr\/index.php\/urun\/21-yuzyilda-petrol-ve-dogal-gaz-muhendisligi\/","title":{"rendered":"21. Y\u00fczy\u0131lda Petrol ve Do\u011fal Gaz M\u00fchendisli\u011fi"},"content":{"rendered":"<p>1.B\u00f6l\u00fcm \u2013 Petrol ve Do\u011fal Gaz End\u00fcstrisi,  M\u00fchendislik E\u011fitimi, \u00c7al\u0131\u015fma Alanlar\u0131 ve Ko\u015fullar\u0131 2. B\u00f6l\u00fcm \u2013 Yeni Sondaj Teknolojileri ve Uygulamalar\u0131 3.B\u00f6l\u00fcm \u2013 Yeni Nesil Kuyu Loglar\u0131 4.B\u00f6l\u00fcm \u2013 Hidrolik \u00c7atlatma ve Asitle \u00c7atlatma Teknolojileri 5.B\u00f6l\u00fcm \u2013 Geleneksel Olmayan Kaynaklar I: \u015eeyl Gaz\u0131 ve \u015eeyl Petrol\u00fc 6.B\u00f6l\u00fcm \u2013 Geleneksel Olmayan Kaynaklar II: Gaz Hidratlar ve K\u00f6m\u00fcr Yata\u011f\u0131 Metan\u0131 7.B\u00f6l\u00fcm \u2013 Geli\u015ftirilmi\u015f Petrol Kurtar\u0131m\u0131 8.B\u00f6l\u00fcm \u2013 Petrol ve Do\u011fal Gaz M\u00fchendisli\u011fi\u2019nde Yapay Zeka Uygulamalar\u0131 9.B\u00f6l\u00fcm \u2013 Petrol ve Do\u011fal Gaz Ekonomisi, Ticareti, Arama ve \u00dcretim Kontratlar\u0131 10.B\u00f6l\u00fcm \u2013 T\u00fcrk Petrol Mevzuat\u0131 ve Petrol Sekt\u00f6r\u00fc Faaliyetleri 11.B\u00f6l\u00fcm \u2013 Yenilenebilir Enerjiye Y\u00f6nelim ve Sakl\u0131 Kaynak Yer Alt\u0131 G\u00fcne\u015fi: Jeotermal Enerji <\/p>\n","protected":false},"excerpt":{"rendered":"<p>1.B\u00f6l\u00fcm \u2013 Petrol ve Do\u011fal Gaz End\u00fcstrisi, M\u00fchendislik E\u011fitimi, \u00c7al\u0131\u015fma Alanlar\u0131 ve Ko\u015fullar\u0131 2. B\u00f6l\u00fcm \u2013 Yeni Sondaj Teknolojileri ve Uygulamalar\u0131 3.B\u00f6l\u00fcm \u2013 Yeni Nesil Kuyu<span class=\"excerpt-hellip\"> [\u2026]<\/span><\/p>\n","protected":false},"featured_media":0,"template":"","meta":{"_monsterinsights_skip_tracking":false,"_monsterinsights_sitenote_active":false,"_monsterinsights_sitenote_note":"","_monsterinsights_sitenote_category":0},"product_brand":[],"product_cat":[12573,12566],"product_tag":[],"class_list":{"0":"post-728537","1":"product","2":"type-product","3":"status-publish","5":"product_cat-akademik-kitaplar","6":"product_cat-egitim","7":"pa_cilt-ciltsiz","8":"pa_tur-kitap","9":"pa_yayinevi-gazi-kitabevi","10":"pa_yazar-murat-fatih-tugan-okan-yardimci","12":"first","13":"instock","14":"sale","15":"shipping-taxable","16":"purchasable","17":"product-type-simple"},"_links":{"self":[{"href":"https:\/\/roveyayinevi.com.tr\/index.php\/wp-json\/wp\/v2\/product\/728537","targetHints":{"allow":["GET"]}}],"collection":[{"href":"https:\/\/roveyayinevi.com.tr\/index.php\/wp-json\/wp\/v2\/product"}],"about":[{"href":"https:\/\/roveyayinevi.com.tr\/index.php\/wp-json\/wp\/v2\/types\/product"}],"wp:attachment":[{"href":"https:\/\/roveyayinevi.com.tr\/index.php\/wp-json\/wp\/v2\/media?parent=728537"}],"wp:term":[{"taxonomy":"product_brand","embeddable":true,"href":"https:\/\/roveyayinevi.com.tr\/index.php\/wp-json\/wp\/v2\/product_brand?post=728537"},{"taxonomy":"product_cat","embeddable":true,"href":"https:\/\/roveyayinevi.com.tr\/index.php\/wp-json\/wp\/v2\/product_cat?post=728537"},{"taxonomy":"product_tag","embeddable":true,"href":"https:\/\/roveyayinevi.com.tr\/index.php\/wp-json\/wp\/v2\/product_tag?post=728537"}],"curies":[{"name":"wp","href":"https:\/\/api.w.org\/{rel}","templated":true}]}}