{"id":728536,"date":"2025-08-27T20:41:09","date_gmt":"2025-08-27T17:41:09","guid":{"rendered":"https:\/\/roveyayinevi.com.tr\/index.php\/urun\/hayvan-ciftligi-8\/"},"modified":"2026-04-16T02:36:31","modified_gmt":"2026-04-15T23:36:31","slug":"hayvan-ciftligi-8","status":"publish","type":"product","link":"https:\/\/roveyayinevi.com.tr\/index.php\/urun\/hayvan-ciftligi-8\/","title":{"rendered":"Hayvan \u00c7iftli\u011fi"},"content":{"rendered":"<p>Hayvan \u00c7iftli\u011fi  y\u00fczlerce a\u00e7\u0131dan modern idrakimizi tetikliyor ve bizimle kimi ba\u011flar kurmay\u0131 ba\u015far\u0131yor; yirminci y\u00fczy\u0131l tarihinin de\u011fi\u015fen siyasi ve ahlaki labirentlerinde yolumuzu bulmaya \u00e7al\u0131\u015f\u0131rken, bu g\u00f6r\u00fcn\u00fc\u015fte basit fakat mahir fabl h\u00e2l\u00e2 bize dair bir \u015feyler anlat\u0131yor. Her ne kadar, hem Britanya \u00e7iftliklerinden hem de kolayca ay\u0131rt edilen o geleneksel  \u00f6zg\u00fcrl\u00fck ve namus duygular\u0131ndan dem vurmas\u0131yla tam bir \u0130ngiliz kitab\u0131 olarak kalsa da, ne bi\u00e7imsel anlamda a\u015f\u0131r\u0131ya ka\u00e7\u0131yor ne de ahlaki te\u015fviklerinde beklenmedik bir yere g\u00f6t\u00fcr\u00fcyor, kitab\u0131n anlam\u0131 \u00e7a\u011fda\u015f tarihe ve d\u00fcnya k\u00fclt\u00fcr\u00fcne uzan\u0131yor; hepimiz bir Hayvan \u00c7iftli\u011fi\u2019nde ya da sonunda tekrar ba\u015fa d\u00f6nd\u00fc\u011f\u00fc haliyle Manor \u00c7iftli\u011fi\u2019ne yak\u0131n bir yerlerde ya\u015fad\u0131k ya da ya\u015fama riskine maruz kal\u0131yoruz. Bu kitap en muhte\u015fem modern siyasi alegorilerden biridir; masum ve gerekli bir devrimin diktat\u00f6rl\u00fc\u011fe ve ihanete d\u00f6n\u00fc\u015fmesinin anlat\u0131ld\u0131\u011f\u0131 bu hik\u00e2ye, yaln\u0131zca \u00e7arp\u0131c\u0131 bir siyasi zek\u00e2n\u0131n \u00fcr\u00fcn\u00fc de\u011fil, temel \u00f6nem ta\u015f\u0131yan, modern bir mittir de&#8230;&#8221; <\/p>\n","protected":false},"excerpt":{"rendered":"<p>Hayvan \u00c7iftli\u011fi y\u00fczlerce a\u00e7\u0131dan modern idrakimizi tetikliyor ve bizimle kimi ba\u011flar kurmay\u0131 ba\u015far\u0131yor; yirminci y\u00fczy\u0131l tarihinin de\u011fi\u015fen siyasi ve ahlaki labirentlerinde yolumuzu bulmaya \u00e7al\u0131\u015f\u0131rken, bu g\u00f6r\u00fcn\u00fc\u015fte<span class=\"excerpt-hellip\"> [\u2026]<\/span><\/p>\n","protected":false},"featured_media":0,"template":"","meta":{"_monsterinsights_skip_tracking":false,"_monsterinsights_sitenote_active":false,"_monsterinsights_sitenote_note":"","_monsterinsights_sitenote_category":0},"product_brand":[],"product_cat":[12291,12711],"product_tag":[],"class_list":{"0":"post-728536","1":"product","2":"type-product","3":"status-publish","5":"product_cat-edebiyat","6":"product_cat-roman-oyku","7":"pa_cilt-ciltsiz","8":"pa_tur-kitap","9":"pa_yayinevi-ayrinti-yayinlari","10":"pa_yazar-george-orwell","12":"first","13":"instock","14":"sale","15":"shipping-taxable","16":"purchasable","17":"product-type-simple"},"_links":{"self":[{"href":"https:\/\/roveyayinevi.com.tr\/index.php\/wp-json\/wp\/v2\/product\/728536","targetHints":{"allow":["GET"]}}],"collection":[{"href":"https:\/\/roveyayinevi.com.tr\/index.php\/wp-json\/wp\/v2\/product"}],"about":[{"href":"https:\/\/roveyayinevi.com.tr\/index.php\/wp-json\/wp\/v2\/types\/product"}],"wp:attachment":[{"href":"https:\/\/roveyayinevi.com.tr\/index.php\/wp-json\/wp\/v2\/media?parent=728536"}],"wp:term":[{"taxonomy":"product_brand","embeddable":true,"href":"https:\/\/roveyayinevi.com.tr\/index.php\/wp-json\/wp\/v2\/product_brand?post=728536"},{"taxonomy":"product_cat","embeddable":true,"href":"https:\/\/roveyayinevi.com.tr\/index.php\/wp-json\/wp\/v2\/product_cat?post=728536"},{"taxonomy":"product_tag","embeddable":true,"href":"https:\/\/roveyayinevi.com.tr\/index.php\/wp-json\/wp\/v2\/product_tag?post=728536"}],"curies":[{"name":"wp","href":"https:\/\/api.w.org\/{rel}","templated":true}]}}