{"id":728535,"date":"2025-08-27T20:41:08","date_gmt":"2025-08-27T17:41:08","guid":{"rendered":"https:\/\/roveyayinevi.com.tr\/index.php\/urun\/1984-5\/"},"modified":"2026-04-16T02:36:31","modified_gmt":"2026-04-15T23:36:31","slug":"1984-5","status":"publish","type":"product","link":"https:\/\/roveyayinevi.com.tr\/index.php\/urun\/1984-5\/","title":{"rendered":"1984"},"content":{"rendered":"<p>Tarih yeniden yaz\u0131labilir, tarihteki isimler kay\u0131tlardan silinebilir, sad\u0131k i\u015f\u00e7iler mezbahaya yollanabilir ama insan haf\u0131zas\u0131 unutmaz. Tanklar meydanlara sevk edilebilir ama \u00f6yle kritik bir an gelir ki birtak\u0131m k\u00fc\u00e7\u00fck insanlar o tanklar\u0131n \u00f6n\u00fcne dikilir. Devlet liderleri, ayetullahlar, imamlar fetva vermeye devam edebilir ama ayn\u0131 anda farkl\u0131 devrim t\u00fcrleri de ger\u00e7ekle\u015febilir. Siyasi ve ahlaki a\u00e7\u0131dan b\u00fcy\u00fck bir ayd\u0131n olan George Orwell, Avrupal\u0131 ayd\u0131nlar\u0131n \u00e7o\u011fu gibi, y\u00fczy\u0131l\u0131n e\u015fitlik\u00e7i ve proleter devrime y\u00f6neldi\u011fini varsayd\u0131\u011f\u0131 bir d\u00f6nemde kitaplar\u0131n\u0131 yazm\u0131\u015ft\u0131. Bug\u00fcnse bizler y\u00fczy\u0131l\u0131n gizli devriminin belki de asl\u0131nda burjuvazinin materyal devrimi ya da giri\u015fimci topluluklar\u0131n\u0131n devrimi oldu\u011funu g\u00f6r\u00fcyoruz. Orwell\u2019\u0131n beklentisi bu de\u011fildi; b\u00f6yle bir \u015fey arzulamayaca\u011f\u0131 da kesindi. Orwell 20. y\u00fczy\u0131ldaki o bilindik umudu, yani sosyalist devrimin toplumu d\u00f6n\u00fc\u015ft\u00fcrece\u011fi ya da yeniden kuraca\u011f\u0131 umudunu ta\u015f\u0131yordu. Onun ilgilendi\u011fi nokta, devrimin onlar ad\u0131na yap\u0131ld\u0131\u011f\u0131 s\u00f6ylenen ki\u015filerin genelde devrimden fayda g\u00f6ren de\u011fil, devrimin kurbanlar\u0131 olmalar\u0131yd\u0131; bu y\u00fczden bu insanlar\u0131n g\u00f6revi iktidar d\u00fc\u015fk\u00fcn\u00fc liderlerine kar\u015f\u0131 \u00e7\u0131kmalar\u0131 ve onlar\u0131 devirmeleriydi\u2026 <\/p>\n","protected":false},"excerpt":{"rendered":"<p>Tarih yeniden yaz\u0131labilir, tarihteki isimler kay\u0131tlardan silinebilir, sad\u0131k i\u015f\u00e7iler mezbahaya yollanabilir ama insan haf\u0131zas\u0131 unutmaz. Tanklar meydanlara sevk edilebilir ama \u00f6yle kritik bir an gelir ki<span class=\"excerpt-hellip\"> [\u2026]<\/span><\/p>\n","protected":false},"featured_media":0,"template":"","meta":{"_monsterinsights_skip_tracking":false,"_monsterinsights_sitenote_active":false,"_monsterinsights_sitenote_note":"","_monsterinsights_sitenote_category":0},"product_brand":[],"product_cat":[12291,12711],"product_tag":[],"class_list":{"0":"post-728535","1":"product","2":"type-product","3":"status-publish","5":"product_cat-edebiyat","6":"product_cat-roman-oyku","7":"pa_cilt-ciltsiz","8":"pa_tur-kitap","9":"pa_yayinevi-ayrinti-yayinlari","10":"pa_yazar-george-orwell","12":"first","13":"instock","14":"sale","15":"shipping-taxable","16":"purchasable","17":"product-type-simple"},"_links":{"self":[{"href":"https:\/\/roveyayinevi.com.tr\/index.php\/wp-json\/wp\/v2\/product\/728535","targetHints":{"allow":["GET"]}}],"collection":[{"href":"https:\/\/roveyayinevi.com.tr\/index.php\/wp-json\/wp\/v2\/product"}],"about":[{"href":"https:\/\/roveyayinevi.com.tr\/index.php\/wp-json\/wp\/v2\/types\/product"}],"wp:attachment":[{"href":"https:\/\/roveyayinevi.com.tr\/index.php\/wp-json\/wp\/v2\/media?parent=728535"}],"wp:term":[{"taxonomy":"product_brand","embeddable":true,"href":"https:\/\/roveyayinevi.com.tr\/index.php\/wp-json\/wp\/v2\/product_brand?post=728535"},{"taxonomy":"product_cat","embeddable":true,"href":"https:\/\/roveyayinevi.com.tr\/index.php\/wp-json\/wp\/v2\/product_cat?post=728535"},{"taxonomy":"product_tag","embeddable":true,"href":"https:\/\/roveyayinevi.com.tr\/index.php\/wp-json\/wp\/v2\/product_tag?post=728535"}],"curies":[{"name":"wp","href":"https:\/\/api.w.org\/{rel}","templated":true}]}}