{"id":728533,"date":"2025-08-27T20:41:07","date_gmt":"2025-08-27T17:41:07","guid":{"rendered":"https:\/\/roveyayinevi.com.tr\/index.php\/urun\/toksik-aile-iliskileri\/"},"modified":"2026-04-16T02:36:31","modified_gmt":"2026-04-15T23:36:31","slug":"toksik-aile-iliskileri","status":"publish","type":"product","link":"https:\/\/roveyayinevi.com.tr\/index.php\/urun\/toksik-aile-iliskileri\/","title":{"rendered":"Toksik Aile \u0130li\u015fkileri"},"content":{"rendered":"<p>Toksik Aile \u0130li\u015fkileriAile, yani en yak\u0131n\u0131m\u0131zdakiler, iyi ve k\u00f6t\u00fc g\u00fcnlerimizde yan\u0131m\u0131zda olmas\u0131n\u0131 bekledi\u011fimiz, en g\u00fcvendiklerimiz\u2026 Ama ya en yaralay\u0131c\u0131, en sinsi k\u00f6t\u00fcl\u00fck onlardan gelirse? \u201cKutsal yuva\u201d denilen ortam asl\u0131nda zehir sa\u00e7\u0131yorsa? \u00d6rne\u011fin; S\u00f6yledi\u011finiz ya da yapt\u0131\u011f\u0131n\u0131z hi\u00e7bir \u015fey yeterli de\u011filse; M\u00fckemmel olduklar\u0131na ve asla hata yapmad\u0131klar\u0131na inan\u0131yorlarsa; \u0130lgi oda\u011f\u0131 olmak istiyorlarsa; \u00d6zel g\u00fcnleri ve olaylar\u0131 mahvediyorlarsa; Ge\u00e7mi\u015fteki yanl\u0131\u015flar\u0131n\u0131z\u0131 sizi incitmek ya da utand\u0131rmak i\u00e7in kullan\u0131yorlarsa; Kendinizi su\u00e7lu hissetmenize ve ki\u015fili\u011finizden utanman\u0131za yol a\u00e7\u0131yorlarsa; Kendinizi yenik, y\u0131pranm\u0131\u015f ve parampar\u00e7a hissetmenize yol a\u00e7\u0131yorlarsa; S\u0131n\u0131rlar\u0131n\u0131z\u0131 ihlal ediyorlarsa; Duygular\u0131n\u0131z\u0131 \u00f6nemsemiyor ve ac\u0131 \u00e7ekti\u011finizi g\u00f6rmezden geliyorlarsa; Masum olduklar\u0131na inan\u0131p, aksi y\u00f6nde herhangi bir kan\u0131t kar\u015f\u0131s\u0131nda inciniyorlarsa&#8230;Bunlara benzer \u201czehirli ili\u015fkiler\u201d kar\u015f\u0131s\u0131nda ne yapars\u0131n\u0131z? Anne ve baban\u0131z, karde\u015finiz, b\u00fcy\u00fck anne veya b\u00fcy\u00fck baban\u0131z, kay\u0131nvalideniz veya kay\u0131npederinizle ili\u015fkilerden s\u00f6z ediyoruz.Kendisi de b\u00f6yle bir aile ortam\u0131nda b\u00fcy\u00fcm\u00fc\u015f, yeti\u015fmi\u015f bir klinik psikolog olan Dr. Sherrie Campbell kendi deneyimlerinin yan\u0131 s\u0131ra dan\u0131\u015fanlar\u0131n\u0131n deneyimlerini de aktararak \u201ctoksik aile\u201d ili\u015fkilerini her y\u00f6n\u00fcyle ele al\u0131yor. Ayn\u0131 zamanda istismara, zehirlenmeye son vermenin yollar\u0131n\u0131 da g\u00f6steriyor.<\/p>\n","protected":false},"excerpt":{"rendered":"<p>Toksik Aile \u0130li\u015fkileriAile, yani en yak\u0131n\u0131m\u0131zdakiler, iyi ve k\u00f6t\u00fc g\u00fcnlerimizde yan\u0131m\u0131zda olmas\u0131n\u0131 bekledi\u011fimiz, en g\u00fcvendiklerimiz\u2026 Ama ya en yaralay\u0131c\u0131, en sinsi k\u00f6t\u00fcl\u00fck onlardan gelirse? \u201cKutsal yuva\u201d<span class=\"excerpt-hellip\"> [\u2026]<\/span><\/p>\n","protected":false},"featured_media":0,"template":"","meta":{"_monsterinsights_skip_tracking":false,"_monsterinsights_sitenote_active":false,"_monsterinsights_sitenote_note":"","_monsterinsights_sitenote_category":0},"product_brand":[],"product_cat":[12831,12324],"product_tag":[],"class_list":{"0":"post-728533","1":"product","2":"type-product","3":"status-publish","5":"product_cat-aile-ve-cocuk","6":"product_cat-sosyoloji","7":"pa_cilt-ciltsiz","8":"pa_tur-kitap","9":"pa_yayinevi-kuraldisi-yayinevi","10":"pa_yazar-sherrie-campbell","12":"first","13":"instock","14":"sale","15":"shipping-taxable","16":"purchasable","17":"product-type-simple"},"_links":{"self":[{"href":"https:\/\/roveyayinevi.com.tr\/index.php\/wp-json\/wp\/v2\/product\/728533","targetHints":{"allow":["GET"]}}],"collection":[{"href":"https:\/\/roveyayinevi.com.tr\/index.php\/wp-json\/wp\/v2\/product"}],"about":[{"href":"https:\/\/roveyayinevi.com.tr\/index.php\/wp-json\/wp\/v2\/types\/product"}],"wp:attachment":[{"href":"https:\/\/roveyayinevi.com.tr\/index.php\/wp-json\/wp\/v2\/media?parent=728533"}],"wp:term":[{"taxonomy":"product_brand","embeddable":true,"href":"https:\/\/roveyayinevi.com.tr\/index.php\/wp-json\/wp\/v2\/product_brand?post=728533"},{"taxonomy":"product_cat","embeddable":true,"href":"https:\/\/roveyayinevi.com.tr\/index.php\/wp-json\/wp\/v2\/product_cat?post=728533"},{"taxonomy":"product_tag","embeddable":true,"href":"https:\/\/roveyayinevi.com.tr\/index.php\/wp-json\/wp\/v2\/product_tag?post=728533"}],"curies":[{"name":"wp","href":"https:\/\/api.w.org\/{rel}","templated":true}]}}