{"id":728532,"date":"2025-08-27T20:41:06","date_gmt":"2025-08-27T17:41:06","guid":{"rendered":"https:\/\/roveyayinevi.com.tr\/index.php\/urun\/niye-korkayim-ki-ucaktan-ciltli\/"},"modified":"2026-04-16T02:36:31","modified_gmt":"2026-04-15T23:36:31","slug":"niye-korkayim-ki-ucaktan-ciltli","status":"publish","type":"product","link":"https:\/\/roveyayinevi.com.tr\/index.php\/urun\/niye-korkayim-ki-ucaktan-ciltli\/","title":{"rendered":"Niye Korkay\u0131m ki U\u00e7aktan (Ciltli)"},"content":{"rendered":"<p>Kahraman\u0131m\u0131z k\u00fc\u00e7\u00fck Okyanus ilk kez bir u\u00e7ak yolculu\u011funa \u00e7\u0131kmak \u00fczere&#8230; Biraz endi\u015feli. Korkuyor.\u00c7\u00fcnk\u00fc hen\u00fcz u\u00e7ak korkusunu yenmeyi nas\u0131l \u00f6\u011frenece\u011fini, bunu \u00f6\u011frenirken ayn\u0131 zamanda payla\u015f\u0131m\u0131, hayal kurma yetene\u011fini ve sorumluluk duygusunu da kazanaca\u011f\u0131n\u0131 bilmiyor. Ne dersiniz?Bu e\u011flenceli yolculu\u011fa birlikte \u00e7\u0131kal\u0131m m\u0131?<\/p>\n","protected":false},"excerpt":{"rendered":"<p>Kahraman\u0131m\u0131z k\u00fc\u00e7\u00fck Okyanus ilk kez bir u\u00e7ak yolculu\u011funa \u00e7\u0131kmak \u00fczere&#8230; Biraz endi\u015feli. Korkuyor.\u00c7\u00fcnk\u00fc hen\u00fcz u\u00e7ak korkusunu yenmeyi nas\u0131l \u00f6\u011frenece\u011fini, bunu \u00f6\u011frenirken ayn\u0131 zamanda payla\u015f\u0131m\u0131, hayal kurma<span class=\"excerpt-hellip\"> [\u2026]<\/span><\/p>\n","protected":false},"featured_media":0,"template":"","meta":{"_monsterinsights_skip_tracking":false,"_monsterinsights_sitenote_active":false,"_monsterinsights_sitenote_note":"","_monsterinsights_sitenote_category":0},"product_brand":[],"product_cat":[12913,12274],"product_tag":[],"class_list":{"0":"post-728532","1":"product","2":"type-product","3":"status-publish","5":"product_cat-3-6-yas-kitaplari","6":"product_cat-cocuk-ve-genclik-kitaplari","7":"pa_cilt-ciltli","8":"pa_tur-kitap","9":"pa_yayinevi-mavi-bulut-yayinlari","10":"pa_yazar-neslihan-dinler","12":"first","13":"instock","14":"sale","15":"shipping-taxable","16":"purchasable","17":"product-type-simple"},"_links":{"self":[{"href":"https:\/\/roveyayinevi.com.tr\/index.php\/wp-json\/wp\/v2\/product\/728532","targetHints":{"allow":["GET"]}}],"collection":[{"href":"https:\/\/roveyayinevi.com.tr\/index.php\/wp-json\/wp\/v2\/product"}],"about":[{"href":"https:\/\/roveyayinevi.com.tr\/index.php\/wp-json\/wp\/v2\/types\/product"}],"wp:attachment":[{"href":"https:\/\/roveyayinevi.com.tr\/index.php\/wp-json\/wp\/v2\/media?parent=728532"}],"wp:term":[{"taxonomy":"product_brand","embeddable":true,"href":"https:\/\/roveyayinevi.com.tr\/index.php\/wp-json\/wp\/v2\/product_brand?post=728532"},{"taxonomy":"product_cat","embeddable":true,"href":"https:\/\/roveyayinevi.com.tr\/index.php\/wp-json\/wp\/v2\/product_cat?post=728532"},{"taxonomy":"product_tag","embeddable":true,"href":"https:\/\/roveyayinevi.com.tr\/index.php\/wp-json\/wp\/v2\/product_tag?post=728532"}],"curies":[{"name":"wp","href":"https:\/\/api.w.org\/{rel}","templated":true}]}}