{"id":728530,"date":"2025-08-27T20:41:04","date_gmt":"2025-08-27T17:41:04","guid":{"rendered":"https:\/\/roveyayinevi.com.tr\/index.php\/urun\/kirlangic-sabahi\/"},"modified":"2026-04-16T02:36:31","modified_gmt":"2026-04-15T23:36:31","slug":"kirlangic-sabahi","status":"publish","type":"product","link":"https:\/\/roveyayinevi.com.tr\/index.php\/urun\/kirlangic-sabahi\/","title":{"rendered":"K\u0131rlang\u0131\u00e7 Sabah\u0131"},"content":{"rendered":"<p>\u201cAnnemin sesi kula\u011f\u0131mda: D\u00f6n\u00fcp d\u00f6n\u00fcp bakma ard\u0131na nem kald\u0131 diye. Yuvamda s\u0131ca\u011f\u0131n kald\u0131, vermem!\u201d     Hayat\u0131n \u00f6n\u00fcne ge\u00e7emedi\u011fimiz ac\u0131lar\u0131, umutla sar\u0131ld\u0131\u011f\u0131m\u0131z mutlu anlar\u0131 ve sonu gelmez s\u0131radanl\u0131klar\u0131 aras\u0131nda yol al\u0131rken kendimizle, sevdiklerimiz ve sevmediklerimizle asl\u0131nda \u201chayatla\u201d hesapla\u015fmalar\u0131m\u0131z s\u00fcr\u00fcp gidiyor.   K\u0131rlang\u0131\u00e7 Sabah\u0131 \u00f6yk\u00fcleri, bir yandan hayat\u0131n bizden daha b\u00fcy\u00fck oldu\u011funu kula\u011f\u0131m\u0131za f\u0131s\u0131ldarken di\u011fer yandan bunun aram\u0131z\u0131 a\u00e7mas\u0131n\u0131n \u201c\u00e7ocuk\u00e7a\u201d oldu\u011funu s\u00f6yl\u00fcyor. Hangi ya\u015fta olursak olal\u0131m bir \u00e7ocuk kadar b\u00fcy\u00fcmeye istekli olman\u0131n neleri de\u011fi\u015ftirebilece\u011finin hik\u00e2yesini anlat\u0131yor bize. Oldu\u011fumuz \u015feyin, tek ger\u00e7e\u011fimiz oldu\u011funu d\u00fc\u015f\u00fcnmemizin sa\u00e7mal\u0131\u011f\u0131na ger\u00e7ek insan h\u00e2lleriyle ikna ediyor bizi.   Duygular\u0131 eskitmeyen, duyarl\u0131\u011f\u0131 besleyen bir fark\u0131ndal\u0131\u011fa kucak a\u00e7t\u0131r\u0131yor. Yaralar a\u00e7\u0131l\u0131rken d\u00fc\u015f\u00fclen \u00e7aresizli\u011fi, \u00e7aresizlikte ba\u015fvurulan yollar\u0131 ve nihayetinde \u201cger\u00e7e\u011fin da\u011flar\u0131na umutsuzlukla \u00e7\u0131k\u0131lamayaca\u011f\u0131n\u0131\u201d hem i\u00e7eriden hem d\u0131\u015far\u0131dan g\u00f6rmemizi sa\u011fl\u0131yor.   Kendiyle, toplumla, hayatla sorunu olan\u0131n sadece kendisi oldu\u011funu d\u00fc\u015f\u00fcnenleri yaln\u0131z olmad\u0131\u011f\u0131na inand\u0131r\u0131rken sorunlarla ba\u015fa \u00e7\u0131kma yollar\u0131n\u0131 \u00f6\u011fretmeden g\u00f6stermeyi ba\u015far\u0131yor; hesapla\u015fmas\u0131n\u0131 b\u00fcy\u00fck s\u00f6zler s\u00f6yleme \u00e7abas\u0131na girmeden sars\u0131c\u0131 bir i\u00e7tenlikle yap\u0131yor. <\/p>\n","protected":false},"excerpt":{"rendered":"<p>\u201cAnnemin sesi kula\u011f\u0131mda: D\u00f6n\u00fcp d\u00f6n\u00fcp bakma ard\u0131na nem kald\u0131 diye. Yuvamda s\u0131ca\u011f\u0131n kald\u0131, vermem!\u201d Hayat\u0131n \u00f6n\u00fcne ge\u00e7emedi\u011fimiz ac\u0131lar\u0131, umutla sar\u0131ld\u0131\u011f\u0131m\u0131z mutlu anlar\u0131 ve sonu gelmez s\u0131radanl\u0131klar\u0131<span class=\"excerpt-hellip\"> [\u2026]<\/span><\/p>\n","protected":false},"featured_media":0,"template":"","meta":{"_monsterinsights_skip_tracking":false,"_monsterinsights_sitenote_active":false,"_monsterinsights_sitenote_note":"","_monsterinsights_sitenote_category":0},"product_brand":[],"product_cat":[12291,12711],"product_tag":[],"class_list":{"0":"post-728530","1":"product","2":"type-product","3":"status-publish","5":"product_cat-edebiyat","6":"product_cat-roman-oyku","7":"pa_cilt-ciltsiz","8":"pa_tur-kitap","9":"pa_yayinevi-epsilon-yayinlari","10":"pa_yazar-iclal-nur","12":"first","13":"instock","14":"sale","15":"shipping-taxable","16":"purchasable","17":"product-type-simple"},"_links":{"self":[{"href":"https:\/\/roveyayinevi.com.tr\/index.php\/wp-json\/wp\/v2\/product\/728530","targetHints":{"allow":["GET"]}}],"collection":[{"href":"https:\/\/roveyayinevi.com.tr\/index.php\/wp-json\/wp\/v2\/product"}],"about":[{"href":"https:\/\/roveyayinevi.com.tr\/index.php\/wp-json\/wp\/v2\/types\/product"}],"wp:attachment":[{"href":"https:\/\/roveyayinevi.com.tr\/index.php\/wp-json\/wp\/v2\/media?parent=728530"}],"wp:term":[{"taxonomy":"product_brand","embeddable":true,"href":"https:\/\/roveyayinevi.com.tr\/index.php\/wp-json\/wp\/v2\/product_brand?post=728530"},{"taxonomy":"product_cat","embeddable":true,"href":"https:\/\/roveyayinevi.com.tr\/index.php\/wp-json\/wp\/v2\/product_cat?post=728530"},{"taxonomy":"product_tag","embeddable":true,"href":"https:\/\/roveyayinevi.com.tr\/index.php\/wp-json\/wp\/v2\/product_tag?post=728530"}],"curies":[{"name":"wp","href":"https:\/\/api.w.org\/{rel}","templated":true}]}}