{"id":728529,"date":"2025-08-27T20:41:02","date_gmt":"2025-08-27T17:41:02","guid":{"rendered":"https:\/\/roveyayinevi.com.tr\/index.php\/urun\/bay-braunun-olaganustu-yolculuklari\/"},"modified":"2026-04-16T02:36:31","modified_gmt":"2026-04-15T23:36:31","slug":"bay-braunun-olaganustu-yolculuklari","status":"publish","type":"product","link":"https:\/\/roveyayinevi.com.tr\/index.php\/urun\/bay-braunun-olaganustu-yolculuklari\/","title":{"rendered":"Bay Braun&#8217;un Ola\u011fan\u00fcst\u00fc Yolculuklar\u0131"},"content":{"rendered":"<p>\u201cDaha fazlas\u0131 olabilece\u011finizi ve d\u00fcnyada bir fark yaratmak i\u00e7in muazzam kaynaklara ihtiya\u00e7 duymad\u0131\u011f\u0131n\u0131z\u0131 anlad\u0131\u011f\u0131n\u0131zda ger\u00e7ekle\u015fenlerin hik\u00e2yesidir bu. \u0130lham geldi\u011finde ya da ama\u00e7 g\u00fcden bir hayat s\u00fcrmenin bol ve kal\u0131c\u0131 m\u00fck\u00e2fatlar\u0131 oldu\u011funu fark etti\u011finizde olabileceklerin hik\u00e2yesi. Aslen benim hayat\u0131m\u0131 anlatsa da herkese ait olabilecek bir hik\u00e2ye&#8230;\u201d   Adam Braun, hen\u00fcz on alt\u0131 ya\u015f\u0131ndayken g\u00f6z\u00fcn\u00fc Wall Street\u2019e diken ve k\u0131sa s\u00fcre i\u00e7inde b\u00fcy\u00fck ba\u015far\u0131lar yakalayan gen\u00e7 bir giri\u015fimciydi. O zamanlar hayat denen \u015feyi \u201ciyi bir ev, iyi bir i\u015f ve dolu bir c\u00fczdan\u201ddan ibaret sayan Braun\u2019u sarmalayan bu basit ill\u00fczyon, Hindistan sokaklar\u0131nda bir \u00e7ocukla kar\u015f\u0131la\u015ft\u0131\u011f\u0131 an darmada\u011f\u0131n oldu:   Grubumdan ayr\u0131ld\u0131m, kocaman kahverengi g\u00f6zleri olan, \u00f6nceden dilenirken \u015fimdi tek ba\u015f\u0131na oturan bir o\u011flan \u00e7ocu\u011fu buldum. G\u00f6r\u00fcyordum, hi\u00e7bir \u015feyi yoktu&#8230; H\u00e2l b\u00f6yleyken yery\u00fcz\u00fcndeki herhangi bir \u015feye sahip olabilse en \u00e7ok neyi isterdi? Sordum. \u00c7ocuk birka\u00e7 saniye d\u00fc\u015f\u00fcnd\u00fc, sonra kendinden emin bir \u015fekilde cevap verdi: \u201cKur\u015funkalem.\u201d   Birazdan sayfalar\u0131 aras\u0131nda kaybolaca\u011f\u0131n\u0131z bu kitab\u0131n her b\u00f6l\u00fcm\u00fc bir mantrayla ba\u015flar ve hepsi, hayatta umuttan ba\u015fka bir \u015feyi olmayan o g\u00fczel g\u00f6zl\u00fc \u00e7ocu\u011fun an\u0131s\u0131na yaz\u0131lm\u0131\u015ft\u0131r. Bay Braun\u2019a b\u00fcy\u00fck bir cesaret a\u015f\u0131lay\u0131p d\u00fcnyan\u0131n en \u015fanss\u0131z co\u011frafyalar\u0131nda bir dersli\u011fe girmenin \u00f6zlemini ta\u015f\u0131yan \u00e7ocuklar i\u00e7in y\u00fczlerce okul in\u015fa ettiren o g\u00f6zlere&#8230;   Hen\u00fcz otuzlu ya\u015flar\u0131na gelmeden t\u00fcm d\u00fcnyaya ilham veren bir ba\u015far\u0131ya imza atarak be\u015f y\u00fczden fazla okul kuran ve milyonlarca \u00e7ocu\u011fa e\u011fitim hakk\u0131n\u0131 teslim eden Adam Braun, son derece \u201cs\u0131radan\u201d birinin global \u00f6l\u00e7ekte yaratabilece\u011fi s\u0131rad\u0131\u015f\u0131 de\u011fi\u015fimin canl\u0131 kan\u0131t\u0131.   Kendinde ayn\u0131 cesareti arayan t\u00fcm okurlar\u0131n elinden tutmas\u0131 dile\u011fiyle&#8230; <\/p>\n","protected":false},"excerpt":{"rendered":"<p>\u201cDaha fazlas\u0131 olabilece\u011finizi ve d\u00fcnyada bir fark yaratmak i\u00e7in muazzam kaynaklara ihtiya\u00e7 duymad\u0131\u011f\u0131n\u0131z\u0131 anlad\u0131\u011f\u0131n\u0131zda ger\u00e7ekle\u015fenlerin hik\u00e2yesidir bu. \u0130lham geldi\u011finde ya da ama\u00e7 g\u00fcden bir hayat s\u00fcrmenin<span class=\"excerpt-hellip\"> [\u2026]<\/span><\/p>\n","protected":false},"featured_media":0,"template":"","meta":{"_monsterinsights_skip_tracking":false,"_monsterinsights_sitenote_active":false,"_monsterinsights_sitenote_note":"","_monsterinsights_sitenote_category":0},"product_brand":[],"product_cat":[13701,12291],"product_tag":[],"class_list":{"0":"post-728529","1":"product","2":"type-product","3":"status-publish","5":"product_cat-ani-mektup-gunluk","6":"product_cat-edebiyat","7":"pa_cilt-ciltsiz","8":"pa_tur-kitap","9":"pa_yayinevi-epsilon-yayinlari","10":"pa_yazar-adam-braun","12":"first","13":"instock","14":"sale","15":"shipping-taxable","16":"purchasable","17":"product-type-simple"},"_links":{"self":[{"href":"https:\/\/roveyayinevi.com.tr\/index.php\/wp-json\/wp\/v2\/product\/728529","targetHints":{"allow":["GET"]}}],"collection":[{"href":"https:\/\/roveyayinevi.com.tr\/index.php\/wp-json\/wp\/v2\/product"}],"about":[{"href":"https:\/\/roveyayinevi.com.tr\/index.php\/wp-json\/wp\/v2\/types\/product"}],"wp:attachment":[{"href":"https:\/\/roveyayinevi.com.tr\/index.php\/wp-json\/wp\/v2\/media?parent=728529"}],"wp:term":[{"taxonomy":"product_brand","embeddable":true,"href":"https:\/\/roveyayinevi.com.tr\/index.php\/wp-json\/wp\/v2\/product_brand?post=728529"},{"taxonomy":"product_cat","embeddable":true,"href":"https:\/\/roveyayinevi.com.tr\/index.php\/wp-json\/wp\/v2\/product_cat?post=728529"},{"taxonomy":"product_tag","embeddable":true,"href":"https:\/\/roveyayinevi.com.tr\/index.php\/wp-json\/wp\/v2\/product_tag?post=728529"}],"curies":[{"name":"wp","href":"https:\/\/api.w.org\/{rel}","templated":true}]}}