{"id":728527,"date":"2025-08-27T20:41:00","date_gmt":"2025-08-27T17:41:00","guid":{"rendered":"https:\/\/roveyayinevi.com.tr\/index.php\/urun\/1984-4\/"},"modified":"2026-04-16T02:36:31","modified_gmt":"2026-04-15T23:36:31","slug":"1984-4","status":"publish","type":"product","link":"https:\/\/roveyayinevi.com.tr\/index.php\/urun\/1984-4\/","title":{"rendered":"1984"},"content":{"rendered":"<p>\u00d6zg\u00fcrl\u00fck iki kere ikinin d\u00f6rt etti\u011fini s\u00f6yleyebilmektir.Bu kabul edilirse gerisi \u00e7orap s\u00f6k\u00fc\u011f\u00fc gibi gelir.S\u00fcrekli sava\u015f halindeki Okyanusya \u00fclkesinin \u201cU\u00e7u\u015f Pisti Bir\u201d ismi verilen en kalabal\u0131k \u00fc\u00e7\u00fcnc\u00fc eyaletinin ba\u015fl\u0131ca \u015fehri Londra. Y\u0131l 1984. Nereye baksan\u0131z bir teleekran ve teleekrandan anbean sizi izleyen B\u00fcy\u00fck Birader. Zihninizi okuyan D\u00fc\u015f\u00fcnce Polisi ve g\u00f6r\u00fcnmezlik z\u0131rh\u0131na sar\u0131lm\u0131\u015f \u0130\u00e7 Parti y\u00f6n2etiminde, en k\u00fc\u00e7\u00fck bir bireyselli\u011fe, \u00f6zg\u00fcr d\u00fc\u015f\u00fcnce ve arzu belirtisine tahamm\u00fcl g\u00f6stermeyen mutlak bir totalitarizm. Hakikat Bakanl\u0131\u011f\u0131\u2019nda g\u00f6revli memur Winston Smith\u2019in bir eskici d\u00fckk\u00e2n\u0131ndan al\u0131p g\u00fcnceye \u00e7evirdi\u011fi k\u00fc\u00e7\u00fck defter, hat\u0131rlamaktan ve sorgulamaktan vazge\u00e7meyen bir g\u00f6zlemciye deyim yerindeyse s\u0131\u011f\u0131nak olur. Ancak Julia\u2019yla ya\u015fad\u0131\u011f\u0131 yasak a\u015fk, uyand\u0131rd\u0131\u011f\u0131 \u00f6n\u00fc al\u0131nmaz bir y\u0131k\u0131m d\u00fcrt\u00fcs\u00fcyle, onu efsanevi Karde\u015flik \u00f6rg\u00fct\u00fc ad\u0131na b\u00fcy\u00fck bir komplo giri\u015fimine s\u00fcr\u00fckler.George Orwell\u2019in 1949 y\u0131l\u0131nda, 2. D\u00fcnya Sava\u015f\u0131\u2019n\u0131n hemen sonras\u0131nda, adada inzivaya \u00e7ekilerek yazd\u0131\u011f\u0131 ve \u00f6lmeden \u00f6nce tamamlad\u0131\u011f\u0131 bu son roman\u0131, \u201cAvrupa\u2019da kalan son insan\u201d \u00fczerine muhte\u015fem bir distopya.<\/p>\n","protected":false},"excerpt":{"rendered":"<p>\u00d6zg\u00fcrl\u00fck iki kere ikinin d\u00f6rt etti\u011fini s\u00f6yleyebilmektir.Bu kabul edilirse gerisi \u00e7orap s\u00f6k\u00fc\u011f\u00fc gibi gelir.S\u00fcrekli sava\u015f halindeki Okyanusya \u00fclkesinin \u201cU\u00e7u\u015f Pisti Bir\u201d ismi verilen en kalabal\u0131k \u00fc\u00e7\u00fcnc\u00fc<span class=\"excerpt-hellip\"> [\u2026]<\/span><\/p>\n","protected":false},"featured_media":0,"template":"","meta":{"_monsterinsights_skip_tracking":false,"_monsterinsights_sitenote_active":false,"_monsterinsights_sitenote_note":"","_monsterinsights_sitenote_category":0},"product_brand":[],"product_cat":[12291,12711],"product_tag":[],"class_list":{"0":"post-728527","1":"product","2":"type-product","3":"status-publish","5":"product_cat-edebiyat","6":"product_cat-roman-oyku","7":"pa_cilt-ciltsiz","8":"pa_tur-kitap","9":"pa_yayinevi-kirmizi-kedi-yayinevi","10":"pa_yazar-george-orwell","12":"first","13":"instock","14":"sale","15":"shipping-taxable","16":"purchasable","17":"product-type-simple"},"_links":{"self":[{"href":"https:\/\/roveyayinevi.com.tr\/index.php\/wp-json\/wp\/v2\/product\/728527","targetHints":{"allow":["GET"]}}],"collection":[{"href":"https:\/\/roveyayinevi.com.tr\/index.php\/wp-json\/wp\/v2\/product"}],"about":[{"href":"https:\/\/roveyayinevi.com.tr\/index.php\/wp-json\/wp\/v2\/types\/product"}],"wp:attachment":[{"href":"https:\/\/roveyayinevi.com.tr\/index.php\/wp-json\/wp\/v2\/media?parent=728527"}],"wp:term":[{"taxonomy":"product_brand","embeddable":true,"href":"https:\/\/roveyayinevi.com.tr\/index.php\/wp-json\/wp\/v2\/product_brand?post=728527"},{"taxonomy":"product_cat","embeddable":true,"href":"https:\/\/roveyayinevi.com.tr\/index.php\/wp-json\/wp\/v2\/product_cat?post=728527"},{"taxonomy":"product_tag","embeddable":true,"href":"https:\/\/roveyayinevi.com.tr\/index.php\/wp-json\/wp\/v2\/product_tag?post=728527"}],"curies":[{"name":"wp","href":"https:\/\/api.w.org\/{rel}","templated":true}]}}