{"id":728526,"date":"2025-08-27T20:40:59","date_gmt":"2025-08-27T17:40:59","guid":{"rendered":"https:\/\/roveyayinevi.com.tr\/index.php\/urun\/hayvan-ciftligi-7\/"},"modified":"2026-04-16T02:36:31","modified_gmt":"2026-04-15T23:36:31","slug":"hayvan-ciftligi-7","status":"publish","type":"product","link":"https:\/\/roveyayinevi.com.tr\/index.php\/urun\/hayvan-ciftligi-7\/","title":{"rendered":"Hayvan \u00c7iftli\u011fi"},"content":{"rendered":"<p>G\u00fcnlerden bir g\u00fcn Malik\u00e2ne \u00c7iftli\u011fi\u2019ndeki hayvanlar, Bay Jones\u2019a kar\u015f\u0131 birle\u015fir ve ba\u015far\u0131l\u0131 bir isyanla \u00e7iftlik y\u00f6netimini ele ge\u00e7irirler. Oras\u0131 art\u0131k Hayvan \u00c7iftli\u011fi\u2019dir. Devrim sonras\u0131 b\u00fct\u00fcn hayvanlar e\u015fit olacakt\u0131r. Hi\u00e7bir hayvan gere\u011finden fazla \u00e7al\u0131\u015fmayacak, sa\u011f\u0131lan s\u00fctler ve yumurtalar sat\u0131lmayacak, insan y\u00f6netimindeyken ya\u015fad\u0131klar\u0131 hi\u00e7bir k\u00f6t\u00fcl\u00fck olmayacakt\u0131r\u2026 Ta ki \u201ciktidar h\u0131rs\u0131\u201dna kap\u0131lan Napolyon, y\u00f6netimi eline ge\u00e7irene kadar. Yanda\u015flar\u0131n\u0131n deste\u011fi ve \u00fcrk\u00fct\u00fcc\u00fc k\u00f6pekleri (gizli polisler) ile \u00e7iftlikte her \u015fey onlar\u0131n istedi\u011fi \u015fekilde ger\u00e7ekle\u015fir. Gelinen noktada, isyan kahraman\u0131 Kartopu (i\u00e7 mihrak) s\u00fcrg\u00fcn edilir, ko\u015fum at\u0131 Boks\u00f6r (halk) \u00f6l\u00fcm\u00fcne \u00e7al\u0131\u015ft\u0131r\u0131l\u0131r, hayvanlar art\u0131k eskisinden daha fazla a\u00e7l\u0131k \u00e7ekmektedirler. Nihayet Hayvan \u00c7iftli\u011fi\u2019nin yedi kurulu\u015f ilkesinin tek bir ilke haline geldi\u011fini fark ettiklerinde, her \u015fey i\u00e7in \u00e7ok ge\u00e7 kal\u0131nm\u0131\u015ft\u0131r&#8230;   George Orwell\u2019in Sovyet Rusya\u2019y\u0131 ele\u015ftirdi\u011fi i\u00e7in uzun s\u00fcre yay\u0131nc\u0131 bulamad\u0131\u011f\u0131, yay\u0131mland\u0131ktan sonra, yazar\u0131n \u00fcn\u00fcne \u00fcn katan ba\u015fyap\u0131tlar\u0131ndan biri olan Hayvan \u00c7iftli\u011fi, usta \u00e7evirmen Sevin Okyay\u2019\u0131n \u015fenlikli \u00e7evirisiyle&#8230; <\/p>\n","protected":false},"excerpt":{"rendered":"<p>G\u00fcnlerden bir g\u00fcn Malik\u00e2ne \u00c7iftli\u011fi\u2019ndeki hayvanlar, Bay Jones\u2019a kar\u015f\u0131 birle\u015fir ve ba\u015far\u0131l\u0131 bir isyanla \u00e7iftlik y\u00f6netimini ele ge\u00e7irirler. Oras\u0131 art\u0131k Hayvan \u00c7iftli\u011fi\u2019dir. Devrim sonras\u0131 b\u00fct\u00fcn hayvanlar<span class=\"excerpt-hellip\"> [\u2026]<\/span><\/p>\n","protected":false},"featured_media":0,"template":"","meta":{"_monsterinsights_skip_tracking":false,"_monsterinsights_sitenote_active":false,"_monsterinsights_sitenote_note":"","_monsterinsights_sitenote_category":0},"product_brand":[],"product_cat":[12291,12711],"product_tag":[],"class_list":{"0":"post-728526","1":"product","2":"type-product","3":"status-publish","5":"product_cat-edebiyat","6":"product_cat-roman-oyku","7":"pa_cilt-ciltsiz","8":"pa_tur-kitap","9":"pa_yayinevi-kirmizi-kedi-yayinevi","10":"pa_yazar-george-orwell","12":"first","13":"instock","14":"sale","15":"shipping-taxable","16":"purchasable","17":"product-type-simple"},"_links":{"self":[{"href":"https:\/\/roveyayinevi.com.tr\/index.php\/wp-json\/wp\/v2\/product\/728526","targetHints":{"allow":["GET"]}}],"collection":[{"href":"https:\/\/roveyayinevi.com.tr\/index.php\/wp-json\/wp\/v2\/product"}],"about":[{"href":"https:\/\/roveyayinevi.com.tr\/index.php\/wp-json\/wp\/v2\/types\/product"}],"wp:attachment":[{"href":"https:\/\/roveyayinevi.com.tr\/index.php\/wp-json\/wp\/v2\/media?parent=728526"}],"wp:term":[{"taxonomy":"product_brand","embeddable":true,"href":"https:\/\/roveyayinevi.com.tr\/index.php\/wp-json\/wp\/v2\/product_brand?post=728526"},{"taxonomy":"product_cat","embeddable":true,"href":"https:\/\/roveyayinevi.com.tr\/index.php\/wp-json\/wp\/v2\/product_cat?post=728526"},{"taxonomy":"product_tag","embeddable":true,"href":"https:\/\/roveyayinevi.com.tr\/index.php\/wp-json\/wp\/v2\/product_tag?post=728526"}],"curies":[{"name":"wp","href":"https:\/\/api.w.org\/{rel}","templated":true}]}}