{"id":728523,"date":"2025-08-27T20:40:56","date_gmt":"2025-08-27T17:40:56","guid":{"rendered":"https:\/\/roveyayinevi.com.tr\/index.php\/urun\/ickabog\/"},"modified":"2026-04-16T02:36:31","modified_gmt":"2026-04-15T23:36:31","slug":"ickabog","status":"publish","type":"product","link":"https:\/\/roveyayinevi.com.tr\/index.php\/urun\/ickabog\/","title":{"rendered":"Ickabog"},"content":{"rendered":"<p>Etraf\u0131na deh\u015fet sa\u00e7an bir canavar ve her \u015feye ra\u011fmen umudunu asla kaybetmemek \u00fczerine m\u00fcthi\u015f bir macera.   \u0130ki at kadar b\u00fcy\u00fck. G\u00f6zleri ate\u015f topu gibi parl\u0131yor. Uzun, jilet gibi keskin pen\u00e7eleri var. Ickabog geliyor\u2026   Bir zamanlar Kornukopya Krall\u0131\u011f\u0131 d\u00fcnyan\u0131n en mutlu yeriydi. Bir s\u00fcr\u00fc alt\u0131n\u0131, hayal edebilece\u011finiz en zarif b\u0131y\u0131klara sahip bir kral\u0131 ve yedi\u011finde insan\u0131 mutluluktan dans ettirecek kadar nefis yiyecekler sunan kasaplar\u0131, pastac\u0131lar\u0131 ve peynircileri vard\u0131. Her \u015fey m\u00fckemmeldi \u2013 tabii efsaneye g\u00f6re korkun\u00e7 canavar Ickabog\u2019a ev sahipli\u011fi yapan Kuzey\u2019deki \u00e7amurlu ve sisli Batakl\u0131k Diyar\u0131 d\u0131\u015f\u0131nda. Ickabog\u2019un \u00e7ocuklar\u0131 terbiye etmek i\u00e7in onlar\u0131 korkutmak amac\u0131yla anlat\u0131lan bir efsaneden ba\u015fka bir \u015fey olmad\u0131\u011f\u0131n\u0131 akl\u0131 ba\u015f\u0131ndaki herkes bilirdi. Fakat efsanelerin tuhaf bir yan\u0131 vard\u0131r, bazen kendi kendilerine can bulurlar. Bir efsane \u00e7ok sevilen bir kral\u0131 taht\u0131ndan edebilir mi? Bir zamanlar refah i\u00e7indeki bir \u00fclkeye diz \u00e7\u00f6kt\u00fcrebilir mi? Peki bir efsane iki cesur \u00e7ocu\u011fu hi\u00e7 istemedikleri, hatta ak\u0131llar\u0131n\u0131n ucundan dahi ge\u00e7meyen bir maceraya s\u00fcr\u00fckleyebilir mi?   Cesur oldu\u011funuzu d\u00fc\u015f\u00fcn\u00fcyorsan\u0131z e\u011fer, bu kitab\u0131n sayfalar\u0131n\u0131 \u00e7evirin; ger\u00e7e\u011fin, umudun ve arkada\u015fl\u0131\u011f\u0131n g\u00fcc\u00fcn\u00fcn her \u015feyin \u00fcstesinden gelebilece\u011fine dair, ya\u015fayan en iyi hik\u00e2yecilerden birinin kaleminden yepyeni, nefes kesen bir masal ke\u015ffedeceksiniz. <\/p>\n","protected":false},"excerpt":{"rendered":"<p>Etraf\u0131na deh\u015fet sa\u00e7an bir canavar ve her \u015feye ra\u011fmen umudunu asla kaybetmemek \u00fczerine m\u00fcthi\u015f bir macera. \u0130ki at kadar b\u00fcy\u00fck. G\u00f6zleri ate\u015f topu gibi parl\u0131yor. Uzun,<span class=\"excerpt-hellip\"> [\u2026]<\/span><\/p>\n","protected":false},"featured_media":0,"template":"","meta":{"_monsterinsights_skip_tracking":false,"_monsterinsights_sitenote_active":false,"_monsterinsights_sitenote_note":"","_monsterinsights_sitenote_category":0},"product_brand":[],"product_cat":[12275,12274],"product_tag":[],"class_list":{"0":"post-728523","1":"product","2":"type-product","3":"status-publish","5":"product_cat-6-12-yas-kitaplari","6":"product_cat-cocuk-ve-genclik-kitaplari","7":"pa_cilt-ciltsiz","8":"pa_tur-kitap","9":"pa_yayinevi-yapi-kredi-yayinlari","10":"pa_yazar-j-k-rowling","12":"first","13":"instock","14":"sale","15":"shipping-taxable","16":"purchasable","17":"product-type-simple"},"_links":{"self":[{"href":"https:\/\/roveyayinevi.com.tr\/index.php\/wp-json\/wp\/v2\/product\/728523","targetHints":{"allow":["GET"]}}],"collection":[{"href":"https:\/\/roveyayinevi.com.tr\/index.php\/wp-json\/wp\/v2\/product"}],"about":[{"href":"https:\/\/roveyayinevi.com.tr\/index.php\/wp-json\/wp\/v2\/types\/product"}],"wp:attachment":[{"href":"https:\/\/roveyayinevi.com.tr\/index.php\/wp-json\/wp\/v2\/media?parent=728523"}],"wp:term":[{"taxonomy":"product_brand","embeddable":true,"href":"https:\/\/roveyayinevi.com.tr\/index.php\/wp-json\/wp\/v2\/product_brand?post=728523"},{"taxonomy":"product_cat","embeddable":true,"href":"https:\/\/roveyayinevi.com.tr\/index.php\/wp-json\/wp\/v2\/product_cat?post=728523"},{"taxonomy":"product_tag","embeddable":true,"href":"https:\/\/roveyayinevi.com.tr\/index.php\/wp-json\/wp\/v2\/product_tag?post=728523"}],"curies":[{"name":"wp","href":"https:\/\/api.w.org\/{rel}","templated":true}]}}