{"id":728522,"date":"2025-08-27T20:40:55","date_gmt":"2025-08-27T17:40:55","guid":{"rendered":"https:\/\/roveyayinevi.com.tr\/index.php\/urun\/duygusal-manavgatin-anka-kuslarina\/"},"modified":"2026-04-16T02:36:31","modified_gmt":"2026-04-15T23:36:31","slug":"duygusal-manavgatin-anka-kuslarina","status":"publish","type":"product","link":"https:\/\/roveyayinevi.com.tr\/index.php\/urun\/duygusal-manavgatin-anka-kuslarina\/","title":{"rendered":"Duygusal &#8220;Manavgat&#8217;\u0131n Anka Ku\u015flar\u0131&#8217;na&#8221;"},"content":{"rendered":"<p>Emine \u00c7ATALTA\u015e 25 Temmuz 1968 Konya Do\u011fanhisar do\u011fumludur. \u0130lk ve orta \u00f6\u011frenimini Do\u011fanhisar\u2019da, y\u00fcksek \u00f6\u011frenimini Sel\u00e7uk \u00dcniversitesi Mesleki E\u011fitim Fak\u00fcltesinde tamamlam\u0131\u015ft\u0131r. 1989 y\u0131l\u0131nda Y\u00fccel \u00c7ATALTA\u015e ile evlenen yazar\u0131n Deniz ve Ali isminde iki \u00e7ocu\u011fu bulunmaktad\u0131r. Milli E\u011fitim Bakanl\u0131\u011f\u0131na ba\u011fl\u0131 okullarda \u00f6\u011fretmenlik ve y\u00f6neticilik yapm\u0131\u015ft\u0131r. \u00dcnl\u00fc tiyatro yazar\u0131 Kosta KORT\u0130D\u0130S\u2019 ten Senaryo Yazarl\u0131\u011f\u0131 e\u011fitimi alan yazar\u0131n, SUYA YAZDIM isminde yay\u0131nlanm\u0131\u015f bir kitab\u0131 bulunmaktad\u0131r. \u201c\u00d6l\u00fcrse ten \u00f6l\u00fcr, canlar \u00f6lesi de\u011fil\u201d s\u00f6z\u00fcnden yola \u00e7\u0131karak etkileyen ve etkilenenleri okuma yolculu\u011funda bulu\u015fturmak en b\u00fcy\u00fck dile\u011fidir. <\/p>\n","protected":false},"excerpt":{"rendered":"<p>Emine \u00c7ATALTA\u015e 25 Temmuz 1968 Konya Do\u011fanhisar do\u011fumludur. \u0130lk ve orta \u00f6\u011frenimini Do\u011fanhisar\u2019da, y\u00fcksek \u00f6\u011frenimini Sel\u00e7uk \u00dcniversitesi Mesleki E\u011fitim Fak\u00fcltesinde tamamlam\u0131\u015ft\u0131r. 1989 y\u0131l\u0131nda Y\u00fccel \u00c7ATALTA\u015e ile<span class=\"excerpt-hellip\"> [\u2026]<\/span><\/p>\n","protected":false},"featured_media":0,"template":"","meta":{"_monsterinsights_skip_tracking":false,"_monsterinsights_sitenote_active":false,"_monsterinsights_sitenote_note":"","_monsterinsights_sitenote_category":0},"product_brand":[],"product_cat":[12777,12291],"product_tag":[],"class_list":{"0":"post-728522","1":"product","2":"type-product","3":"status-publish","5":"product_cat-deneme","6":"product_cat-edebiyat","7":"pa_cilt-ciltsiz","8":"pa_tur-kitap","9":"pa_yayinevi-yazi-dukkani-yayinlari","10":"pa_yazar-emine-cataltas","12":"first","13":"instock","14":"sale","15":"shipping-taxable","16":"purchasable","17":"product-type-simple"},"_links":{"self":[{"href":"https:\/\/roveyayinevi.com.tr\/index.php\/wp-json\/wp\/v2\/product\/728522","targetHints":{"allow":["GET"]}}],"collection":[{"href":"https:\/\/roveyayinevi.com.tr\/index.php\/wp-json\/wp\/v2\/product"}],"about":[{"href":"https:\/\/roveyayinevi.com.tr\/index.php\/wp-json\/wp\/v2\/types\/product"}],"wp:attachment":[{"href":"https:\/\/roveyayinevi.com.tr\/index.php\/wp-json\/wp\/v2\/media?parent=728522"}],"wp:term":[{"taxonomy":"product_brand","embeddable":true,"href":"https:\/\/roveyayinevi.com.tr\/index.php\/wp-json\/wp\/v2\/product_brand?post=728522"},{"taxonomy":"product_cat","embeddable":true,"href":"https:\/\/roveyayinevi.com.tr\/index.php\/wp-json\/wp\/v2\/product_cat?post=728522"},{"taxonomy":"product_tag","embeddable":true,"href":"https:\/\/roveyayinevi.com.tr\/index.php\/wp-json\/wp\/v2\/product_tag?post=728522"}],"curies":[{"name":"wp","href":"https:\/\/api.w.org\/{rel}","templated":true}]}}