{"id":728519,"date":"2025-08-27T20:40:52","date_gmt":"2025-08-27T17:40:52","guid":{"rendered":"https:\/\/roveyayinevi.com.tr\/index.php\/urun\/iki-lisan-iki-insan\/"},"modified":"2026-04-16T02:36:31","modified_gmt":"2026-04-15T23:36:31","slug":"iki-lisan-iki-insan","status":"publish","type":"product","link":"https:\/\/roveyayinevi.com.tr\/index.php\/urun\/iki-lisan-iki-insan\/","title":{"rendered":"\u0130ki Lisan \u0130ki \u0130nsan"},"content":{"rendered":"<p>\u201cAnadil insan zihninin ana yap\u0131s\u0131d\u0131r. \u0130nsan\u0131n zihni bu yap\u0131 i\u00e7inde \u015fekillenir. Bu temelde anadilinden uzakla\u015fan insan \u00f6z zihniden de uzakla\u015farak zihinsel bir bo\u015fluk ya\u015far. Zihinsel bo\u015fluk ya\u015fayan insan ise kendi varolu\u015fundan uzakla\u015farak kendine yabanc\u0131la\u015f\u0131r. Anadilini ya\u015fam\u0131n her alan\u0131nda \u00f6zg\u00fcrce ya\u015fayamayan toplumlar\u0131n zihinsel bir karma\u015fa ya\u015famalar\u0131 bundand\u0131r.  \u00d6yle ya insan bu d\u00fcnyaya g\u00f6zlerini a\u00e7t\u0131\u011f\u0131 an \u2013 hatta daha do\u011fmadan \u00f6nce &#8211; sevgi, ilgi, g\u00fcven ve g\u00fczel olana dair ilk s\u00f6zc\u00fckleri annesinin sessinden duyar. Sevgi, ilgi, g\u00fcven ve annenin s\u0131cakl\u0131\u011f\u0131 bu sese y\u00fckl\u00fcd\u00fcr. Bu yan\u0131yla anadil sesin ruhunu olu\u015fturur. Ki\u015finin sonradan dilin y\u00fckl\u00fc oldu\u011fu bu sessten kopmas\u0131 zihninde ve ruhunda derin yaralar a\u00e7ar. Bu \u00e7al\u0131\u015fman\u0131n bir amac\u0131 da bir nebze de olsa bu yaralara merhem olmakt\u0131r.\u201d <\/p>\n","protected":false},"excerpt":{"rendered":"<p>\u201cAnadil insan zihninin ana yap\u0131s\u0131d\u0131r. \u0130nsan\u0131n zihni bu yap\u0131 i\u00e7inde \u015fekillenir. Bu temelde anadilinden uzakla\u015fan insan \u00f6z zihniden de uzakla\u015farak zihinsel bir bo\u015fluk ya\u015far. Zihinsel bo\u015fluk<span class=\"excerpt-hellip\"> [\u2026]<\/span><\/p>\n","protected":false},"featured_media":0,"template":"","meta":{"_monsterinsights_skip_tracking":false,"_monsterinsights_sitenote_active":false,"_monsterinsights_sitenote_note":"","_monsterinsights_sitenote_category":0},"product_brand":[],"product_cat":[13072,12291],"product_tag":[],"class_list":{"0":"post-728519","1":"product","2":"type-product","3":"status-publish","5":"product_cat-arastirma-inceleme-referans","6":"product_cat-edebiyat","7":"pa_cilt-ciltsiz","8":"pa_tur-kitap","9":"pa_yayinevi-imgenin-cocuklari","10":"pa_yazar-kemal-orgun","12":"first","13":"instock","14":"sale","15":"shipping-taxable","16":"purchasable","17":"product-type-simple"},"_links":{"self":[{"href":"https:\/\/roveyayinevi.com.tr\/index.php\/wp-json\/wp\/v2\/product\/728519","targetHints":{"allow":["GET"]}}],"collection":[{"href":"https:\/\/roveyayinevi.com.tr\/index.php\/wp-json\/wp\/v2\/product"}],"about":[{"href":"https:\/\/roveyayinevi.com.tr\/index.php\/wp-json\/wp\/v2\/types\/product"}],"wp:attachment":[{"href":"https:\/\/roveyayinevi.com.tr\/index.php\/wp-json\/wp\/v2\/media?parent=728519"}],"wp:term":[{"taxonomy":"product_brand","embeddable":true,"href":"https:\/\/roveyayinevi.com.tr\/index.php\/wp-json\/wp\/v2\/product_brand?post=728519"},{"taxonomy":"product_cat","embeddable":true,"href":"https:\/\/roveyayinevi.com.tr\/index.php\/wp-json\/wp\/v2\/product_cat?post=728519"},{"taxonomy":"product_tag","embeddable":true,"href":"https:\/\/roveyayinevi.com.tr\/index.php\/wp-json\/wp\/v2\/product_tag?post=728519"}],"curies":[{"name":"wp","href":"https:\/\/api.w.org\/{rel}","templated":true}]}}