{"id":728518,"date":"2025-08-27T20:40:51","date_gmt":"2025-08-27T17:40:51","guid":{"rendered":"https:\/\/roveyayinevi.com.tr\/index.php\/urun\/kesisme-2\/"},"modified":"2025-09-13T17:13:29","modified_gmt":"2025-09-13T14:13:29","slug":"kesisme-2","status":"publish","type":"product","link":"https:\/\/roveyayinevi.com.tr\/index.php\/urun\/kesisme-2\/","title":{"rendered":"Kesi\u015fme"},"content":{"rendered":"<p>&#8220;Bir beyin cerrah\u0131, bir i\u015f adam\u0131, da\u011f evinde inzivada bir ba\u015fkas\u0131; \u00fc\u00e7 erkek&#8230; Ve de delicesine, a\u015fkla sevilen iki kad\u0131n&#8230; Sahip \u00e7\u0131kmakla vazge\u00e7mek aras\u0131ndaki ince \u00e7izgide, insan\u0131 anlat\u0131rken, beynin ve kalbin labirentlerine giren, d\u00f6n\u00fcp dola\u015f\u0131p yine insan\u0131n anla\u015f\u0131lmazl\u0131\u011f\u0131na ula\u015fan sars\u0131c\u0131 bir anlat\u0131&#8230; Kad\u0131nla erke\u011fin, kavu\u015fmakla ayr\u0131l\u0131\u011f\u0131n, \u00f6l\u00fcmle ya\u015fam\u0131n, insanla daha insan\u0131n kesi\u015fti\u011fi bir hik\u00e2ye&#8230; Kalemini oynatt\u0131k\u00e7a kuytuluklar\u0131m\u0131z\u0131 bulan, insan ruhunun inceliklerini dantel gibi i\u015fleyen bir yazardan, Nejla \u015een\u2019den bir ilk roman&#8230; Soluk solu\u011fa okuyacaks\u0131n\u0131z&#8230;&#8221; <\/p>\n","protected":false},"excerpt":{"rendered":"<p>&#8220;Bir beyin cerrah\u0131, bir i\u015f adam\u0131, da\u011f evinde inzivada bir ba\u015fkas\u0131; \u00fc\u00e7 erkek&#8230; Ve de delicesine, a\u015fkla sevilen iki kad\u0131n&#8230; Sahip \u00e7\u0131kmakla vazge\u00e7mek aras\u0131ndaki ince \u00e7izgide,<span class=\"excerpt-hellip\"> [\u2026]<\/span><\/p>\n","protected":false},"featured_media":0,"template":"","meta":{"_monsterinsights_skip_tracking":false,"_monsterinsights_sitenote_active":false,"_monsterinsights_sitenote_note":"","_monsterinsights_sitenote_category":0},"product_brand":[],"product_cat":[12291,12711],"product_tag":[],"class_list":{"0":"post-728518","1":"product","2":"type-product","3":"status-publish","5":"product_cat-edebiyat","6":"product_cat-roman-oyku","7":"pa_cilt-ciltsiz","8":"pa_tur-kitap","9":"pa_yayinevi-imgenin-cocuklari","10":"pa_yazar-nejla-sen","12":"first","13":"instock","14":"sale","15":"shipping-taxable","16":"purchasable","17":"product-type-simple"},"_links":{"self":[{"href":"https:\/\/roveyayinevi.com.tr\/index.php\/wp-json\/wp\/v2\/product\/728518","targetHints":{"allow":["GET"]}}],"collection":[{"href":"https:\/\/roveyayinevi.com.tr\/index.php\/wp-json\/wp\/v2\/product"}],"about":[{"href":"https:\/\/roveyayinevi.com.tr\/index.php\/wp-json\/wp\/v2\/types\/product"}],"wp:attachment":[{"href":"https:\/\/roveyayinevi.com.tr\/index.php\/wp-json\/wp\/v2\/media?parent=728518"}],"wp:term":[{"taxonomy":"product_brand","embeddable":true,"href":"https:\/\/roveyayinevi.com.tr\/index.php\/wp-json\/wp\/v2\/product_brand?post=728518"},{"taxonomy":"product_cat","embeddable":true,"href":"https:\/\/roveyayinevi.com.tr\/index.php\/wp-json\/wp\/v2\/product_cat?post=728518"},{"taxonomy":"product_tag","embeddable":true,"href":"https:\/\/roveyayinevi.com.tr\/index.php\/wp-json\/wp\/v2\/product_tag?post=728518"}],"curies":[{"name":"wp","href":"https:\/\/api.w.org\/{rel}","templated":true}]}}