{"id":728516,"date":"2025-08-27T20:40:49","date_gmt":"2025-08-27T17:40:49","guid":{"rendered":"https:\/\/roveyayinevi.com.tr\/index.php\/urun\/bir-derman\/"},"modified":"2026-04-16T02:36:31","modified_gmt":"2026-04-15T23:36:31","slug":"bir-derman","status":"publish","type":"product","link":"https:\/\/roveyayinevi.com.tr\/index.php\/urun\/bir-derman\/","title":{"rendered":"Bir Derman"},"content":{"rendered":"<p>Onunla, D\u00fcnya Kad\u0131nlar G\u00fcn\u00fc etkinli\u011finde kar\u015f\u0131la\u015fm\u0131\u015ft\u0131m. \u00c7ok yava\u015f ad\u0131mlarla y\u00fcr\u00fcyordu. \u0130nsanlar \u015fen \u015fakrak e\u011flenip g\u00fclerken o ise \u00e7ok sessizdi. Ben ise hafta boyu ya\u015fad\u0131\u011f\u0131m yorgunlu\u011fumu, bir k\u00f6\u015feye \u00e7ekilmi\u015f do\u011fan\u0131n etraf\u0131na c\u00f6mert\u00e7e sa\u00e7t\u0131\u011f\u0131 g\u00fczelli\u011fi seyrederek atmaya \u00e7al\u0131\u015f\u0131yordum. Bir sesle irkildim. D\u00f6n\u00fcp bakt\u0131m g\u00fcl\u00fcmseyen g\u00fczel ela g\u00f6zleriyle kar\u015f\u0131la\u015ft\u0131m. Yava\u015f ve sessiz ad\u0131mlarla gelip yan\u0131ma oturdu. O anda burnuma yo\u011fun, g\u00fczel bir g\u00fcl kokusu yay\u0131ld\u0131. \u0130\u00e7imden gayri ihtiyari \u015fu s\u00f6zler ge\u00e7ti: \u201cKad\u0131n ne g\u00fczel koktu.\u201d B\u00fcy\u00fclenmi\u015ftim. Beynimi ve b\u00fct\u00fcn duyular\u0131m\u0131 esir alan o anlarda ba\u015fka bir hikmet gizliydi. \u0130\u015fte bu onun hikayesidir.<\/p>\n","protected":false},"excerpt":{"rendered":"<p>Onunla, D\u00fcnya Kad\u0131nlar G\u00fcn\u00fc etkinli\u011finde kar\u015f\u0131la\u015fm\u0131\u015ft\u0131m. \u00c7ok yava\u015f ad\u0131mlarla y\u00fcr\u00fcyordu. \u0130nsanlar \u015fen \u015fakrak e\u011flenip g\u00fclerken o ise \u00e7ok sessizdi. Ben ise hafta boyu ya\u015fad\u0131\u011f\u0131m yorgunlu\u011fumu, bir<span class=\"excerpt-hellip\"> [\u2026]<\/span><\/p>\n","protected":false},"featured_media":0,"template":"","meta":{"_monsterinsights_skip_tracking":false,"_monsterinsights_sitenote_active":false,"_monsterinsights_sitenote_note":"","_monsterinsights_sitenote_category":0},"product_brand":[],"product_cat":[12777,12291],"product_tag":[],"class_list":{"0":"post-728516","1":"product","2":"type-product","3":"status-publish","5":"product_cat-deneme","6":"product_cat-edebiyat","7":"pa_cilt-ciltsiz","8":"pa_tur-kitap","9":"pa_yayinevi-karinca-yayinlari","10":"pa_yazar-emine-ozgocmen","12":"first","13":"instock","14":"sale","15":"shipping-taxable","16":"purchasable","17":"product-type-simple"},"_links":{"self":[{"href":"https:\/\/roveyayinevi.com.tr\/index.php\/wp-json\/wp\/v2\/product\/728516","targetHints":{"allow":["GET"]}}],"collection":[{"href":"https:\/\/roveyayinevi.com.tr\/index.php\/wp-json\/wp\/v2\/product"}],"about":[{"href":"https:\/\/roveyayinevi.com.tr\/index.php\/wp-json\/wp\/v2\/types\/product"}],"wp:attachment":[{"href":"https:\/\/roveyayinevi.com.tr\/index.php\/wp-json\/wp\/v2\/media?parent=728516"}],"wp:term":[{"taxonomy":"product_brand","embeddable":true,"href":"https:\/\/roveyayinevi.com.tr\/index.php\/wp-json\/wp\/v2\/product_brand?post=728516"},{"taxonomy":"product_cat","embeddable":true,"href":"https:\/\/roveyayinevi.com.tr\/index.php\/wp-json\/wp\/v2\/product_cat?post=728516"},{"taxonomy":"product_tag","embeddable":true,"href":"https:\/\/roveyayinevi.com.tr\/index.php\/wp-json\/wp\/v2\/product_tag?post=728516"}],"curies":[{"name":"wp","href":"https:\/\/api.w.org\/{rel}","templated":true}]}}