{"id":728515,"date":"2025-08-27T20:40:49","date_gmt":"2025-08-27T17:40:49","guid":{"rendered":"https:\/\/roveyayinevi.com.tr\/index.php\/urun\/karanlik-madde-ve-karanlik-enerji\/"},"modified":"2026-04-16T02:36:31","modified_gmt":"2026-04-15T23:36:31","slug":"karanlik-madde-ve-karanlik-enerji","status":"publish","type":"product","link":"https:\/\/roveyayinevi.com.tr\/index.php\/urun\/karanlik-madde-ve-karanlik-enerji\/","title":{"rendered":"Karanl\u0131k Madde ve Karanl\u0131k Enerji"},"content":{"rendered":"<p>\u0130ngiltere\u2019de 2019 Y\u0131l\u0131n\u0131n En \u0130yi 5 Astronomi Ve Uzay Kitab\u0131ndan Biri Karanl\u0131k madde ve karanl\u0131k enerji, evrenin bilim insanlar\u0131na sordu\u011fu en zor ve en tuhaf bilmecelerden biri. G\u00f6rdu\u0308\u011fu\u0308mu\u0308z ve \u00f6l\u00e7ebildi\u011fimiz \u015feyler evrenin yaln\u0131zca %5\u2019ini olu\u015fturuyor. Geri kalan %95\u2019in varl\u0131\u011f\u0131n\u0131 sadece etkilerinden dolay\u0131, sadece matematiksel hesaplamalar yoluyla anlayabiliyoruz. Bilim insanlar\u0131 evrenin bu anla\u015f\u0131lamayan, kay\u0131p, gizemli k\u0131sm\u0131na \u201ckaranl\u0131k madde\u201d ve \u201ckaranl\u0131k enerji\u201d adlar\u0131n\u0131 veriyor. Popu\u0308ler bilim yazar\u0131 Brian Clegg\u2019in bu kitab\u0131 yaln\u0131zca karanl\u0131k madde ve karanl\u0131k enerji konusuna de\u011fil, astronomi ile modern fizi\u011fin belli ba\u015fl\u0131 konular\u0131na olduk\u00e7a ayd\u0131nlat\u0131c\u0131 bir \u0131\u015f\u0131k tutuyor. Ka\u00e7\u0131rmay\u0131n. \u201cA\u00e7\u0131k, k\u0131sa ve \u00f6z. Evrendeki en bu\u0308yu\u0308k soru i\u015faretlerinden birine dair okuyabilece\u011finiz, giri\u015f niteli\u011findeki, anla\u015f\u0131lmas\u0131 en kolay kitaplardan biri.\u201d \u2014BBC Sky at Night <\/p>\n","protected":false},"excerpt":{"rendered":"<p>\u0130ngiltere\u2019de 2019 Y\u0131l\u0131n\u0131n En \u0130yi 5 Astronomi Ve Uzay Kitab\u0131ndan Biri Karanl\u0131k madde ve karanl\u0131k enerji, evrenin bilim insanlar\u0131na sordu\u011fu en zor ve en tuhaf bilmecelerden<span class=\"excerpt-hellip\"> [\u2026]<\/span><\/p>\n","protected":false},"featured_media":0,"template":"","meta":{"_monsterinsights_skip_tracking":false,"_monsterinsights_sitenote_active":false,"_monsterinsights_sitenote_note":"","_monsterinsights_sitenote_category":0},"product_brand":[],"product_cat":[13005,13006],"product_tag":[],"class_list":{"0":"post-728515","1":"product","2":"type-product","3":"status-publish","5":"product_cat-bilim-muhendislik","6":"product_cat-populer-bilim","7":"pa_cilt-ciltsiz","8":"pa_tur-kitap","9":"pa_yayinevi-say-yayinlari","10":"pa_yazar-brian-clegg","12":"first","13":"instock","14":"sale","15":"shipping-taxable","16":"purchasable","17":"product-type-simple"},"_links":{"self":[{"href":"https:\/\/roveyayinevi.com.tr\/index.php\/wp-json\/wp\/v2\/product\/728515","targetHints":{"allow":["GET"]}}],"collection":[{"href":"https:\/\/roveyayinevi.com.tr\/index.php\/wp-json\/wp\/v2\/product"}],"about":[{"href":"https:\/\/roveyayinevi.com.tr\/index.php\/wp-json\/wp\/v2\/types\/product"}],"wp:attachment":[{"href":"https:\/\/roveyayinevi.com.tr\/index.php\/wp-json\/wp\/v2\/media?parent=728515"}],"wp:term":[{"taxonomy":"product_brand","embeddable":true,"href":"https:\/\/roveyayinevi.com.tr\/index.php\/wp-json\/wp\/v2\/product_brand?post=728515"},{"taxonomy":"product_cat","embeddable":true,"href":"https:\/\/roveyayinevi.com.tr\/index.php\/wp-json\/wp\/v2\/product_cat?post=728515"},{"taxonomy":"product_tag","embeddable":true,"href":"https:\/\/roveyayinevi.com.tr\/index.php\/wp-json\/wp\/v2\/product_tag?post=728515"}],"curies":[{"name":"wp","href":"https:\/\/api.w.org\/{rel}","templated":true}]}}