{"id":728514,"date":"2025-08-27T20:40:48","date_gmt":"2025-08-27T17:40:48","guid":{"rendered":"https:\/\/roveyayinevi.com.tr\/index.php\/urun\/orasi-oykuleri\/"},"modified":"2026-04-16T02:36:31","modified_gmt":"2026-04-15T23:36:31","slug":"orasi-oykuleri","status":"publish","type":"product","link":"https:\/\/roveyayinevi.com.tr\/index.php\/urun\/orasi-oykuleri\/","title":{"rendered":"Oras\u0131 \u00d6yk\u00fcleri"},"content":{"rendered":"<p>Usta \u00e7izer ve y\u00f6netmen Ender \u00d6zkahraman\u2019\u0131n 15 y\u0131l boyunca biriken, efsanele\u015fmi\u015f \u00f6yk\u00fcleri ilk kez bir araya geliyor.  Oras\u0131 \u00d6yk\u00fcleri, ac\u0131yla an\u0131lan bir co\u011frafyay\u0131 anlayabilece\u011fimiz ve onun yaralanmam\u0131\u015f, masals\u0131, naif hallerine de tan\u0131kl\u0131k edebilece\u011fimiz \u201ci\u00e7eriden\u201d bir bak\u0131\u015f sunuyor. Ahenkle destanlar aktaran dengb\u00eajler, ad\u0131 duyulmam\u0131\u015f usta m\u00fczisyenler, isimsiz komedyenler, sanat\u00e7\u0131 ruhlu zanaatk\u00e2rlar, ku\u015flarla dost olan \u015fairler, a\u015fka tutulan y\u0131lanlar&#8230; Hepsi birbirinden kuvvetli, h\u00fcz\u00fcnlendiren, g\u00fcl\u00fcmseten \u00f6yk\u00fcler&#8230; Oras\u0131 \u00d6yk\u00fcleri, a\u015fina olanlar i\u00e7in koleksiyon de\u011feri ta\u015f\u0131yan, hen\u00fcz duymam\u0131\u015f olanlar i\u00e7in atlanmamas\u0131 gereken bir ba\u015fucu kitab\u0131. 90\u2019l\u0131 y\u0131llarda anlat\u0131lamayan \u00f6yk\u00fcleri b\u00fcy\u00fck bir cesaret ve \u00f6zveriyle anlatan; Zor Bir Karar adl\u0131 filmiyle Alt\u0131n Portakal En \u0130yi Film ve \u0130yi Y\u00f6netmen \u00d6d\u00fcl\u00fc\u2019ne aday olan bir sanat\u00e7\u0131n\u0131n sinematografik hikaye anlat\u0131c\u0131l\u0131\u011f\u0131n\u0131n e\u015fsiz bir \u00fcr\u00fcn\u00fc. <\/p>\n","protected":false},"excerpt":{"rendered":"<p>Usta \u00e7izer ve y\u00f6netmen Ender \u00d6zkahraman\u2019\u0131n 15 y\u0131l boyunca biriken, efsanele\u015fmi\u015f \u00f6yk\u00fcleri ilk kez bir araya geliyor. Oras\u0131 \u00d6yk\u00fcleri, ac\u0131yla an\u0131lan bir co\u011frafyay\u0131 anlayabilece\u011fimiz ve onun<span class=\"excerpt-hellip\"> [\u2026]<\/span><\/p>\n","protected":false},"featured_media":0,"template":"","meta":{"_monsterinsights_skip_tracking":false,"_monsterinsights_sitenote_active":false,"_monsterinsights_sitenote_note":"","_monsterinsights_sitenote_category":0},"product_brand":[],"product_cat":[12416,12291],"product_tag":[],"class_list":{"0":"post-728514","1":"product","2":"type-product","3":"status-publish","5":"product_cat-cizgi-roman","6":"product_cat-edebiyat","7":"pa_cilt-ciltsiz","8":"pa_tur-kitap","9":"pa_yayinevi-kara-karga-yayinlari","10":"pa_yazar-ender-ozkahraman","12":"first","13":"instock","14":"sale","15":"shipping-taxable","16":"purchasable","17":"product-type-simple"},"_links":{"self":[{"href":"https:\/\/roveyayinevi.com.tr\/index.php\/wp-json\/wp\/v2\/product\/728514","targetHints":{"allow":["GET"]}}],"collection":[{"href":"https:\/\/roveyayinevi.com.tr\/index.php\/wp-json\/wp\/v2\/product"}],"about":[{"href":"https:\/\/roveyayinevi.com.tr\/index.php\/wp-json\/wp\/v2\/types\/product"}],"wp:attachment":[{"href":"https:\/\/roveyayinevi.com.tr\/index.php\/wp-json\/wp\/v2\/media?parent=728514"}],"wp:term":[{"taxonomy":"product_brand","embeddable":true,"href":"https:\/\/roveyayinevi.com.tr\/index.php\/wp-json\/wp\/v2\/product_brand?post=728514"},{"taxonomy":"product_cat","embeddable":true,"href":"https:\/\/roveyayinevi.com.tr\/index.php\/wp-json\/wp\/v2\/product_cat?post=728514"},{"taxonomy":"product_tag","embeddable":true,"href":"https:\/\/roveyayinevi.com.tr\/index.php\/wp-json\/wp\/v2\/product_tag?post=728514"}],"curies":[{"name":"wp","href":"https:\/\/api.w.org\/{rel}","templated":true}]}}