{"id":728513,"date":"2025-08-27T20:40:47","date_gmt":"2025-08-27T17:40:47","guid":{"rendered":"https:\/\/roveyayinevi.com.tr\/index.php\/urun\/kara-iblis-firarda\/"},"modified":"2026-04-16T02:36:31","modified_gmt":"2026-04-15T23:36:31","slug":"kara-iblis-firarda","status":"publish","type":"product","link":"https:\/\/roveyayinevi.com.tr\/index.php\/urun\/kara-iblis-firarda\/","title":{"rendered":"Kara \u0130blis Firarda"},"content":{"rendered":"<p>Bir Cavlak\u00ee dervi\u015fi olan Mehmed Siyah Kalem\u2019in be\u015f y\u00fcz y\u0131l \u00f6nce resmetti\u011fi Kara \u0130blis, d\u00fcnyan\u0131n en se\u00e7kin m\u00fczayede evi Christie\u2019s\u2019in duvarlar\u0131na as\u0131l\u0131 olan tablosundan ka\u00e7ar. \u0130blis\u2019in firar g\u00fcn\u00fc olarak \u00c7in Yeni Y\u0131l\u0131\u2019n\u0131 se\u00e7mesi bu b\u00fcy\u00fck olaya ba\u015fka bir boyut katacak, etkileri zincirleme bir reaksiyona yol a\u00e7arak k\u0131sa s\u00fcrede t\u00fcm d\u00fcnyay\u0131 saracakt\u0131r. Biyografik, tarihsel ve ezoterik romanlar\u0131yla okuyucular\u0131n kalbini kazanan Osman Balc\u0131gil, Londra\u2019dan New York\u2019a ve oradan \u0130stanbul\u2019a uzanan bu polisiye novellas\u0131yla s\u0131ra d\u0131\u015f\u0131, nefes kesen fantastik bir yolculu\u011fa \u00e7\u0131kar\u0131yor<\/p>\n","protected":false},"excerpt":{"rendered":"<p>Bir Cavlak\u00ee dervi\u015fi olan Mehmed Siyah Kalem\u2019in be\u015f y\u00fcz y\u0131l \u00f6nce resmetti\u011fi Kara \u0130blis, d\u00fcnyan\u0131n en se\u00e7kin m\u00fczayede evi Christie\u2019s\u2019in duvarlar\u0131na as\u0131l\u0131 olan tablosundan ka\u00e7ar. \u0130blis\u2019in<span class=\"excerpt-hellip\"> [\u2026]<\/span><\/p>\n","protected":false},"featured_media":0,"template":"","meta":{"_monsterinsights_skip_tracking":false,"_monsterinsights_sitenote_active":false,"_monsterinsights_sitenote_note":"","_monsterinsights_sitenote_category":0},"product_brand":[],"product_cat":[12291,12711],"product_tag":[],"class_list":{"0":"post-728513","1":"product","2":"type-product","3":"status-publish","5":"product_cat-edebiyat","6":"product_cat-roman-oyku","7":"pa_cilt-ciltsiz","8":"pa_tur-kitap","9":"pa_yayinevi-kara-karga-yayinlari","10":"pa_yazar-osman-balcigil","12":"first","13":"instock","14":"sale","15":"shipping-taxable","16":"purchasable","17":"product-type-simple"},"_links":{"self":[{"href":"https:\/\/roveyayinevi.com.tr\/index.php\/wp-json\/wp\/v2\/product\/728513","targetHints":{"allow":["GET"]}}],"collection":[{"href":"https:\/\/roveyayinevi.com.tr\/index.php\/wp-json\/wp\/v2\/product"}],"about":[{"href":"https:\/\/roveyayinevi.com.tr\/index.php\/wp-json\/wp\/v2\/types\/product"}],"wp:attachment":[{"href":"https:\/\/roveyayinevi.com.tr\/index.php\/wp-json\/wp\/v2\/media?parent=728513"}],"wp:term":[{"taxonomy":"product_brand","embeddable":true,"href":"https:\/\/roveyayinevi.com.tr\/index.php\/wp-json\/wp\/v2\/product_brand?post=728513"},{"taxonomy":"product_cat","embeddable":true,"href":"https:\/\/roveyayinevi.com.tr\/index.php\/wp-json\/wp\/v2\/product_cat?post=728513"},{"taxonomy":"product_tag","embeddable":true,"href":"https:\/\/roveyayinevi.com.tr\/index.php\/wp-json\/wp\/v2\/product_tag?post=728513"}],"curies":[{"name":"wp","href":"https:\/\/api.w.org\/{rel}","templated":true}]}}