{"id":728512,"date":"2025-08-27T20:40:46","date_gmt":"2025-08-27T17:40:46","guid":{"rendered":"https:\/\/roveyayinevi.com.tr\/index.php\/urun\/seviyorum-ic-dunyamin-kuytularini-rainer-maria-rilke-den-hayat-dersleri\/"},"modified":"2026-04-16T02:36:31","modified_gmt":"2026-04-15T23:36:31","slug":"seviyorum-ic-dunyamin-kuytularini-rainer-maria-rilke-den-hayat-dersleri","status":"publish","type":"product","link":"https:\/\/roveyayinevi.com.tr\/index.php\/urun\/seviyorum-ic-dunyamin-kuytularini-rainer-maria-rilke-den-hayat-dersleri\/","title":{"rendered":"Seviyorum \u0130\u00e7 D\u00fcnyam\u0131n Kuytular\u0131n\u0131 &#8211; Rainer Maria Rilke &#8216;den Hayat Dersleri"},"content":{"rendered":"<p>Seviyorum \u0130\u00e7 D\u00fcnyam\u0131n Kuytular\u0131n\u0131 Ra\u0131ner Mar\u0131a R\u0131lke\u2019den Hayat Dersleri   Yaz\u0131n d\u00fcnyas\u0131na damgas\u0131n\u0131 vuran \u00fcretken, derin bir s\u00f6z ustas\u0131 olan Rilke\u2019nin eserlerini okumaya vakit bulamayanlar, ya\u015fam \u00f6yk\u00fcs\u00fcne dair \u00f6nemli kareleri ve hayat dersi niteli\u011findeki etkili s\u00f6zlerini bir arada g\u00f6rmek isteyenler, b\u00fcy\u00fck \u015fairin engin d\u00fcnyas\u0131na bu kitab\u0131n kap\u0131s\u0131ndan girebilirler.    \u015eair, i\u00e7inde d\u00fcnyalar bar\u0131nd\u0131r\u0131r, bu sebeptendir ki her zaman zengindir, \u00f6yle ki a\u00e7l\u0131ktan \u00f6lse bile.    Bir ki\u015fi, onunla son konu\u015fman\u0131z s\u0131ras\u0131nda oldu\u011fu ki\u015fi de\u011fildir.    Tanr\u0131 i\u00e7in, d\u00fcnya \u00fczerinde gezinip duran k\u0131sa s\u00fcreli, ufac\u0131k bir tebess\u00fcmden ba\u015fka nedir ki \u015fu bahar mevsimi?    Sanat \u00e7ocukluktur; sanat, ortada bir d\u00fcnyan\u0131n \u00e7oktan var oldu\u011funu unutmak, yeni bir d\u00fcnya kurgulamakt\u0131r.    Bu en eski ac\u0131lar i\u00e7imizde art\u0131k meyve vermesin mi?    \u00c7ocukluk, her \u015feyden ba\u011f\u0131ms\u0131z bir \u00fclke\u2026 \u0130\u00e7inde krallar\u0131n yer ald\u0131\u011f\u0131 tek \u00fclke. Ne diye s\u00fcr\u00fcl\u00fcp at\u0131lal\u0131m buradan? Ne diye bu \u00fclkede kalmayal\u0131m, bu \u00fclkede ya\u015flan\u0131p olgunla\u015fmayal\u0131m? <\/p>\n","protected":false},"excerpt":{"rendered":"<p>Seviyorum \u0130\u00e7 D\u00fcnyam\u0131n Kuytular\u0131n\u0131 Ra\u0131ner Mar\u0131a R\u0131lke\u2019den Hayat Dersleri Yaz\u0131n d\u00fcnyas\u0131na damgas\u0131n\u0131 vuran \u00fcretken, derin bir s\u00f6z ustas\u0131 olan Rilke\u2019nin eserlerini okumaya vakit bulamayanlar, ya\u015fam \u00f6yk\u00fcs\u00fcne<span class=\"excerpt-hellip\"> [\u2026]<\/span><\/p>\n","protected":false},"featured_media":0,"template":"","meta":{"_monsterinsights_skip_tracking":false,"_monsterinsights_sitenote_active":false,"_monsterinsights_sitenote_note":"","_monsterinsights_sitenote_category":0},"product_brand":[],"product_cat":[12364,12376],"product_tag":[],"class_list":{"0":"post-728512","1":"product","2":"type-product","3":"status-publish","5":"product_cat-genel-konular","6":"product_cat-kisisel-gelisim","7":"pa_cilt-ciltsiz","8":"pa_tur-kitap","9":"pa_yayinevi-hayykitap","10":"pa_yazar-hayy-kolektif","12":"first","13":"instock","14":"sale","15":"shipping-taxable","16":"purchasable","17":"product-type-simple"},"_links":{"self":[{"href":"https:\/\/roveyayinevi.com.tr\/index.php\/wp-json\/wp\/v2\/product\/728512","targetHints":{"allow":["GET"]}}],"collection":[{"href":"https:\/\/roveyayinevi.com.tr\/index.php\/wp-json\/wp\/v2\/product"}],"about":[{"href":"https:\/\/roveyayinevi.com.tr\/index.php\/wp-json\/wp\/v2\/types\/product"}],"wp:attachment":[{"href":"https:\/\/roveyayinevi.com.tr\/index.php\/wp-json\/wp\/v2\/media?parent=728512"}],"wp:term":[{"taxonomy":"product_brand","embeddable":true,"href":"https:\/\/roveyayinevi.com.tr\/index.php\/wp-json\/wp\/v2\/product_brand?post=728512"},{"taxonomy":"product_cat","embeddable":true,"href":"https:\/\/roveyayinevi.com.tr\/index.php\/wp-json\/wp\/v2\/product_cat?post=728512"},{"taxonomy":"product_tag","embeddable":true,"href":"https:\/\/roveyayinevi.com.tr\/index.php\/wp-json\/wp\/v2\/product_tag?post=728512"}],"curies":[{"name":"wp","href":"https:\/\/api.w.org\/{rel}","templated":true}]}}