{"id":728510,"date":"2025-08-27T20:40:45","date_gmt":"2025-08-27T17:40:45","guid":{"rendered":"https:\/\/roveyayinevi.com.tr\/index.php\/urun\/olumun-yok-edemedigi-bir-anlami-olmali-hayatin-lev-nikolayevic-tolstoydan-hayat-dersleri\/"},"modified":"2026-04-16T02:36:31","modified_gmt":"2026-04-15T23:36:31","slug":"olumun-yok-edemedigi-bir-anlami-olmali-hayatin-lev-nikolayevic-tolstoydan-hayat-dersleri","status":"publish","type":"product","link":"https:\/\/roveyayinevi.com.tr\/index.php\/urun\/olumun-yok-edemedigi-bir-anlami-olmali-hayatin-lev-nikolayevic-tolstoydan-hayat-dersleri\/","title":{"rendered":"\u00d6l\u00fcm\u00fcn Yok Edemedi\u011fi Bir Anlam\u0131 Olmal\u0131  Hayat\u0131n! \u2013  Lev Nikolayevi\u00e7 Tolstoy\u2019dan  Hayat Dersleri"},"content":{"rendered":"<p>\u00d6l\u00fcm\u00fcn Yok Edemedi\u011fi Bir Anlam\u0131 Olmal\u0131 Hayat\u0131n! Lev N\u0131kolayevi\u00e7 Tolstoy\u2019dan Hayat Dersleri D\u00fcnya edebiyat tarihinin en g\u00fc\u00e7l\u00fc ve verimli yazarlar\u0131ndan biri olan Tolstoy\u2019un \u00e7ok say\u0131daki eserini okumaya vakit bulamayanlar, ya\u015fam \u00f6yk\u00fcs\u00fcne dair \u00f6nemli kareleri ve eserlerindeki en \u00e7arp\u0131c\u0131 kesitleri bir arada g\u00f6rmek isteyenler, bilge romanc\u0131n\u0131n o zengin d\u00fcnyas\u0131na bu kitab\u0131n kap\u0131s\u0131ndan girebilirler. Biz, sevdiklerimizi onlar\u0131n bize yapt\u0131klar\u0131 iyiliklerden ziyade, bizim onlara yapt\u0131\u011f\u0131m\u0131z iyiliklerden dolay\u0131 severiz.   Bir disiplin, k\u00fclt\u00fcr ve medeniyet \u00e7a\u011f\u0131nda ya\u015f\u0131yoruz ama h\u00e2l\u00e2 bir ahl\u00e2k \u00e7a\u011f\u0131n\u0131n \u00e7ok uza\u011f\u0131nday\u0131z.    Senin \u00fcmitsizlik bata\u011f\u0131na saplanman neden kaynaklan\u0131yor biliyor musun? \u00c7\u00fcnk\u00fc sen kendin i\u00e7in, mutlulu\u011fun i\u00e7in ya\u015famak istiyorsun.    Bu hayat\u0131n bize, sadece tad\u0131n\u0131 \u00e7\u0131karal\u0131m diye verildi\u011fi gibi budalaca bir inan\u00e7 i\u00e7inde ya\u015f\u0131yoruz.    \u015eik\u00e2yet etti\u011finiz ya\u015fam, belki de bir ba\u015fkas\u0131n\u0131n hayalidir.    \u0130nsan\u0131 bedenen ameliyat etmek i\u00e7in uyutmak, ruhen ameliyat etmek i\u00e7inse uyand\u0131rmak gerekir.    Ak\u0131l, \u00e7o\u011fu kez g\u00fcnah\u0131n k\u00f6lesi olur ve onu me\u015frula\u015ft\u0131rmaya \u00e7al\u0131\u015f\u0131r. <\/p>\n","protected":false},"excerpt":{"rendered":"<p>\u00d6l\u00fcm\u00fcn Yok Edemedi\u011fi Bir Anlam\u0131 Olmal\u0131 Hayat\u0131n! Lev N\u0131kolayevi\u00e7 Tolstoy\u2019dan Hayat Dersleri D\u00fcnya edebiyat tarihinin en g\u00fc\u00e7l\u00fc ve verimli yazarlar\u0131ndan biri olan Tolstoy\u2019un \u00e7ok say\u0131daki eserini<span class=\"excerpt-hellip\"> [\u2026]<\/span><\/p>\n","protected":false},"featured_media":0,"template":"","meta":{"_monsterinsights_skip_tracking":false,"_monsterinsights_sitenote_active":false,"_monsterinsights_sitenote_note":"","_monsterinsights_sitenote_category":0},"product_brand":[],"product_cat":[12364,12376],"product_tag":[],"class_list":{"0":"post-728510","1":"product","2":"type-product","3":"status-publish","5":"product_cat-genel-konular","6":"product_cat-kisisel-gelisim","7":"pa_cilt-ciltsiz","8":"pa_tur-kitap","9":"pa_yayinevi-hayykitap","10":"pa_yazar-hayy-kolektif","12":"first","13":"instock","14":"sale","15":"shipping-taxable","16":"purchasable","17":"product-type-simple"},"_links":{"self":[{"href":"https:\/\/roveyayinevi.com.tr\/index.php\/wp-json\/wp\/v2\/product\/728510","targetHints":{"allow":["GET"]}}],"collection":[{"href":"https:\/\/roveyayinevi.com.tr\/index.php\/wp-json\/wp\/v2\/product"}],"about":[{"href":"https:\/\/roveyayinevi.com.tr\/index.php\/wp-json\/wp\/v2\/types\/product"}],"wp:attachment":[{"href":"https:\/\/roveyayinevi.com.tr\/index.php\/wp-json\/wp\/v2\/media?parent=728510"}],"wp:term":[{"taxonomy":"product_brand","embeddable":true,"href":"https:\/\/roveyayinevi.com.tr\/index.php\/wp-json\/wp\/v2\/product_brand?post=728510"},{"taxonomy":"product_cat","embeddable":true,"href":"https:\/\/roveyayinevi.com.tr\/index.php\/wp-json\/wp\/v2\/product_cat?post=728510"},{"taxonomy":"product_tag","embeddable":true,"href":"https:\/\/roveyayinevi.com.tr\/index.php\/wp-json\/wp\/v2\/product_tag?post=728510"}],"curies":[{"name":"wp","href":"https:\/\/api.w.org\/{rel}","templated":true}]}}