{"id":728509,"date":"2025-08-27T20:40:44","date_gmt":"2025-08-27T17:40:44","guid":{"rendered":"https:\/\/roveyayinevi.com.tr\/index.php\/urun\/ask-onu-kesildikce-devlesir-honore-de-balzactan-hayat-dersleri\/"},"modified":"2026-04-16T02:36:31","modified_gmt":"2026-04-15T23:36:31","slug":"ask-onu-kesildikce-devlesir-honore-de-balzactan-hayat-dersleri","status":"publish","type":"product","link":"https:\/\/roveyayinevi.com.tr\/index.php\/urun\/ask-onu-kesildikce-devlesir-honore-de-balzactan-hayat-dersleri\/","title":{"rendered":"A\u015fk, \u00d6n\u00fc Kesildik\u00e7e Devle\u015fir &#8211; Honore de Balzac\u2019tan  Hayat Dersleri"},"content":{"rendered":"<p>A\u015fk, \u00d6n\u00fc Kesildik\u00e7e Devle\u015fir   Honor\u00e9 De Balzac\u2019tan Hayat Dersleri   \u00c7ok say\u0131daki eserlerini okumaya vakit bulamayanlar, Balzac\u2019\u0131n ilgin\u00e7 ya\u015fam \u00f6yk\u00fcs\u00fcn\u00fc \u00f6\u011frenmek ve yap\u0131tlar\u0131ndaki en \u00e7arp\u0131c\u0131 kesitleri bir arada g\u00f6rmek isteyenler, kalemin takatini bitiren romanc\u0131n\u0131n o zengin d\u00fcnyas\u0131na bu kitab\u0131n kap\u0131s\u0131ndan girebilirler.   Sizi kendinize d\u00f6nd\u00fcren, sizi sarsan ve ezen, y\u00fckselten ve al\u00e7altan her \u015fey ilahi \u00e2lemin bir yank\u0131lan\u0131\u015f\u0131d\u0131r.   Sonradan g\u00f6rmeler maymunlar gibi zekidirler; onlar\u0131 t\u0131rman\u0131rken izleriz, \u00e7evikliklerine hayran oluruz ama zirveye ula\u015ft\u0131klar\u0131nda tek g\u00f6rd\u00fc\u011f\u00fcm\u00fcz bulunduklar\u0131 yerlerin uygunsuzlu\u011fudur.   A\u015fk, \u00f6n\u00fc kesildik\u00e7e devle\u015fir; her engel, a\u015fk\u0131n b\u00fcy\u00fcmesi i\u00e7in bir neden haline gelir.   Refaha kavu\u015fan dostlar, ne hikmetse \u00f6nce haf\u0131zalar\u0131n\u0131 kaybediyorlar.   Evlili\u011fin her \u015feyi kemiren bir canavarla b\u0131k\u0131p usanmadan bo\u011fu\u015fmas\u0131 gerekir: Al\u0131\u015fkanl\u0131k.   Sevilir, say\u0131l\u0131r bir adam olmak istiyorsan verdi\u011fin s\u00f6z\u00fc tutmay\u0131 ikinci bir din gibi bellemelisin<\/p>\n","protected":false},"excerpt":{"rendered":"<p>A\u015fk, \u00d6n\u00fc Kesildik\u00e7e Devle\u015fir Honor\u00e9 De Balzac\u2019tan Hayat Dersleri \u00c7ok say\u0131daki eserlerini okumaya vakit bulamayanlar, Balzac\u2019\u0131n ilgin\u00e7 ya\u015fam \u00f6yk\u00fcs\u00fcn\u00fc \u00f6\u011frenmek ve yap\u0131tlar\u0131ndaki en \u00e7arp\u0131c\u0131 kesitleri bir<span class=\"excerpt-hellip\"> [\u2026]<\/span><\/p>\n","protected":false},"featured_media":0,"template":"","meta":{"_monsterinsights_skip_tracking":false,"_monsterinsights_sitenote_active":false,"_monsterinsights_sitenote_note":"","_monsterinsights_sitenote_category":0},"product_brand":[],"product_cat":[12364,12376],"product_tag":[],"class_list":{"0":"post-728509","1":"product","2":"type-product","3":"status-publish","5":"product_cat-genel-konular","6":"product_cat-kisisel-gelisim","7":"pa_cilt-ciltsiz","8":"pa_tur-kitap","9":"pa_yayinevi-hayykitap","10":"pa_yazar-hayy-kolektif","12":"first","13":"instock","14":"sale","15":"shipping-taxable","16":"purchasable","17":"product-type-simple"},"_links":{"self":[{"href":"https:\/\/roveyayinevi.com.tr\/index.php\/wp-json\/wp\/v2\/product\/728509","targetHints":{"allow":["GET"]}}],"collection":[{"href":"https:\/\/roveyayinevi.com.tr\/index.php\/wp-json\/wp\/v2\/product"}],"about":[{"href":"https:\/\/roveyayinevi.com.tr\/index.php\/wp-json\/wp\/v2\/types\/product"}],"wp:attachment":[{"href":"https:\/\/roveyayinevi.com.tr\/index.php\/wp-json\/wp\/v2\/media?parent=728509"}],"wp:term":[{"taxonomy":"product_brand","embeddable":true,"href":"https:\/\/roveyayinevi.com.tr\/index.php\/wp-json\/wp\/v2\/product_brand?post=728509"},{"taxonomy":"product_cat","embeddable":true,"href":"https:\/\/roveyayinevi.com.tr\/index.php\/wp-json\/wp\/v2\/product_cat?post=728509"},{"taxonomy":"product_tag","embeddable":true,"href":"https:\/\/roveyayinevi.com.tr\/index.php\/wp-json\/wp\/v2\/product_tag?post=728509"}],"curies":[{"name":"wp","href":"https:\/\/api.w.org\/{rel}","templated":true}]}}