{"id":728508,"date":"2025-08-27T20:40:43","date_gmt":"2025-08-27T17:40:43","guid":{"rendered":"https:\/\/roveyayinevi.com.tr\/index.php\/urun\/sihirbazi-kandirmak\/"},"modified":"2026-04-16T02:36:31","modified_gmt":"2026-04-15T23:36:31","slug":"sihirbazi-kandirmak","status":"publish","type":"product","link":"https:\/\/roveyayinevi.com.tr\/index.php\/urun\/sihirbazi-kandirmak\/","title":{"rendered":"Sihirbaz\u0131 Kand\u0131rmak"},"content":{"rendered":"<p>Sihir d\u00fcnyas\u0131na b\u00fcy\u00fcleyici bir yolculuk&#8230; \u201c\u0130\u00e7ine girdik\u00e7e, bu d\u00fcnya size art\u0131k \u00f6nemli olan tek \u015feymi\u015f gibi g\u00f6r\u00fcnmeye ba\u015flar. Saatleri kovalayan, emeklilik planlar\u0131 yapan, kahverengi \u00e7antal\u0131 titiz insanlar\u0131n ger\u00e7ek d\u00fcnyas\u0131 sizinkine k\u0131yasla \u00f6l\u00fcmc\u00fcl derecede s\u0131k\u0131c\u0131 gelir. Hi\u00e7biri sizin yapt\u0131klar\u0131n\u0131z\u0131 yapamaz. Giderek d\u00fcnyay\u0131 iki \u00e7e\u015fit insan aras\u0131nda b\u00f6l\u00fcnm\u00fc\u015f gibi g\u00f6rmeye ba\u015flars\u0131n\u0131z. Sadece iki. Sihirbazlar ve s\u0131radan insanlar. E\u011fer i\u00e7inde de\u011filseniz, d\u0131\u015f\u0131ndas\u0131n\u0131zd\u0131r.\u201d  Sihirbaz\u0131 Kand\u0131rmak, Alex Stone\u2019un Kanal Caddesi\u2019ndeki \u00fc\u00e7k\u00e2\u011f\u0131t oyunlar\u0131ndan g\u00f6steri\u015fli Las Vegas kumarhanelerine, New York\u2019un as\u0131rl\u0131k sihir topluluklar\u0131n\u0131n arka odalar\u0131ndan son teknoloji psikoloji laboratuvarlar\u0131na dek uzanan macera dolu sihirbazl\u0131k deneyimini anlat\u0131yor. Stone, yetenekli ama bir o kadar da acayip tiplerin ya\u015fad\u0131\u011f\u0131 bu tuhaf ve zaman zaman da komik altk\u00fclt\u00fcrde gezinirken gizem, saplant\u0131 ve zek\u00e2 ile beslenen bu toplulu\u011fun ard\u0131ndaki s\u0131rlar\u0131 a\u00e7\u0131\u011fa vuruyor. Fakat Stone\u2019un yolculu\u011fu, hileler, g\u00f6steriler ve sihir merakl\u0131lar\u0131n\u0131n hik\u00e2yesinden \u00e7ok daha fazlas\u0131. Sihirbaz\u0131 Kand\u0131rmak, psikoloji, n\u00f6robilim, fizik, tarih, hatta su\u00e7un az bilinen k\u00f6\u015felerinden baz\u0131lar\u0131na hile ve yan\u0131lsama merce\u011finden bakarak, zihnin nas\u0131l \u00e7al\u0131\u015ft\u0131\u011f\u0131na, bazen de neden \u00e7al\u0131\u015fmad\u0131\u011f\u0131na dair bir dizi \u015fa\u015f\u0131rt\u0131c\u0131 a\u00e7\u0131klamaya ula\u015f\u0131yor. <\/p>\n","protected":false},"excerpt":{"rendered":"<p>Sihir d\u00fcnyas\u0131na b\u00fcy\u00fcleyici bir yolculuk&#8230; \u201c\u0130\u00e7ine girdik\u00e7e, bu d\u00fcnya size art\u0131k \u00f6nemli olan tek \u015feymi\u015f gibi g\u00f6r\u00fcnmeye ba\u015flar. Saatleri kovalayan, emeklilik planlar\u0131 yapan, kahverengi \u00e7antal\u0131 titiz<span class=\"excerpt-hellip\"> [\u2026]<\/span><\/p>\n","protected":false},"featured_media":0,"template":"","meta":{"_monsterinsights_skip_tracking":false,"_monsterinsights_sitenote_active":false,"_monsterinsights_sitenote_note":"","_monsterinsights_sitenote_category":0},"product_brand":[],"product_cat":[14009,12291],"product_tag":[],"class_list":{"0":"post-728508","1":"product","2":"type-product","3":"status-publish","5":"product_cat-biyografi-otobiyografi-edebiyat","6":"product_cat-edebiyat","7":"pa_cilt-ciltsiz","8":"pa_tur-kitap","9":"pa_yayinevi-epsilon-yayinlari","10":"pa_yazar-alex-stone","12":"first","13":"instock","14":"sale","15":"shipping-taxable","16":"purchasable","17":"product-type-simple"},"_links":{"self":[{"href":"https:\/\/roveyayinevi.com.tr\/index.php\/wp-json\/wp\/v2\/product\/728508","targetHints":{"allow":["GET"]}}],"collection":[{"href":"https:\/\/roveyayinevi.com.tr\/index.php\/wp-json\/wp\/v2\/product"}],"about":[{"href":"https:\/\/roveyayinevi.com.tr\/index.php\/wp-json\/wp\/v2\/types\/product"}],"wp:attachment":[{"href":"https:\/\/roveyayinevi.com.tr\/index.php\/wp-json\/wp\/v2\/media?parent=728508"}],"wp:term":[{"taxonomy":"product_brand","embeddable":true,"href":"https:\/\/roveyayinevi.com.tr\/index.php\/wp-json\/wp\/v2\/product_brand?post=728508"},{"taxonomy":"product_cat","embeddable":true,"href":"https:\/\/roveyayinevi.com.tr\/index.php\/wp-json\/wp\/v2\/product_cat?post=728508"},{"taxonomy":"product_tag","embeddable":true,"href":"https:\/\/roveyayinevi.com.tr\/index.php\/wp-json\/wp\/v2\/product_tag?post=728508"}],"curies":[{"name":"wp","href":"https:\/\/api.w.org\/{rel}","templated":true}]}}