{"id":728506,"date":"2025-08-27T20:40:41","date_gmt":"2025-08-27T17:40:41","guid":{"rendered":"https:\/\/roveyayinevi.com.tr\/index.php\/urun\/hayvan-ciftligi-6\/"},"modified":"2026-04-16T02:36:31","modified_gmt":"2026-04-15T23:36:31","slug":"hayvan-ciftligi-6","status":"publish","type":"product","link":"https:\/\/roveyayinevi.com.tr\/index.php\/urun\/hayvan-ciftligi-6\/","title":{"rendered":"Hayvan \u00c7iftli\u011fi"},"content":{"rendered":"<p>\u0130nsanlar\u0131n boyunduru\u011fu alt\u0131nda ya\u015famaktan s\u0131k\u0131lan domuzlar, kuvvetli ikna  becerileriyle di\u011fer b\u00fct\u00fcn hayvanlar\u0131 k\u0131\u015fk\u0131rtarak A\u011fa \u00c7iftli\u011fi\u2019nde bir ayaklanmaya sebep olurlar. O g\u00fcnden itibaren hi\u00e7bir \u015fey eskisi gibi olmayacakt\u0131r. \u0130nsanlar \u00e7iftlikten kovulur; onlar\u0131 \u00e7a\u011fr\u0131\u015ft\u0131ran her \u015feyden uzakla\u015f\u0131l\u0131r. T\u00fcm hayvanlar, aralar\u0131nda e\u015fitli\u011fi ve yolda\u015fl\u0131\u011f\u0131 ama\u00e7layan, insanlar\u0131 ise d\u00fc\u015fman olarak g\u00f6ren Yedi Emir\u2019e g\u00f6re ya\u015famaya ba\u015flarlar. Ancak bu ilkelere uymaya devam edebilecekler midir?   \u00c7iftli\u011fi idare etme konusunda fiziksel anlamda g\u00fc\u00e7l\u00fck \u00e7ekmeye ba\u015flayan hayvanlar, insan icad\u0131 birtak\u0131m aletlere ihtiya\u00e7 duymaya ba\u015flarlar. \u00c7iftli\u011fin y\u00f6netimi \u00fczerine kafa yorup duran domuzlar ise zihinsel olarak dinlenmek ve g\u00fc\u00e7lenmek i\u00e7in yine insan icad\u0131 birtak\u0131m ara\u00e7lar\u0131 kullanmak ve di\u011fer b\u00fct\u00fcn hayvanlardan daha fazla besin t\u00fcketmek zorunda kal\u0131rlar. Dahas\u0131 zaman i\u00e7inde baz\u0131 insani al\u0131\u015fkanl\u0131klar kazan\u0131rlar ve Yedi Emir de zamanla de\u011fi\u015fim ge\u00e7irerek nihayet bir\u00e7o\u011fumuzun akl\u0131na kaz\u0131nan o ilkeye indirgenir:   T\u00dcM HAYVANLAR E\u015e\u0130TT\u0130R; ANCAK BAZI HAYVANLAR, D\u0130\u011eERLER\u0130NDEN DAHA E\u015e\u0130TT\u0130R.   George Orwell\u2019in ilk defa 1945 y\u0131l\u0131nda yay\u0131mlanan, insan do\u011fas\u0131nda bulunan a\u00e7g\u00f6zl\u00fcl\u00fck ve bencillik gibi d\u00fcrt\u00fcleri masals\u0131 ve \u00e7arp\u0131c\u0131 bir dille derinlemesine i\u015fledi\u011fi siyasi hiciv roman\u0131 Hayvan \u00c7iftli\u011fi, yediden yetmi\u015fe herkesin okumas\u0131 gereken bir modern klasik. <\/p>\n","protected":false},"excerpt":{"rendered":"<p>\u0130nsanlar\u0131n boyunduru\u011fu alt\u0131nda ya\u015famaktan s\u0131k\u0131lan domuzlar, kuvvetli ikna becerileriyle di\u011fer b\u00fct\u00fcn hayvanlar\u0131 k\u0131\u015fk\u0131rtarak A\u011fa \u00c7iftli\u011fi\u2019nde bir ayaklanmaya sebep olurlar. O g\u00fcnden itibaren hi\u00e7bir \u015fey eskisi gibi<span class=\"excerpt-hellip\"> [\u2026]<\/span><\/p>\n","protected":false},"featured_media":0,"template":"","meta":{"_monsterinsights_skip_tracking":false,"_monsterinsights_sitenote_active":false,"_monsterinsights_sitenote_note":"","_monsterinsights_sitenote_category":0},"product_brand":[],"product_cat":[12291,12711],"product_tag":[],"class_list":{"0":"post-728506","1":"product","2":"type-product","3":"status-publish","5":"product_cat-edebiyat","6":"product_cat-roman-oyku","7":"pa_cilt-ciltsiz","8":"pa_tur-kitap","9":"pa_yayinevi-indigo-kitap","10":"pa_yazar-george-orwell","12":"first","13":"instock","14":"sale","15":"shipping-taxable","16":"purchasable","17":"product-type-simple"},"_links":{"self":[{"href":"https:\/\/roveyayinevi.com.tr\/index.php\/wp-json\/wp\/v2\/product\/728506","targetHints":{"allow":["GET"]}}],"collection":[{"href":"https:\/\/roveyayinevi.com.tr\/index.php\/wp-json\/wp\/v2\/product"}],"about":[{"href":"https:\/\/roveyayinevi.com.tr\/index.php\/wp-json\/wp\/v2\/types\/product"}],"wp:attachment":[{"href":"https:\/\/roveyayinevi.com.tr\/index.php\/wp-json\/wp\/v2\/media?parent=728506"}],"wp:term":[{"taxonomy":"product_brand","embeddable":true,"href":"https:\/\/roveyayinevi.com.tr\/index.php\/wp-json\/wp\/v2\/product_brand?post=728506"},{"taxonomy":"product_cat","embeddable":true,"href":"https:\/\/roveyayinevi.com.tr\/index.php\/wp-json\/wp\/v2\/product_cat?post=728506"},{"taxonomy":"product_tag","embeddable":true,"href":"https:\/\/roveyayinevi.com.tr\/index.php\/wp-json\/wp\/v2\/product_tag?post=728506"}],"curies":[{"name":"wp","href":"https:\/\/api.w.org\/{rel}","templated":true}]}}