{"id":728505,"date":"2025-08-27T20:40:40","date_gmt":"2025-08-27T17:40:40","guid":{"rendered":"https:\/\/roveyayinevi.com.tr\/index.php\/urun\/1984-3\/"},"modified":"2026-04-16T02:36:31","modified_gmt":"2026-04-15T23:36:31","slug":"1984-3","status":"publish","type":"product","link":"https:\/\/roveyayinevi.com.tr\/index.php\/urun\/1984-3\/","title":{"rendered":"1984"},"content":{"rendered":"<p>\u201cGe\u00e7mi\u015fi kontrol eden, gelece\u011fi kontrol eder. \u015eimdiki zaman\u0131 kontrol eden, ge\u00e7mi\u015fi kontrol eder,\u201d diyordu Partinin slogan\u0131. \u0130ster say\u0131klama an\u0131nda s\u00f6ylenen bir s\u00f6z ister bilin\u00e7li bir \u015fekilde dile getirilmi\u015f bir itiraz olsun, bast\u0131r\u0131lamayacak isyan yoktur. Tekd\u00fczelik, yaln\u0131zl\u0131k ve ko\u015fulsuz itaat \u00fczerine kurulu, t\u0131k\u0131r t\u0131k\u0131r i\u015fleyen bir d\u00fczen s\u00f6z konusudur Okyanusya\u2019da. M\u00fckemmel bir itaat arac\u0131 haline getirilen dil her \u015feyden \u00f6nce gelir; ge\u00e7mi\u015f de\u011fi\u015ftirilebilir, her hakikat, \u00fclkenin y\u00f6neticisi B\u00fcy\u00fck Birader\u2019in istedi\u011fi gibi \u015fekillenebilir. Ete kemi\u011fe b\u00fcr\u00fcnm\u00fc\u015f halini hi\u00e7 g\u00f6rmedi\u011finiz, sadece bir resimden ibaret olsa da her yerde kar\u015f\u0131n\u0131za \u00e7\u0131kan B\u00fcy\u00fck Birader her an sizi izlemektedir. Hakikat Bakanl\u0131\u011f\u0131n\u0131n Kay\u0131t Biriminde \u00e7al\u0131\u015fan Winston Smith, her t\u00fcrl\u00fc riski g\u00f6ze alarak hakikatin pe\u015finden gitmeye niyetlidir; ancak emin ad\u0131mlarla ilerledi\u011fini sand\u0131\u011f\u0131 bu yolda, ad\u0131mlar\u0131n\u0131n nelere mal olaca\u011f\u0131ndan habersizdir.  George Orwell\u2019in dehas\u0131n\u0131n doruk noktas\u0131na ula\u015ft\u0131\u011f\u0131 Bin Dokuz Y\u00fcz Seksen D\u00f6rt, modern distopik romanlar\u0131n d\u00fcnya genelindeki en \u00f6nemli \u00f6rneklerinden olmakla birlikte, bu t\u00fcr i\u00e7in e\u015fsiz bir esin kayna\u011f\u0131 haline gelmi\u015ftir. <\/p>\n","protected":false},"excerpt":{"rendered":"<p>\u201cGe\u00e7mi\u015fi kontrol eden, gelece\u011fi kontrol eder. \u015eimdiki zaman\u0131 kontrol eden, ge\u00e7mi\u015fi kontrol eder,\u201d diyordu Partinin slogan\u0131. \u0130ster say\u0131klama an\u0131nda s\u00f6ylenen bir s\u00f6z ister bilin\u00e7li bir \u015fekilde<span class=\"excerpt-hellip\"> [\u2026]<\/span><\/p>\n","protected":false},"featured_media":0,"template":"","meta":{"_monsterinsights_skip_tracking":false,"_monsterinsights_sitenote_active":false,"_monsterinsights_sitenote_note":"","_monsterinsights_sitenote_category":0},"product_brand":[],"product_cat":[12291,12711],"product_tag":[],"class_list":{"0":"post-728505","1":"product","2":"type-product","3":"status-publish","5":"product_cat-edebiyat","6":"product_cat-roman-oyku","7":"pa_cilt-ciltsiz","8":"pa_tur-kitap","9":"pa_yayinevi-indigo-kitap","10":"pa_yazar-george-orwell","12":"first","13":"instock","14":"sale","15":"shipping-taxable","16":"purchasable","17":"product-type-simple"},"_links":{"self":[{"href":"https:\/\/roveyayinevi.com.tr\/index.php\/wp-json\/wp\/v2\/product\/728505","targetHints":{"allow":["GET"]}}],"collection":[{"href":"https:\/\/roveyayinevi.com.tr\/index.php\/wp-json\/wp\/v2\/product"}],"about":[{"href":"https:\/\/roveyayinevi.com.tr\/index.php\/wp-json\/wp\/v2\/types\/product"}],"wp:attachment":[{"href":"https:\/\/roveyayinevi.com.tr\/index.php\/wp-json\/wp\/v2\/media?parent=728505"}],"wp:term":[{"taxonomy":"product_brand","embeddable":true,"href":"https:\/\/roveyayinevi.com.tr\/index.php\/wp-json\/wp\/v2\/product_brand?post=728505"},{"taxonomy":"product_cat","embeddable":true,"href":"https:\/\/roveyayinevi.com.tr\/index.php\/wp-json\/wp\/v2\/product_cat?post=728505"},{"taxonomy":"product_tag","embeddable":true,"href":"https:\/\/roveyayinevi.com.tr\/index.php\/wp-json\/wp\/v2\/product_tag?post=728505"}],"curies":[{"name":"wp","href":"https:\/\/api.w.org\/{rel}","templated":true}]}}