{"id":728504,"date":"2025-08-27T20:40:39","date_gmt":"2025-08-27T17:40:39","guid":{"rendered":"https:\/\/roveyayinevi.com.tr\/index.php\/urun\/portakal-agacindan-muhabbetle\/"},"modified":"2026-04-16T02:36:31","modified_gmt":"2026-04-15T23:36:31","slug":"portakal-agacindan-muhabbetle","status":"publish","type":"product","link":"https:\/\/roveyayinevi.com.tr\/index.php\/urun\/portakal-agacindan-muhabbetle\/","title":{"rendered":"Portakal A\u011fac\u0131\u2019ndan Muhabbetle"},"content":{"rendered":"<p>Her \u015feyin m\u00fckemmel oldu\u011funu d\u00fc\u015f\u00fcnd\u00fc\u011f\u00fcm\u00fcz bu d\u00fcnyada, kendimizi s\u00fcrekli bir eksiklik i\u00e7inde hissediyoruz. G\u00f6rd\u00fcklerimiz m\u00fckemmel, duyduklar\u0131m\u0131z e\u015fsiz, istediklerimizse uzak gibi\u2026 Bir biz hata etmi\u015fiz, kalbinde \u00e7\u00f6k\u00fcnt\u00fcler olan sadece biz kalm\u0131\u015f\u0131z, yaln\u0131zca biz yaralanan dizimizi bir t\u00fcrl\u00fc pansuman edememi\u015fiz\u2026 Bu d\u00fc\u015f\u00fcnceleri tan\u0131yan hatta ayn\u0131 hislerle dolu ama yaln\u0131z oldu\u011funu sanan devasa toplulu\u011fun say\u0131s\u0131 g\u00fcn ge\u00e7tik\u00e7e art\u0131yor. Derin bir nefes alma, g\u00f6ky\u00fcz\u00fcn\u00fcn mavisini, denizlerin enginli\u011fini, \u00e7am a\u011fa\u00e7lar\u0131n\u0131n d\u00f6k\u00fclmeyen yapraklar\u0131n\u0131 hat\u0131rlaman\u0131n vakti. Portakal A\u011fac\u0131, turuncunun \u00fcmit dolu \u0131\u015f\u0131lt\u0131s\u0131n\u0131 100 ba\u015fl\u0131kta avu\u00e7lar\u0131n\u0131za b\u0131rak\u0131yor. Hayat\u0131; inan\u00e7la, g\u00f6n\u00fcl rahatl\u0131\u011f\u0131yla, duayla s\u00fcslemek isteyenler i\u00e7in zarif bir davet sunuyor. Bu kitap, tam istedi\u011finiz yerde ve tam ihtiyac\u0131n\u0131z olan konuda i\u00e7ten bir muhabbet vaadi\u2026 <\/p>\n","protected":false},"excerpt":{"rendered":"<p>Her \u015feyin m\u00fckemmel oldu\u011funu d\u00fc\u015f\u00fcnd\u00fc\u011f\u00fcm\u00fcz bu d\u00fcnyada, kendimizi s\u00fcrekli bir eksiklik i\u00e7inde hissediyoruz. G\u00f6rd\u00fcklerimiz m\u00fckemmel, duyduklar\u0131m\u0131z e\u015fsiz, istediklerimizse uzak gibi\u2026 Bir biz hata etmi\u015fiz, kalbinde \u00e7\u00f6k\u00fcnt\u00fcler<span class=\"excerpt-hellip\"> [\u2026]<\/span><\/p>\n","protected":false},"featured_media":0,"template":"","meta":{"_monsterinsights_skip_tracking":false,"_monsterinsights_sitenote_active":false,"_monsterinsights_sitenote_note":"","_monsterinsights_sitenote_category":0},"product_brand":[],"product_cat":[12364,12376],"product_tag":[],"class_list":{"0":"post-728504","1":"product","2":"type-product","3":"status-publish","5":"product_cat-genel-konular","6":"product_cat-kisisel-gelisim","7":"pa_cilt-ciltsiz","8":"pa_tur-kitap","9":"pa_yayinevi-hayykitap","10":"pa_yazar-hatice-ozdemir-tulun","12":"first","13":"instock","14":"sale","15":"shipping-taxable","16":"purchasable","17":"product-type-simple"},"_links":{"self":[{"href":"https:\/\/roveyayinevi.com.tr\/index.php\/wp-json\/wp\/v2\/product\/728504","targetHints":{"allow":["GET"]}}],"collection":[{"href":"https:\/\/roveyayinevi.com.tr\/index.php\/wp-json\/wp\/v2\/product"}],"about":[{"href":"https:\/\/roveyayinevi.com.tr\/index.php\/wp-json\/wp\/v2\/types\/product"}],"wp:attachment":[{"href":"https:\/\/roveyayinevi.com.tr\/index.php\/wp-json\/wp\/v2\/media?parent=728504"}],"wp:term":[{"taxonomy":"product_brand","embeddable":true,"href":"https:\/\/roveyayinevi.com.tr\/index.php\/wp-json\/wp\/v2\/product_brand?post=728504"},{"taxonomy":"product_cat","embeddable":true,"href":"https:\/\/roveyayinevi.com.tr\/index.php\/wp-json\/wp\/v2\/product_cat?post=728504"},{"taxonomy":"product_tag","embeddable":true,"href":"https:\/\/roveyayinevi.com.tr\/index.php\/wp-json\/wp\/v2\/product_tag?post=728504"}],"curies":[{"name":"wp","href":"https:\/\/api.w.org\/{rel}","templated":true}]}}