{"id":728503,"date":"2025-08-27T20:40:38","date_gmt":"2025-08-27T17:40:38","guid":{"rendered":"https:\/\/roveyayinevi.com.tr\/index.php\/urun\/vahsetin-cagrisi-11\/"},"modified":"2026-04-16T02:36:31","modified_gmt":"2026-04-15T23:36:31","slug":"vahsetin-cagrisi-11","status":"publish","type":"product","link":"https:\/\/roveyayinevi.com.tr\/index.php\/urun\/vahsetin-cagrisi-11\/","title":{"rendered":"Vah\u015fetin \u00c7a\u011fr\u0131s\u0131"},"content":{"rendered":"<p>Amerika\u2019da \u201cAlt\u0131na h\u00fccum\u201d \u00e7a\u011f\u0131d\u0131r. K\u0131sa s\u00fcrede zengin olmay\u0131 hayal eden herkes elinde avucundaki sat\u0131p birka\u00e7 k\u00f6pek ve k\u0131zak al\u0131p, Amerika\u2019n\u0131n so\u011fuk b\u00f6lgelerine ak\u0131n etmektedir. Kahraman\u0131m\u0131z olan Buck ise, California g\u00fcne\u015fi alt\u0131nda mutlu mesut ya\u015fayan bir \u00e7iftlik k\u00f6pe\u011fidir ancak bir g\u00fcn bir \u00e7iftlik \u00e7al\u0131\u015fan\u0131n\u0131n onu ka\u00e7\u0131r\u0131p bir alt\u0131n aray\u0131c\u0131s\u0131na satmas\u0131yla t\u00fcm hayat\u0131 allak bullak olur. A\u011f\u0131r k\u0131\u015f \u015fartlar\u0131na, a\u00e7l\u0131\u011fa, daya\u011fa ve di\u011fer k\u00f6peklerin zorbal\u0131\u011f\u0131na dayanan Buck, en sonunda i\u00e7inde yatan vah\u015fi hayvan\u0131n \u00e7a\u011fr\u0131s\u0131n\u0131 duyar ve kendini bu sese teslim eder. <\/p>\n","protected":false},"excerpt":{"rendered":"<p>Amerika\u2019da \u201cAlt\u0131na h\u00fccum\u201d \u00e7a\u011f\u0131d\u0131r. K\u0131sa s\u00fcrede zengin olmay\u0131 hayal eden herkes elinde avucundaki sat\u0131p birka\u00e7 k\u00f6pek ve k\u0131zak al\u0131p, Amerika\u2019n\u0131n so\u011fuk b\u00f6lgelerine ak\u0131n etmektedir. Kahraman\u0131m\u0131z olan<span class=\"excerpt-hellip\"> [\u2026]<\/span><\/p>\n","protected":false},"featured_media":0,"template":"","meta":{"_monsterinsights_skip_tracking":false,"_monsterinsights_sitenote_active":false,"_monsterinsights_sitenote_note":"","_monsterinsights_sitenote_category":0},"product_brand":[],"product_cat":[12274,12467],"product_tag":[],"class_list":{"0":"post-728503","1":"product","2":"type-product","3":"status-publish","5":"product_cat-cocuk-ve-genclik-kitaplari","6":"product_cat-dunya-klasikleri","7":"pa_cilt-ciltsiz","8":"pa_tur-kitap","9":"pa_yayinevi-sifir6-yayinevi","10":"pa_yazar-jack-london","12":"first","13":"instock","14":"sale","15":"shipping-taxable","16":"purchasable","17":"product-type-simple"},"_links":{"self":[{"href":"https:\/\/roveyayinevi.com.tr\/index.php\/wp-json\/wp\/v2\/product\/728503","targetHints":{"allow":["GET"]}}],"collection":[{"href":"https:\/\/roveyayinevi.com.tr\/index.php\/wp-json\/wp\/v2\/product"}],"about":[{"href":"https:\/\/roveyayinevi.com.tr\/index.php\/wp-json\/wp\/v2\/types\/product"}],"wp:attachment":[{"href":"https:\/\/roveyayinevi.com.tr\/index.php\/wp-json\/wp\/v2\/media?parent=728503"}],"wp:term":[{"taxonomy":"product_brand","embeddable":true,"href":"https:\/\/roveyayinevi.com.tr\/index.php\/wp-json\/wp\/v2\/product_brand?post=728503"},{"taxonomy":"product_cat","embeddable":true,"href":"https:\/\/roveyayinevi.com.tr\/index.php\/wp-json\/wp\/v2\/product_cat?post=728503"},{"taxonomy":"product_tag","embeddable":true,"href":"https:\/\/roveyayinevi.com.tr\/index.php\/wp-json\/wp\/v2\/product_tag?post=728503"}],"curies":[{"name":"wp","href":"https:\/\/api.w.org\/{rel}","templated":true}]}}