{"id":728502,"date":"2025-08-27T20:40:37","date_gmt":"2025-08-27T17:40:37","guid":{"rendered":"https:\/\/roveyayinevi.com.tr\/index.php\/urun\/sungerbob-karepantalon-ve-odulun-sahibi\/"},"modified":"2025-11-21T06:32:59","modified_gmt":"2025-11-21T03:32:59","slug":"sungerbob-karepantalon-ve-odulun-sahibi","status":"publish","type":"product","link":"https:\/\/roveyayinevi.com.tr\/index.php\/urun\/sungerbob-karepantalon-ve-odulun-sahibi\/","title":{"rendered":"S\u00fcngerBob KarePantalon Ve \u00d6d\u00fcl\u00fcn Sahibi&#8230;"},"content":{"rendered":"<p>S\u00fcngerBob\u2019un bir dolap dolusu \u00f6d\u00fcl\u00fc oldu\u011funu g\u00f6ren Patrick, kendisi hi\u00e7 \u00f6d\u00fcl alamad\u0131\u011f\u0131 i\u00e7in \u00e7ok \u00fczg\u00fcnd\u00fc. \u0130ki arkada\u015f Patrick\u2019in de \u00f6d\u00fcl almas\u0131n\u0131bir yolunu bulmak \u00fczere kafa kafaya verdiler. Fakat Patrick\u2019in bol \u00f6d\u00fcll\u00fc S\u00fcngerBob\u2019u her alanda taklit etmesi S\u00fcngerBob\u2019un hi\u00e7 de ho\u015funa gitmedi! Acaba Patrick\u2019in hayalleri, bu yak\u0131n arkada\u015flar\u0131n aras\u0131n\u0131 m\u0131 bozacakt\u0131? Yoksa Patrick hedefindeki \u00f6d\u00fcl\u00fc sonunda kazanabilecek miydi? <\/p>\n","protected":false},"excerpt":{"rendered":"<p>S\u00fcngerBob\u2019un bir dolap dolusu \u00f6d\u00fcl\u00fc oldu\u011funu g\u00f6ren Patrick, kendisi hi\u00e7 \u00f6d\u00fcl alamad\u0131\u011f\u0131 i\u00e7in \u00e7ok \u00fczg\u00fcnd\u00fc. \u0130ki arkada\u015f Patrick\u2019in de \u00f6d\u00fcl almas\u0131n\u0131bir yolunu bulmak \u00fczere kafa kafaya<span class=\"excerpt-hellip\"> [\u2026]<\/span><\/p>\n","protected":false},"featured_media":0,"template":"","meta":{"_monsterinsights_skip_tracking":false,"_monsterinsights_sitenote_active":false,"_monsterinsights_sitenote_note":"","_monsterinsights_sitenote_category":0},"product_brand":[],"product_cat":[12913,12274],"product_tag":[],"class_list":{"0":"post-728502","1":"product","2":"type-product","3":"status-publish","5":"product_cat-3-6-yas-kitaplari","6":"product_cat-cocuk-ve-genclik-kitaplari","7":"pa_cilt-ciltsiz","8":"pa_tur-kitap","9":"pa_yayinevi-ithaki-yayinlari","10":"pa_yazar-jenny-miglis","12":"first","13":"instock","14":"sale","15":"shipping-taxable","16":"purchasable","17":"product-type-simple"},"_links":{"self":[{"href":"https:\/\/roveyayinevi.com.tr\/index.php\/wp-json\/wp\/v2\/product\/728502","targetHints":{"allow":["GET"]}}],"collection":[{"href":"https:\/\/roveyayinevi.com.tr\/index.php\/wp-json\/wp\/v2\/product"}],"about":[{"href":"https:\/\/roveyayinevi.com.tr\/index.php\/wp-json\/wp\/v2\/types\/product"}],"wp:attachment":[{"href":"https:\/\/roveyayinevi.com.tr\/index.php\/wp-json\/wp\/v2\/media?parent=728502"}],"wp:term":[{"taxonomy":"product_brand","embeddable":true,"href":"https:\/\/roveyayinevi.com.tr\/index.php\/wp-json\/wp\/v2\/product_brand?post=728502"},{"taxonomy":"product_cat","embeddable":true,"href":"https:\/\/roveyayinevi.com.tr\/index.php\/wp-json\/wp\/v2\/product_cat?post=728502"},{"taxonomy":"product_tag","embeddable":true,"href":"https:\/\/roveyayinevi.com.tr\/index.php\/wp-json\/wp\/v2\/product_tag?post=728502"}],"curies":[{"name":"wp","href":"https:\/\/api.w.org\/{rel}","templated":true}]}}