{"id":728501,"date":"2025-08-27T20:40:36","date_gmt":"2025-08-27T17:40:36","guid":{"rendered":"https:\/\/roveyayinevi.com.tr\/index.php\/urun\/sungerbob-karepantolon-cevreci-oluyor-doga-dostu-bir-macera\/"},"modified":"2026-02-03T02:52:20","modified_gmt":"2026-02-02T23:52:20","slug":"sungerbob-karepantolon-cevreci-oluyor-doga-dostu-bir-macera","status":"publish","type":"product","link":"https:\/\/roveyayinevi.com.tr\/index.php\/urun\/sungerbob-karepantolon-cevreci-oluyor-doga-dostu-bir-macera\/","title":{"rendered":"S\u00fcngerBob KarePantolon \u00c7evreci Oluyor\/Do\u011fa Dostu Bir Macera!"},"content":{"rendered":"<p>Daha \u00e7ok para kazanmak isteyen Bay Yenge\u00e7, sahibi oldu\u011fu Yenge\u00e7 Restoran\u2019a bir havuz a\u00e7maya karar verdi\u011finde, S\u00fcngerBob&#8217;u da havuz m\u00fcd\u00fcr\u00fc yapt\u0131. Ancak hen\u00fcz bahar\u0131n ilk g\u00fcnleri oldu\u011fundan hava havuza girmek i\u00e7in \u00e7ok so\u011fuktu! Bunun \u00fczerine Bay Yenge\u00e7 ve S\u00fcngerBob havadaki karbondioksit miktar\u0131n\u0131 art\u0131rarak yaz\u0131 erken getirmeye karar verip \u00e7al\u0131\u015fmalara ba\u015flad\u0131lar. Fakat \u00e7ok ge\u00e7meden bunalt\u0131c\u0131 s\u0131caklar Bikini Kasabas\u0131\u2019n\u0131 ele ge\u00e7irip k\u00fcresel \u0131s\u0131nma dayan\u0131lmaz bir hal ald\u0131\u011f\u0131nda, S\u00fcngerBob\u2019u \u00e7ok k\u00f6t\u00fc bir s\u00fcrpriz bekliyordu&#8230; Herkesin severek izledi\u011fi \u00e7izgi film karakteri S\u00fcngerBob KarePantolon ve Bikini Kasabas\u0131 sakinlerinin ba\u015f\u0131ndan ge\u00e7enler, minik okurlara k\u00fcresel \u0131s\u0131nma ve \u00e7evre bilinci hakk\u0131nda \u00f6nemli bir mesaj veriyor. <\/p>\n","protected":false},"excerpt":{"rendered":"<p>Daha \u00e7ok para kazanmak isteyen Bay Yenge\u00e7, sahibi oldu\u011fu Yenge\u00e7 Restoran\u2019a bir havuz a\u00e7maya karar verdi\u011finde, S\u00fcngerBob&#8217;u da havuz m\u00fcd\u00fcr\u00fc yapt\u0131. Ancak hen\u00fcz bahar\u0131n ilk g\u00fcnleri<span class=\"excerpt-hellip\"> [\u2026]<\/span><\/p>\n","protected":false},"featured_media":0,"template":"","meta":{"_monsterinsights_skip_tracking":false,"_monsterinsights_sitenote_active":false,"_monsterinsights_sitenote_note":"","_monsterinsights_sitenote_category":0},"product_brand":[],"product_cat":[12913,12274],"product_tag":[],"class_list":{"0":"post-728501","1":"product","2":"type-product","3":"status-publish","5":"product_cat-3-6-yas-kitaplari","6":"product_cat-cocuk-ve-genclik-kitaplari","7":"pa_cilt-ciltsiz","8":"pa_tur-kitap","9":"pa_yayinevi-ithaki-yayinlari","10":"pa_yazar-molly-reisner","12":"first","13":"instock","14":"sale","15":"shipping-taxable","16":"purchasable","17":"product-type-simple"},"_links":{"self":[{"href":"https:\/\/roveyayinevi.com.tr\/index.php\/wp-json\/wp\/v2\/product\/728501","targetHints":{"allow":["GET"]}}],"collection":[{"href":"https:\/\/roveyayinevi.com.tr\/index.php\/wp-json\/wp\/v2\/product"}],"about":[{"href":"https:\/\/roveyayinevi.com.tr\/index.php\/wp-json\/wp\/v2\/types\/product"}],"wp:attachment":[{"href":"https:\/\/roveyayinevi.com.tr\/index.php\/wp-json\/wp\/v2\/media?parent=728501"}],"wp:term":[{"taxonomy":"product_brand","embeddable":true,"href":"https:\/\/roveyayinevi.com.tr\/index.php\/wp-json\/wp\/v2\/product_brand?post=728501"},{"taxonomy":"product_cat","embeddable":true,"href":"https:\/\/roveyayinevi.com.tr\/index.php\/wp-json\/wp\/v2\/product_cat?post=728501"},{"taxonomy":"product_tag","embeddable":true,"href":"https:\/\/roveyayinevi.com.tr\/index.php\/wp-json\/wp\/v2\/product_tag?post=728501"}],"curies":[{"name":"wp","href":"https:\/\/api.w.org\/{rel}","templated":true}]}}