{"id":728500,"date":"2025-08-27T20:40:35","date_gmt":"2025-08-27T17:40:35","guid":{"rendered":"https:\/\/roveyayinevi.com.tr\/index.php\/urun\/duygusal-temas-serbest-virus-savascilari-isbasinda\/"},"modified":"2026-04-16T02:36:31","modified_gmt":"2026-04-15T23:36:31","slug":"duygusal-temas-serbest-virus-savascilari-isbasinda","status":"publish","type":"product","link":"https:\/\/roveyayinevi.com.tr\/index.php\/urun\/duygusal-temas-serbest-virus-savascilari-isbasinda\/","title":{"rendered":"Duygusal Temas Serbest &#8211; Vir\u00fcs Sava\u015f\u00e7\u0131lar\u0131 \u0130\u015fba\u015f\u0131nda!"},"content":{"rendered":"<p>D\u00fcnyay\u0131 etkisi alt\u0131na alan koronavir\u00fcs salg\u0131n\u0131 nedeniyle uzun zamand\u0131r okula gidemeyen Arya ile Arda, yeniden \u00f6\u011fretmenlerine ve arkada\u015flar\u0131na kavu\u015facaklar\u0131 i\u00e7in \u00e7ok heyecanl\u0131lar. Tabii herkes gibi onlar\u0131n da korkular\u0131 var! Tam da bunlardan bahsederken aralar\u0131ndaki sohbete kat\u0131lan anneleri sayesinde iki karde\u015f, nas\u0131l harika birer koronavir\u00fcs sava\u015f\u00e7\u0131s\u0131 olacaklar\u0131n\u0131 \u00f6\u011frenmekle kalmayacak, koronavir\u00fcsten korunman\u0131n yollar\u0131n\u0131 peki\u015ftirirken, bir oyunla korku ve endi\u015felerinden nas\u0131l s\u0131yr\u0131lacaklar\u0131n\u0131 deneyimleyecekler. Belki koronavir\u00fcs ya da bir ba\u015fkas\u0131, bir s\u00fcre daha hayat\u0131m\u0131zda olacak ama bizim, kendimizi ve sevdiklerimizi ondan korumak i\u00e7in \u00e7ok g\u00fc\u00e7l\u00fc silahlar\u0131m\u0131z var! Hem, sosyal temas k\u0131s\u0131tlanm\u0131\u015fsa ne olmu\u015f? Duygusal temas h\u00e2l\u00e2 serbest! <\/p>\n","protected":false},"excerpt":{"rendered":"<p>D\u00fcnyay\u0131 etkisi alt\u0131na alan koronavir\u00fcs salg\u0131n\u0131 nedeniyle uzun zamand\u0131r okula gidemeyen Arya ile Arda, yeniden \u00f6\u011fretmenlerine ve arkada\u015flar\u0131na kavu\u015facaklar\u0131 i\u00e7in \u00e7ok heyecanl\u0131lar. Tabii herkes gibi onlar\u0131n<span class=\"excerpt-hellip\"> [\u2026]<\/span><\/p>\n","protected":false},"featured_media":0,"template":"","meta":{"_monsterinsights_skip_tracking":false,"_monsterinsights_sitenote_active":false,"_monsterinsights_sitenote_note":"","_monsterinsights_sitenote_category":0},"product_brand":[],"product_cat":[12913,12274],"product_tag":[],"class_list":{"0":"post-728500","1":"product","2":"type-product","3":"status-publish","5":"product_cat-3-6-yas-kitaplari","6":"product_cat-cocuk-ve-genclik-kitaplari","7":"pa_cilt-ciltsiz","8":"pa_tur-kitap","9":"pa_yayinevi-ithaki-yayinlari","10":"pa_yazar-aysegul-kocabicak","12":"first","13":"instock","14":"sale","15":"shipping-taxable","16":"purchasable","17":"product-type-simple"},"_links":{"self":[{"href":"https:\/\/roveyayinevi.com.tr\/index.php\/wp-json\/wp\/v2\/product\/728500","targetHints":{"allow":["GET"]}}],"collection":[{"href":"https:\/\/roveyayinevi.com.tr\/index.php\/wp-json\/wp\/v2\/product"}],"about":[{"href":"https:\/\/roveyayinevi.com.tr\/index.php\/wp-json\/wp\/v2\/types\/product"}],"wp:attachment":[{"href":"https:\/\/roveyayinevi.com.tr\/index.php\/wp-json\/wp\/v2\/media?parent=728500"}],"wp:term":[{"taxonomy":"product_brand","embeddable":true,"href":"https:\/\/roveyayinevi.com.tr\/index.php\/wp-json\/wp\/v2\/product_brand?post=728500"},{"taxonomy":"product_cat","embeddable":true,"href":"https:\/\/roveyayinevi.com.tr\/index.php\/wp-json\/wp\/v2\/product_cat?post=728500"},{"taxonomy":"product_tag","embeddable":true,"href":"https:\/\/roveyayinevi.com.tr\/index.php\/wp-json\/wp\/v2\/product_tag?post=728500"}],"curies":[{"name":"wp","href":"https:\/\/api.w.org\/{rel}","templated":true}]}}