{"id":728498,"date":"2025-08-27T20:40:33","date_gmt":"2025-08-27T17:40:33","guid":{"rendered":"https:\/\/roveyayinevi.com.tr\/index.php\/urun\/dune-ciltli-kutu-set-6-kitap-takim\/"},"modified":"2026-04-16T02:36:30","modified_gmt":"2026-04-15T23:36:30","slug":"dune-ciltli-kutu-set-6-kitap-takim","status":"publish","type":"product","link":"https:\/\/roveyayinevi.com.tr\/index.php\/urun\/dune-ciltli-kutu-set-6-kitap-takim\/","title":{"rendered":"Dune Ciltli Kutu Set ( 6 Kitap Tak\u0131m )"},"content":{"rendered":"<p>\u201cY\u00fcz\u00fcklerin Efendisi d\u0131\u015f\u0131nda bu kitapla k\u0131yaslanacak ba\u015fka bir kitap yok.\u201d \u2013Arthur C. Clarke Dune serisi ciltli, \u015f\u00f6mizli, posterli ve kutulu edisyonuyla raflarda: Konsept ve kutu tasar\u0131m: Hamdi Ak\u00e7ay Kapak tasar\u0131m: Ozan Korkut Poster tasar\u0131m: Ebrahel Lurci Logo tasar\u0131m: Alex Trochut   Poster boyutu: 60 x 90 cm   Setin i\u00e7indeki kitaplar: Dune (1 adet) Dune Mesihi (1 adet) Dune \u00c7ocuklar\u0131 (1 adet) Dune Tanr\u0131 \u0130mparatoru (1 adet) Dune Sapk\u0131nlar\u0131 (1 adet) Dune Rahibeler Meclisi (1 adet) <\/p>\n","protected":false},"excerpt":{"rendered":"<p>\u201cY\u00fcz\u00fcklerin Efendisi d\u0131\u015f\u0131nda bu kitapla k\u0131yaslanacak ba\u015fka bir kitap yok.\u201d \u2013Arthur C. Clarke Dune serisi ciltli, \u015f\u00f6mizli, posterli ve kutulu edisyonuyla raflarda: Konsept ve kutu tasar\u0131m:<span class=\"excerpt-hellip\"> [\u2026]<\/span><\/p>\n","protected":false},"featured_media":0,"template":"","meta":{"_monsterinsights_skip_tracking":false,"_monsterinsights_sitenote_active":false,"_monsterinsights_sitenote_note":"","_monsterinsights_sitenote_category":0},"product_brand":[],"product_cat":[12540,12291],"product_tag":[],"class_list":{"0":"post-728498","1":"product","2":"type-product","3":"status-publish","5":"product_cat-bilim-kurgu","6":"product_cat-edebiyat","7":"pa_cilt-ciltli","8":"pa_tur-kitap","9":"pa_yayinevi-ithaki-yayinlari","10":"pa_yazar-frank-herbert","12":"first","13":"instock","14":"sale","15":"shipping-taxable","16":"purchasable","17":"product-type-simple"},"_links":{"self":[{"href":"https:\/\/roveyayinevi.com.tr\/index.php\/wp-json\/wp\/v2\/product\/728498","targetHints":{"allow":["GET"]}}],"collection":[{"href":"https:\/\/roveyayinevi.com.tr\/index.php\/wp-json\/wp\/v2\/product"}],"about":[{"href":"https:\/\/roveyayinevi.com.tr\/index.php\/wp-json\/wp\/v2\/types\/product"}],"wp:attachment":[{"href":"https:\/\/roveyayinevi.com.tr\/index.php\/wp-json\/wp\/v2\/media?parent=728498"}],"wp:term":[{"taxonomy":"product_brand","embeddable":true,"href":"https:\/\/roveyayinevi.com.tr\/index.php\/wp-json\/wp\/v2\/product_brand?post=728498"},{"taxonomy":"product_cat","embeddable":true,"href":"https:\/\/roveyayinevi.com.tr\/index.php\/wp-json\/wp\/v2\/product_cat?post=728498"},{"taxonomy":"product_tag","embeddable":true,"href":"https:\/\/roveyayinevi.com.tr\/index.php\/wp-json\/wp\/v2\/product_tag?post=728498"}],"curies":[{"name":"wp","href":"https:\/\/api.w.org\/{rel}","templated":true}]}}