{"id":728492,"date":"2025-08-27T20:40:27","date_gmt":"2025-08-27T17:40:27","guid":{"rendered":"https:\/\/roveyayinevi.com.tr\/index.php\/urun\/hayvan-ciftligi-5\/"},"modified":"2026-04-16T02:36:30","modified_gmt":"2026-04-15T23:36:30","slug":"hayvan-ciftligi-5","status":"publish","type":"product","link":"https:\/\/roveyayinevi.com.tr\/index.php\/urun\/hayvan-ciftligi-5\/","title":{"rendered":"Hayvan \u00c7iftli\u011fi"},"content":{"rendered":"<p>\u201cModern tarihin karanl\u0131k taraf\u0131 \u00fczerine yaz\u0131lm\u0131\u015f en \u00f6nemli hiciv.\u201d \u2013Malcolm BradburyRetro Hugo En \u0130yi Novella \u00d6d\u00fcl\u00fc \/ Prometheus \u015eeref K\u00fcrs\u00fcs\u00fc \u00d6d\u00fcl\u00fc\u201cT\u00dcM HAYVANLAR E\u015e\u0130TT\u0130R. AMA BAZI HAYVANLAR DAHA E\u015e\u0130TT\u0130R.\u201d   George Orwell yazd\u0131\u011f\u0131 kitaplar ve denemelerin yan\u0131 s\u0131ra ki\u015fili\u011fi, ideolojisi ve yapt\u0131klar\u0131yla da 20. y\u00fczy\u0131la damga vuran, hatta \u00e7a\u011f\u0131m\u0131z\u0131 de\u011fi\u015ftiren bir isim. Orwell\u2019in maharetleri her ne kadar kitaplar\u0131yla s\u0131n\u0131rl\u0131 olmasa da Hayvan \u00c7iftli\u011fi, siyasi hiciv gelene\u011finin ve distopyan\u0131n \u00e7a\u011f\u0131m\u0131zdaki en iyi \u00f6rneklerinden biri.   Kurgusal bir d\u00fcnya. E\u015fitlikten uzak bir d\u00fczen. Bir tarafta a\u00e7g\u00f6zl\u00fc, dik kafal\u0131, h\u0131rsl\u0131 insanlar. Di\u011fer tarafta ise insanlar\u0131n anlay\u0131\u015ftan uzak, k\u00f6t\u00fcc\u00fcl y\u00f6netiminden usanm\u0131\u015f, ezilen hayvanlar. \u0130ki t\u00fcr aras\u0131ndaki sava\u015f\u0131n k\u0131v\u0131lc\u0131mland\u0131\u011f\u0131 bir \u00e7iftlik. Bu \u00e7iftlikte bilin\u00e7lenip kendilerini geli\u015ftirerek t\u00fcm hayvanlar\u0131 insanlar\u0131n zorbal\u0131\u011f\u0131ndan kurtarmay\u0131 ama\u00e7layan bir hayvan toplulu\u011fu. B\u00fcy\u00fck bir iktidar sava\u015f\u0131.   Konak \u00c7iftli\u011fi\u2019ndeki hayvanlar, sahipleri Bay Jones\u2019un tahakk\u00fcm\u00fcnden kurtulup kontrol\u00fc ele ge\u00e7irdiklerinde \u00f6zg\u00fcrl\u00fck ve e\u015fitli\u011fe dayanan bir gelecek hayaline kap\u0131lm\u0131\u015flard\u0131. Bay Jones \u00e7iftli\u011fini geri almak i\u00e7in planlar yaparken Kartopu ve Napolyon adl\u0131 domuzlar\u0131n liderli\u011findeki hayvanlar da \u00e7iftli\u011fin d\u00fczenini s\u00fcratle \u201cinsani\u201d bir seviyeye \u00e7ekmeye ba\u015flam\u0131\u015ft\u0131. Hayvanlar her ne kadar domuzlar\u0131n izinden gitse de kurduklar\u0131 d\u00fczen demokratikti. En nihayetinde t\u00fcm hayvanlar e\u015fitti. Ama ger\u00e7ekten \u00f6yle miydi? \u0130nsanlar\u0131n rol\u00fcn\u00fc \u00fcstlenmeye ba\u015flayan domuzlar g\u00fcnbeg\u00fcn g\u00fcc\u00fc ele alacak, hayvanlar ise otorite sahipleri de\u011fi\u015fse de otoritenin de\u011fi\u015fmedi\u011fini g\u00f6receklerdi.   <\/p>\n","protected":false},"excerpt":{"rendered":"<p>\u201cModern tarihin karanl\u0131k taraf\u0131 \u00fczerine yaz\u0131lm\u0131\u015f en \u00f6nemli hiciv.\u201d \u2013Malcolm BradburyRetro Hugo En \u0130yi Novella \u00d6d\u00fcl\u00fc \/ Prometheus \u015eeref K\u00fcrs\u00fcs\u00fc \u00d6d\u00fcl\u00fc\u201cT\u00dcM HAYVANLAR E\u015e\u0130TT\u0130R. AMA BAZI HAYVANLAR<span class=\"excerpt-hellip\"> [\u2026]<\/span><\/p>\n","protected":false},"featured_media":0,"template":"","meta":{"_monsterinsights_skip_tracking":false,"_monsterinsights_sitenote_active":false,"_monsterinsights_sitenote_note":"","_monsterinsights_sitenote_category":0},"product_brand":[],"product_cat":[12540,12291],"product_tag":[],"class_list":{"0":"post-728492","1":"product","2":"type-product","3":"status-publish","5":"product_cat-bilim-kurgu","6":"product_cat-edebiyat","7":"pa_cilt-ciltsiz","8":"pa_tur-kitap","9":"pa_yayinevi-ithaki-yayinlari","10":"pa_yazar-george-orwell","12":"first","13":"instock","14":"sale","15":"shipping-taxable","16":"purchasable","17":"product-type-simple"},"_links":{"self":[{"href":"https:\/\/roveyayinevi.com.tr\/index.php\/wp-json\/wp\/v2\/product\/728492","targetHints":{"allow":["GET"]}}],"collection":[{"href":"https:\/\/roveyayinevi.com.tr\/index.php\/wp-json\/wp\/v2\/product"}],"about":[{"href":"https:\/\/roveyayinevi.com.tr\/index.php\/wp-json\/wp\/v2\/types\/product"}],"wp:attachment":[{"href":"https:\/\/roveyayinevi.com.tr\/index.php\/wp-json\/wp\/v2\/media?parent=728492"}],"wp:term":[{"taxonomy":"product_brand","embeddable":true,"href":"https:\/\/roveyayinevi.com.tr\/index.php\/wp-json\/wp\/v2\/product_brand?post=728492"},{"taxonomy":"product_cat","embeddable":true,"href":"https:\/\/roveyayinevi.com.tr\/index.php\/wp-json\/wp\/v2\/product_cat?post=728492"},{"taxonomy":"product_tag","embeddable":true,"href":"https:\/\/roveyayinevi.com.tr\/index.php\/wp-json\/wp\/v2\/product_tag?post=728492"}],"curies":[{"name":"wp","href":"https:\/\/api.w.org\/{rel}","templated":true}]}}