{"id":728491,"date":"2025-08-27T20:40:26","date_gmt":"2025-08-27T17:40:26","guid":{"rendered":"https:\/\/roveyayinevi.com.tr\/index.php\/urun\/esinettanin-canavar-kitabi\/"},"modified":"2026-04-16T02:36:30","modified_gmt":"2026-04-15T23:36:30","slug":"esinettanin-canavar-kitabi","status":"publish","type":"product","link":"https:\/\/roveyayinevi.com.tr\/index.php\/urun\/esinettanin-canavar-kitabi\/","title":{"rendered":"Esinetta&#8217;n\u0131n Canavar Kitab\u0131"},"content":{"rendered":"<p>M\u0131ldred L. Batchelder \u00d6d\u00fcl\u00fcSchool L\u0131brary Journal \u201cY\u0131l\u0131n \u00c7ocuk Kitab\u0131\u201d Se\u00e7kisindeKitap Okumak \u00c7ok Mu E\u011flenceli!?  sen Bir De Kendi Kitab\u0131n\u0131 Yazmay\u0131 Dene!Esinetta, yan\u0131nda kedisi Fellini ve \u00f6n\u00fcnde rengarenk boya kalemleri, ilk kitab\u0131n\u0131 yaz\u0131p resimlemeye haz\u0131r. Cesur bir k\u0131z ile \u00fc\u00e7 ba\u015fl\u0131, iki \u015fapkal\u0131 bir canavar gizemli bir dolapta neler ya\u015fayacaklar? T\u00fcyler \u00fcrperten bir \u00f6yk\u00fc m\u00fc yoksa bol pat\u0131rt\u0131l\u0131, heyecan dolu bir macera m\u0131 bekliyor bizleri? Esinetta \u00e7izdik\u00e7e biz de onunla birlikte bir hik\u00e2yenin do\u011fu\u015funa tan\u0131kl\u0131k edece\u011fiz.Her \u015fey m\u00fcmk\u00fcn ama bir \u015fey kesin: Esinetta\u2019n\u0131n Canavar Kitab\u0131 ile boya kalemlerin kutular\u0131ndan \u00e7\u0131kacak, hayal g\u00fcc\u00fcn kanatlanacak.Eisner \u00d6d\u00fcll\u00fc \u00e7izer Liniers\u2019ten, \u00e7ocuklar\u0131 \u2013ve hatta yeti\u015fkinleri\u2013 kendi resimli kitaplar\u0131n\u0131 yazmaya heveslendirecek, e\u011flenceli ve ilham verici bir \u00e7izgi roman.\u201cYarat\u0131c\u0131l\u0131\u011f\u0131n \u0131\u015f\u0131\u011f\u0131yla parl\u0131yor.\u201d Publishers Weekly<\/p>\n","protected":false},"excerpt":{"rendered":"<p>M\u0131ldred L. Batchelder \u00d6d\u00fcl\u00fcSchool L\u0131brary Journal \u201cY\u0131l\u0131n \u00c7ocuk Kitab\u0131\u201d Se\u00e7kisindeKitap Okumak \u00c7ok Mu E\u011flenceli!? sen Bir De Kendi Kitab\u0131n\u0131 Yazmay\u0131 Dene!Esinetta, yan\u0131nda kedisi Fellini ve \u00f6n\u00fcnde<span class=\"excerpt-hellip\"> [\u2026]<\/span><\/p>\n","protected":false},"featured_media":0,"template":"","meta":{"_monsterinsights_skip_tracking":false,"_monsterinsights_sitenote_active":false,"_monsterinsights_sitenote_note":"","_monsterinsights_sitenote_category":0},"product_brand":[],"product_cat":[12274,12518],"product_tag":[],"class_list":{"0":"post-728491","1":"product","2":"type-product","3":"status-publish","5":"product_cat-cocuk-ve-genclik-kitaplari","6":"product_cat-okul-oncesi-kitaplar","7":"pa_cilt-ciltsiz","8":"pa_tur-kitap","9":"pa_yayinevi-domingo-yayinevi","10":"pa_yazar-ricardo-liniers","12":"first","13":"instock","14":"sale","15":"shipping-taxable","16":"purchasable","17":"product-type-simple"},"_links":{"self":[{"href":"https:\/\/roveyayinevi.com.tr\/index.php\/wp-json\/wp\/v2\/product\/728491","targetHints":{"allow":["GET"]}}],"collection":[{"href":"https:\/\/roveyayinevi.com.tr\/index.php\/wp-json\/wp\/v2\/product"}],"about":[{"href":"https:\/\/roveyayinevi.com.tr\/index.php\/wp-json\/wp\/v2\/types\/product"}],"wp:attachment":[{"href":"https:\/\/roveyayinevi.com.tr\/index.php\/wp-json\/wp\/v2\/media?parent=728491"}],"wp:term":[{"taxonomy":"product_brand","embeddable":true,"href":"https:\/\/roveyayinevi.com.tr\/index.php\/wp-json\/wp\/v2\/product_brand?post=728491"},{"taxonomy":"product_cat","embeddable":true,"href":"https:\/\/roveyayinevi.com.tr\/index.php\/wp-json\/wp\/v2\/product_cat?post=728491"},{"taxonomy":"product_tag","embeddable":true,"href":"https:\/\/roveyayinevi.com.tr\/index.php\/wp-json\/wp\/v2\/product_tag?post=728491"}],"curies":[{"name":"wp","href":"https:\/\/api.w.org\/{rel}","templated":true}]}}