{"id":728490,"date":"2025-08-27T20:40:26","date_gmt":"2025-08-27T17:40:26","guid":{"rendered":"https:\/\/roveyayinevi.com.tr\/index.php\/urun\/en-derin-kuyu-olumsuz-cocukluk-deneyimlerinin-uzun-vadeli-etkilerini-iyilestirmek\/"},"modified":"2026-04-16T02:36:30","modified_gmt":"2026-04-15T23:36:30","slug":"en-derin-kuyu-olumsuz-cocukluk-deneyimlerinin-uzun-vadeli-etkilerini-iyilestirmek","status":"publish","type":"product","link":"https:\/\/roveyayinevi.com.tr\/index.php\/urun\/en-derin-kuyu-olumsuz-cocukluk-deneyimlerinin-uzun-vadeli-etkilerini-iyilestirmek\/","title":{"rendered":"En Derin Kuyu: Olumsuz \u00c7ocukluk Deneyimlerinin Uzun Vadeli Etkilerini \u0130yile\u015ftirmek"},"content":{"rendered":"<p>\u201cEn Derin Kuyu, anne babalar, \u00f6\u011fretmenler, dan\u0131\u015fmanlar, hekimler ve ruh sa\u011fl\u0131\u011f\u0131 profesyonelleri i\u00e7in biraz y\u00fcrek paralay\u0131c\u0131 ve olduk\u00e7a \u00f6\u011fretici bir y\u00fczle\u015fme kitab\u0131. Bir zamanlar \u00e7ocuk olan herkes i\u00e7in de kendini anlamaya d\u00f6n\u00fck bir k\u0131lavuz. Uzun y\u0131llar s\u00fcren bilimsel ve insani bir \u00e7aban\u0131n da apa\u00e7\u0131k bir hik\u00e2yesi.\u201d                                                                     -Cem Mumcu Olumsuz deneyimler ve travmalar fiziksel sa\u011fl\u0131\u011f\u0131 nas\u0131l etkiler? Hangi hastal\u0131klar\u0131n riskini y\u00fckseltirler? Stresin t\u00fcrleri nelerdir? V\u00fccut, stresin ve olumsuz deneyimlerin etkisindeyken nas\u0131l \u00e7al\u0131\u015f\u0131r? Stresin v\u00fccuda zarar vermesinin \u00f6n\u00fcne nas\u0131l ge\u00e7ilir? \u00c7ocukluk travmalar\u0131n\u0131n etkileri yeti\u015fkinlikte nas\u0131l silinir? Travma ya\u015fam\u0131\u015f \u00e7ocuklar\u0131n ebeveynlerine d\u00fc\u015fen g\u00f6revler nelerdir? Olumsuz \u00c7ocukluk Deneyimi (O\u00c7D) puan\u0131n\u0131z nedir? Savunmas\u0131z \u00e7ocuklara y\u00f6nelik \u00f6zel bak\u0131m sa\u011flayan bir hastanede \u00e7al\u0131\u015fan Dr. Nadine Burke Harris, sava\u015f\u00e7\u0131 ve ara\u015ft\u0131rmac\u0131 bir doktor olarak uzun y\u0131llard\u0131r tan\u0131n\u0131yordu. Ama onu toksik stres ve \u00f6m\u00fcr boyu s\u00fcrecek hastal\u0131klar aras\u0131ndaki ba\u011flant\u0131lar\u0131 ortaya \u00e7\u0131karmaya iten, bir cinsel sald\u0131r\u0131dan sonra b\u00fcy\u00fcmesi duran Diego ismindeki hastas\u0131 oldu. Burke Harris\u2019in ara\u015ft\u0131rmas\u0131n\u0131n \u00e7arp\u0131c\u0131 taraf\u0131, v\u00fccutlar\u0131m\u0131z\u0131n O\u00c7D\u2019ler (taciz, ihmal, ba\u011f\u0131ml\u0131 ebeveyn, ak\u0131l hastal\u0131\u011f\u0131 ve bo\u015fanma gibi Olumsuz \u00c7ocukluk Deneyimleri) taraf\u0131ndan ne kadar derinden etkilenebilece\u011fidir. \u00c7ocukluk \u00e7a\u011f\u0131 s\u0131k\u0131nt\u0131lar\u0131 biyolojik sistemlerimizi de\u011fi\u015ftirir ve bu de\u011fi\u015fim kal\u0131c\u0131 h\u00e2le gelerek \u00f6m\u00fcr boyu bizi etkiler. Zor bir \u00e7ocukluk ge\u00e7irmi\u015f ki\u015filer veya bu tip deneyimlere sahip milyonlarca \u00e7ocu\u011fu \u00f6nemseyen herkes i\u00e7in, En Derin Kuyu b\u00fcy\u00fcleyici bir bilimsel i\u00e7g\u00f6r\u00fc sunuyor. Bu kitap, yenilik\u00e7i yakla\u015f\u0131m\u0131 ve yerinde m\u00fcdahaleleriyle, nesiller boyu s\u00fcrebilecek hastal\u0131klar\u0131 \u00f6nlemek i\u00e7in hayati derecede \u00f6nemli olan umudu temsil ediyor. \u201cNadine Burke Harris her birimize kendimizi, \u00e7ocuklar\u0131m\u0131z\u0131 ve d\u00fcnyam\u0131z\u0131 iyile\u015ftirmemize yard\u0131mc\u0131 olabilecek bilime dayal\u0131 yeni bir ara\u00e7 seti sunuyor.\u201d \u2013 Paul Tough, \u00c7ocuklar Nas\u0131l Ba\u015far\u0131l\u0131 Olur\u2019un yazar\u0131  \u201cGiderek sesini y\u00fckselten bir uyand\u0131rma \u00e7a\u011fr\u0131s\u0131&#8230; Bu son derece ilgi \u00e7ekici, k\u0131\u015fk\u0131rt\u0131c\u0131 kitap, makul \u015f\u00fcphenin \u00f6tesinde, milyonlarca ya\u015fam\u0131n \u00e7ocukluk d\u00f6nemi s\u0131k\u0131nt\u0131lar\u0131yla ve toksik stresin uzun vadeli sonu\u00e7lar\u0131yla uzla\u015fmam\u0131za ba\u011fl\u0131 oldu\u011funu kan\u0131tl\u0131yor.\u201d \u2013 Michelle Alexander, The New Jim Crow\u2019un yazar\u0131 \u201cEn Derin Kuyu, hem olumsuz \u00e7ocukluk deneyimlerinin korkun\u00e7 ve \u00f6ng\u00f6r\u00fclebilir sonu\u00e7lar\u0131na a\u015fina olmayan hastalar ve meslekten olmayan ki\u015filer; hem de doktorlar i\u00e7in kesinlikle okunmas\u0131 gereken bir kitap.\u201d \u2013 Dr. Melvin Belsky, The Permanente Journal  \u201cOla\u011fan\u00fcst\u00fc, ayd\u0131nlat\u0131c\u0131 bir kitap.\u201d \u2013 People \u201cEn ciddi sosyal hastal\u0131klar\u0131m\u0131z\u0131 hem anlamak hem de onlara daha etkili kar\u015f\u0131 koyabilmemiz ad\u0131na yaz\u0131lm\u0131\u015f g\u00fc\u00e7l\u00fc, hatta vazge\u00e7ilmez bir \u00e7er\u00e7eve.\u201d \u2013 New York Times <\/p>\n","protected":false},"excerpt":{"rendered":"<p>\u201cEn Derin Kuyu, anne babalar, \u00f6\u011fretmenler, dan\u0131\u015fmanlar, hekimler ve ruh sa\u011fl\u0131\u011f\u0131 profesyonelleri i\u00e7in biraz y\u00fcrek paralay\u0131c\u0131 ve olduk\u00e7a \u00f6\u011fretici bir y\u00fczle\u015fme kitab\u0131. Bir zamanlar \u00e7ocuk olan<span class=\"excerpt-hellip\"> [\u2026]<\/span><\/p>\n","protected":false},"featured_media":0,"template":"","meta":{"_monsterinsights_skip_tracking":false,"_monsterinsights_sitenote_active":false,"_monsterinsights_sitenote_note":"","_monsterinsights_sitenote_category":0},"product_brand":[],"product_cat":[12358,12357],"product_tag":[],"class_list":{"0":"post-728490","1":"product","2":"type-product","3":"status-publish","5":"product_cat-genel-psikoloji","6":"product_cat-psikoloji","7":"pa_cilt-ciltsiz","8":"pa_tur-kitap","9":"pa_yayinevi-epsilon-yayinlari","10":"pa_yazar-nadine-burke-harris","12":"first","13":"instock","14":"sale","15":"shipping-taxable","16":"purchasable","17":"product-type-simple"},"_links":{"self":[{"href":"https:\/\/roveyayinevi.com.tr\/index.php\/wp-json\/wp\/v2\/product\/728490","targetHints":{"allow":["GET"]}}],"collection":[{"href":"https:\/\/roveyayinevi.com.tr\/index.php\/wp-json\/wp\/v2\/product"}],"about":[{"href":"https:\/\/roveyayinevi.com.tr\/index.php\/wp-json\/wp\/v2\/types\/product"}],"wp:attachment":[{"href":"https:\/\/roveyayinevi.com.tr\/index.php\/wp-json\/wp\/v2\/media?parent=728490"}],"wp:term":[{"taxonomy":"product_brand","embeddable":true,"href":"https:\/\/roveyayinevi.com.tr\/index.php\/wp-json\/wp\/v2\/product_brand?post=728490"},{"taxonomy":"product_cat","embeddable":true,"href":"https:\/\/roveyayinevi.com.tr\/index.php\/wp-json\/wp\/v2\/product_cat?post=728490"},{"taxonomy":"product_tag","embeddable":true,"href":"https:\/\/roveyayinevi.com.tr\/index.php\/wp-json\/wp\/v2\/product_tag?post=728490"}],"curies":[{"name":"wp","href":"https:\/\/api.w.org\/{rel}","templated":true}]}}