{"id":728488,"date":"2025-08-27T20:40:24","date_gmt":"2025-08-27T17:40:24","guid":{"rendered":"https:\/\/roveyayinevi.com.tr\/index.php\/urun\/1984-2\/"},"modified":"2025-11-21T06:32:51","modified_gmt":"2025-11-21T03:32:51","slug":"1984-2","status":"publish","type":"product","link":"https:\/\/roveyayinevi.com.tr\/index.php\/urun\/1984-2\/","title":{"rendered":"1984"},"content":{"rendered":"<p>\u201cParti\u2019ye sadakat d\u0131\u015f\u0131nda sadakat olmayacak. B\u00fcy\u00fck Birader a\u015fk\u0131 d\u0131\u015f\u0131nda a\u015fk olmayacak. D\u00fc\u015fman\u0131n cesedinin ba\u015f\u0131nda at\u0131lan d\u0131\u015f\u0131nda kahkaha olmayacak. Sanat, edebiyat, bilim olmayacak. Kadiri mutlak hale geldi\u011fimizde bilime ihtiya\u00e7 kalmayacak. G\u00fczellikle \u00e7irkinlik aras\u0131nda fark kalmayacak. Merak duymak, ya\u015famaktan keyif almak olmayacak. Rakip t\u00fcm zevkler ortadan kald\u0131r\u0131lacak. Ama giderek artan ve gitgide sinsi hale gelen iktidar sarho\u015flu\u011fu her zaman var olacak Winston, sak\u0131n unutma, her zaman. Her an, her zaman bir zafer co\u015fkusu, yere serilmi\u015f bir d\u00fc\u015fman\u0131 ezip ge\u00e7me duygusu olacak ama. Sana gelece\u011fin resmini \u00e7izmemi istiyorsan, bir postal\u0131n bir  insan y\u00fcz\u00fcne bast\u0131\u011f\u0131n\u0131 hayal et \u2014ama ebediyen.\u201d Okyanusya\u2019da sava\u015f \u00e7\u0131\u011fl\u0131klar\u0131n\u0131n, haf\u0131zas\u0131z bir tarihin, Telebakarlar\u0131n, D\u00fc\u015f\u00fcnce Polisi\u2019nin ve her \u015feyi bilen ve g\u00f6ren B\u00fcy\u00fck Bira der\u2019in olmad\u0131\u011f\u0131 tek yer a\u015fkt\u0131 belki de. Her \u015feyin sahibi olan Parti\u2019ye kar\u015f\u0131 direni\u015f, Cinsellikle M\u00fccadele Gen\u00e7lik Kollar\u0131\u2019ndan Julia\u2019n\u0131n, Hakikat Bakanl\u0131\u011f\u0131 personeli Winston Smith\u2019in eline tutu\u015fturdu\u011fu k\u00e2\u011f\u0131tta yazan, sihirli \u201cSeni seviyorum\u201d c\u00fcmlesinde ve uygun ad\u0131m bir d\u00fcnyan\u0131n, parti \u00fcniformalar\u0131n\u0131n yok edemedi\u011fi haz duygusundayd\u0131. Winston kat\u0131la\u015fm\u0131\u015f bedenini a\u015fk\u0131n, d\u00fc\u015f\u00fcncelerini isyan\u0131n kollar\u0131na b\u0131rak\u0131rken, nas\u0131l oldu\u011funu anlad\u0131\u011f\u0131 ama neden oldu\u011funu anla- mad\u0131\u011f\u0131 d\u00fcnyan\u0131n \u00f6l\u00fcleri olduklar\u0131n\u0131 biliyordu. George Orwell\u2019den \u00e7a\u011flar\u0131 a\u015fan bir ba\u015fyap\u0131t 1984.  <\/p>\n","protected":false},"excerpt":{"rendered":"<p>\u201cParti\u2019ye sadakat d\u0131\u015f\u0131nda sadakat olmayacak. B\u00fcy\u00fck Birader a\u015fk\u0131 d\u0131\u015f\u0131nda a\u015fk olmayacak. D\u00fc\u015fman\u0131n cesedinin ba\u015f\u0131nda at\u0131lan d\u0131\u015f\u0131nda kahkaha olmayacak. Sanat, edebiyat, bilim olmayacak. Kadiri mutlak hale geldi\u011fimizde<span class=\"excerpt-hellip\"> [\u2026]<\/span><\/p>\n","protected":false},"featured_media":0,"template":"","meta":{"_monsterinsights_skip_tracking":false,"_monsterinsights_sitenote_active":false,"_monsterinsights_sitenote_note":"","_monsterinsights_sitenote_category":0},"product_brand":[],"product_cat":[12291,12711],"product_tag":[],"class_list":{"0":"post-728488","1":"product","2":"type-product","3":"status-publish","5":"product_cat-edebiyat","6":"product_cat-roman-oyku","7":"pa_cilt-ciltsiz","8":"pa_tur-kitap","9":"pa_yayinevi-dogan-kitap","10":"pa_yazar-george-orwell","12":"first","13":"instock","14":"sale","15":"shipping-taxable","16":"purchasable","17":"product-type-simple"},"_links":{"self":[{"href":"https:\/\/roveyayinevi.com.tr\/index.php\/wp-json\/wp\/v2\/product\/728488","targetHints":{"allow":["GET"]}}],"collection":[{"href":"https:\/\/roveyayinevi.com.tr\/index.php\/wp-json\/wp\/v2\/product"}],"about":[{"href":"https:\/\/roveyayinevi.com.tr\/index.php\/wp-json\/wp\/v2\/types\/product"}],"wp:attachment":[{"href":"https:\/\/roveyayinevi.com.tr\/index.php\/wp-json\/wp\/v2\/media?parent=728488"}],"wp:term":[{"taxonomy":"product_brand","embeddable":true,"href":"https:\/\/roveyayinevi.com.tr\/index.php\/wp-json\/wp\/v2\/product_brand?post=728488"},{"taxonomy":"product_cat","embeddable":true,"href":"https:\/\/roveyayinevi.com.tr\/index.php\/wp-json\/wp\/v2\/product_cat?post=728488"},{"taxonomy":"product_tag","embeddable":true,"href":"https:\/\/roveyayinevi.com.tr\/index.php\/wp-json\/wp\/v2\/product_tag?post=728488"}],"curies":[{"name":"wp","href":"https:\/\/api.w.org\/{rel}","templated":true}]}}