{"id":728486,"date":"2025-08-27T20:40:22","date_gmt":"2025-08-27T17:40:22","guid":{"rendered":"https:\/\/roveyayinevi.com.tr\/index.php\/urun\/hayvan-ciftligi-4\/"},"modified":"2026-04-16T02:36:30","modified_gmt":"2026-04-15T23:36:30","slug":"hayvan-ciftligi-4","status":"publish","type":"product","link":"https:\/\/roveyayinevi.com.tr\/index.php\/urun\/hayvan-ciftligi-4\/","title":{"rendered":"Hayvan \u00c7iftli\u011fi"},"content":{"rendered":"<p>\u201c\u0130ki ayakl\u0131 ne varsa d\u00fc\u015fman\u0131m\u0131zd\u0131r. D\u00f6rt ayakl\u0131 veya kanatl\u0131 ne varsa dostumuzdur. Ve unutmay\u0131n ki insana kar\u015f\u0131 verdi\u011fimiz sava\u015fta, ona benzemekten ka\u00e7\u0131nmam\u0131z da icap eder. Onu fethetti\u011finizde bile asla ahlak\u0131n\u0131 almay\u0131n. Hi\u00e7bir hayvan evde ya\u015famamal\u0131, yatakta yatmamal\u0131, k\u0131yafet giymemeli, alkol ve t\u00fc*t\u00fcn i\u00e7memeli, paraya dokunmamal\u0131, ticaret yapmamal\u0131d\u0131r. \u0130nsan\u0131n c\u00fcmle al\u0131\u015fkanl\u0131\u011f\u0131 k\u00f6t\u00fcd\u00fcr. Ve en \u00f6nemlisi de, hi\u00e7bir hayvan kendi soyundan olana zul\u00fcm etmemelidir. Zay\u0131f da olsak g\u00fc\u00e7l\u00fc de, durgun da olsak zeki de, hepimiz karde\u015fiz. Hi\u00e7bir hayvan asla bir di\u011ferini \u00f6ld\u00fcrmemelidir. T\u00fcm hayvanlar e\u015fittir.\u201d \u00dcstat\u2019\u0131n \u00f6zg\u00fcrl\u00fck ve e\u015fitlik \u00e7a\u011fr\u0131s\u0131yla ba\u015flatt\u0131klar\u0131 \u0130syan\u2019dan sonra, b\u00fct\u00fcn hayvanlar g\u00f6zlerini insan zulm\u00fcn\u00fcn olmad\u0131\u011f\u0131 bir d\u00fcnyaya a\u00e7m\u0131\u015flard\u0131. \u201cBiz ba\u015fka bir \u00e2lem isteriz\u201d diye hayk\u0131r\u0131yorlard\u0131. \u00d6zg\u00fcrlerdi, \u00fcreten de y\u00f6neten de onlar olacakt\u0131. Vars\u0131n b\u00fct\u00fcn s\u00fctler ve yiyecekler domuzlar\u0131n olsundu. Vars\u0131n yine y\u00fcke ko\u015fulsunlard\u0131, vars\u0131n yine cahil kals\u0131nlard\u0131. Gelecek g\u00fczel g\u00fcnler i\u00e7in katlanmaya de\u011ferdi. \u00c7al\u0131\u015ft\u0131lar, umut ettiler, ta ki \u00f6zg\u00fcrl\u00fck d\u00fc\u015fleri domuzlar\u0131n h\u0131zla insana d\u00f6n\u00fc\u015fen suratlar\u0131nda parampar\u00e7a olana kadar.Yirminci y\u00fczy\u0131l\u0131n en \u00f6nemli metinlerinden biri olan Hayvan \u00c7iftli\u011fi, kendi evlatlar\u0131n\u0131 ve d\u00fcnyan\u0131n d\u00fc\u015flerini yiyen t\u00fcm devrimlerin \u00f6yk\u00fcs\u00fc. Ola\u011fan\u00fcst\u00fc bir ba\u015fyap\u0131t. <\/p>\n","protected":false},"excerpt":{"rendered":"<p>\u201c\u0130ki ayakl\u0131 ne varsa d\u00fc\u015fman\u0131m\u0131zd\u0131r. D\u00f6rt ayakl\u0131 veya kanatl\u0131 ne varsa dostumuzdur. Ve unutmay\u0131n ki insana kar\u015f\u0131 verdi\u011fimiz sava\u015fta, ona benzemekten ka\u00e7\u0131nmam\u0131z da icap eder. Onu<span class=\"excerpt-hellip\"> [\u2026]<\/span><\/p>\n","protected":false},"featured_media":0,"template":"","meta":{"_monsterinsights_skip_tracking":false,"_monsterinsights_sitenote_active":false,"_monsterinsights_sitenote_note":"","_monsterinsights_sitenote_category":0},"product_brand":[],"product_cat":[12291,12711],"product_tag":[],"class_list":{"0":"post-728486","1":"product","2":"type-product","3":"status-publish","5":"product_cat-edebiyat","6":"product_cat-roman-oyku","7":"pa_cilt-ciltsiz","8":"pa_tur-kitap","9":"pa_yayinevi-dogan-kitap","10":"pa_yazar-george-orwell","12":"first","13":"instock","14":"sale","15":"shipping-taxable","16":"purchasable","17":"product-type-simple"},"_links":{"self":[{"href":"https:\/\/roveyayinevi.com.tr\/index.php\/wp-json\/wp\/v2\/product\/728486","targetHints":{"allow":["GET"]}}],"collection":[{"href":"https:\/\/roveyayinevi.com.tr\/index.php\/wp-json\/wp\/v2\/product"}],"about":[{"href":"https:\/\/roveyayinevi.com.tr\/index.php\/wp-json\/wp\/v2\/types\/product"}],"wp:attachment":[{"href":"https:\/\/roveyayinevi.com.tr\/index.php\/wp-json\/wp\/v2\/media?parent=728486"}],"wp:term":[{"taxonomy":"product_brand","embeddable":true,"href":"https:\/\/roveyayinevi.com.tr\/index.php\/wp-json\/wp\/v2\/product_brand?post=728486"},{"taxonomy":"product_cat","embeddable":true,"href":"https:\/\/roveyayinevi.com.tr\/index.php\/wp-json\/wp\/v2\/product_cat?post=728486"},{"taxonomy":"product_tag","embeddable":true,"href":"https:\/\/roveyayinevi.com.tr\/index.php\/wp-json\/wp\/v2\/product_tag?post=728486"}],"curies":[{"name":"wp","href":"https:\/\/api.w.org\/{rel}","templated":true}]}}