{"id":728484,"date":"2025-08-27T20:40:20","date_gmt":"2025-08-27T17:40:20","guid":{"rendered":"https:\/\/roveyayinevi.com.tr\/index.php\/urun\/tu\/"},"modified":"2026-04-16T02:36:30","modified_gmt":"2026-04-15T23:36:30","slug":"tu","status":"publish","type":"product","link":"https:\/\/roveyayinevi.com.tr\/index.php\/urun\/tu\/","title":{"rendered":"Tu"},"content":{"rendered":"<p>Tu romana ten\u00eatiy\u00ea; romana roj\u00ean \u00ea\u015f, azar\u00ee \u00fb keserk\u00fbriy\u00ea ye. Digel v\u00ea yek\u00ea, romana roj\u00ean ku r\u00ea \u00fb r\u00ea\u00e7ek\u00ea li ber niv\u00eeskariy\u00ea vedike. Di roj\u00ean weha de pencereyek, dermanek, \u00e7areyek \u00fb ronahiyek div\u00ea; ji w\u00ee kes\u00ea h\u00eav\u00eedar \u00ea ku di nav tar\u00ee \u00fb qir\u00eajiya girt\u00eexan\u00ea de ye. Leheng\u00ea romana Tu, xwe berdide nav reh\u00ean dewlemendiya tar\u00eex, \u00e7and, kultir, ziman \u00fb folklora kurd\u00ee \u00fb p\u00ea de dihere; dibe n\u00ea\u00e7\u00eervan\u00ea peyv \u00fb gotin\u00ean ziman\u00ea kurd\u00ee, p\u00ea nefes\u00ea digire \u00fb dide. Di nav v\u00ea jiyana girt\u00eexana bedb\u00een \u00fb dijwar de k\u00eazikek dibe heval\u00ea w\u00ee. B\u00fbyer \u00fb serp\u00eahatiy\u00ean dihu y\u00ean zarokat\u00ee \u00fb \u00e7\u00eeroka dap\u00eer\u00ea dibin d\u00eemen\u00ean reng\u00een \u00fb pastoral \u00ean roman\u00ea. Serbor\u00ee \u00fb mot\u00eef\u00ean rojhilat, bi tekn\u00eek\u00ean edeb\u00ee y\u00ean r*ojava t\u00ean h\u00fbnandin. Ziman, kultir, folklora gel\u00ear\u00ee, m\u00eemar\u00ee, serp\u00eahat\u00ee \u00fb kevne\u015fopiya kurdan a cograf\u00eek, wek\u00ee w\u00eaneyek\u00ee kevnare hatine raxistin li ber \u00e7avan di v\u00ea roman\u00ea de. Dema roman bi daw\u00ee dibe, tehma jan \u00fb keseran a bi h\u00eaviyeke xurt veguheziye serkeftineke nefsbi\u00e7\u00fbk, ji dil\u00ea meriv diniqute. Tu destp\u00eakek e \u00fb mizg\u00eeniya xurtb\u00fbna berhem\u00ean li pey xwe dide me. <\/p>\n","protected":false},"excerpt":{"rendered":"<p>Tu romana ten\u00eatiy\u00ea; romana roj\u00ean \u00ea\u015f, azar\u00ee \u00fb keserk\u00fbriy\u00ea ye. Digel v\u00ea yek\u00ea, romana roj\u00ean ku r\u00ea \u00fb r\u00ea\u00e7ek\u00ea li ber niv\u00eeskariy\u00ea vedike. Di roj\u00ean weha<span class=\"excerpt-hellip\"> [\u2026]<\/span><\/p>\n","protected":false},"featured_media":0,"template":"","meta":{"_monsterinsights_skip_tracking":false,"_monsterinsights_sitenote_active":false,"_monsterinsights_sitenote_note":"","_monsterinsights_sitenote_category":0},"product_brand":[],"product_cat":[12472],"product_tag":[],"class_list":{"0":"post-728484","1":"product","2":"type-product","3":"status-publish","5":"product_cat-yabanci-dilde-kitaplar","6":"pa_cilt-ciltsiz","7":"pa_tur-kitap","8":"pa_yayinevi-sel-yayincilik","9":"pa_yazar-mehmed-uzun","11":"first","12":"instock","13":"sale","14":"shipping-taxable","15":"purchasable","16":"product-type-simple"},"_links":{"self":[{"href":"https:\/\/roveyayinevi.com.tr\/index.php\/wp-json\/wp\/v2\/product\/728484","targetHints":{"allow":["GET"]}}],"collection":[{"href":"https:\/\/roveyayinevi.com.tr\/index.php\/wp-json\/wp\/v2\/product"}],"about":[{"href":"https:\/\/roveyayinevi.com.tr\/index.php\/wp-json\/wp\/v2\/types\/product"}],"wp:attachment":[{"href":"https:\/\/roveyayinevi.com.tr\/index.php\/wp-json\/wp\/v2\/media?parent=728484"}],"wp:term":[{"taxonomy":"product_brand","embeddable":true,"href":"https:\/\/roveyayinevi.com.tr\/index.php\/wp-json\/wp\/v2\/product_brand?post=728484"},{"taxonomy":"product_cat","embeddable":true,"href":"https:\/\/roveyayinevi.com.tr\/index.php\/wp-json\/wp\/v2\/product_cat?post=728484"},{"taxonomy":"product_tag","embeddable":true,"href":"https:\/\/roveyayinevi.com.tr\/index.php\/wp-json\/wp\/v2\/product_tag?post=728484"}],"curies":[{"name":"wp","href":"https:\/\/api.w.org\/{rel}","templated":true}]}}