{"id":728483,"date":"2025-08-27T20:40:19","date_gmt":"2025-08-27T17:40:19","guid":{"rendered":"https:\/\/roveyayinevi.com.tr\/index.php\/urun\/ruhun-gokkusagi\/"},"modified":"2026-04-16T02:36:30","modified_gmt":"2026-04-15T23:36:30","slug":"ruhun-gokkusagi","status":"publish","type":"product","link":"https:\/\/roveyayinevi.com.tr\/index.php\/urun\/ruhun-gokkusagi\/","title":{"rendered":"Ruhun G\u00f6kku\u015fa\u011f\u0131"},"content":{"rendered":"<p>Yazman\u0131n, anadilini ya\u015fatman\u0131n, k\u00f6kenlerini unutmadan onun s\u0131n\u0131rlar\u0131n\u0131 a\u015fma iradesinin ald\u0131\u011f\u0131 en hayati karar oldu\u011fu bilinciyle kalemini bileyen Mehmed Uzun, Ruhun G\u00f6kku\u015fa\u011f\u0131&#8217;nda ki\u015fisel yolculu\u011funu anlat\u0131yor. Urfa&#8217;da ba\u015flayan ve bask\u0131n\u0131n, zulm\u00fcn, \u00f6l\u00fcm\u00fcn g\u00f6lgesinde s\u00fcren, K\u00fcrt halk\u0131n\u0131n ortak kaderiyle paralel ilerleyen ya\u015fam\u0131n\u0131n politik gerek\u00e7elerle s\u00fcrekli y\u00f6n de\u011fi\u015ftiren rotas\u0131 do\u011fruluktan asla \u015fa\u015fm\u0131yor. Eserlerine kaynakl\u0131k eden geleneksel motifleri evrensele aktar\u0131rken tutundu\u011fu saikleri okuruna i\u00e7tenlikle a\u00e7\u0131yor.Kendini &#8220;radikal h\u00fcmanist&#8221; olarak tan\u0131mlayan Uzun, Mezopotamya&#8217;da yak\u0131lan me\u015faleyi s\u00f6z\u00fcn kudretine dair s\u00f6nmeyen bir inan\u00e7la \u0130sve\u00e7&#8217;in bembeyaz ormanlar\u0131na ta\u015f\u0131yor<\/p>\n","protected":false},"excerpt":{"rendered":"<p>Yazman\u0131n, anadilini ya\u015fatman\u0131n, k\u00f6kenlerini unutmadan onun s\u0131n\u0131rlar\u0131n\u0131 a\u015fma iradesinin ald\u0131\u011f\u0131 en hayati karar oldu\u011fu bilinciyle kalemini bileyen Mehmed Uzun, Ruhun G\u00f6kku\u015fa\u011f\u0131&#8217;nda ki\u015fisel yolculu\u011funu anlat\u0131yor. Urfa&#8217;da ba\u015flayan<span class=\"excerpt-hellip\"> [\u2026]<\/span><\/p>\n","protected":false},"featured_media":0,"template":"","meta":{"_monsterinsights_skip_tracking":false,"_monsterinsights_sitenote_active":false,"_monsterinsights_sitenote_note":"","_monsterinsights_sitenote_category":0},"product_brand":[],"product_cat":[12777,12291],"product_tag":[],"class_list":{"0":"post-728483","1":"product","2":"type-product","3":"status-publish","5":"product_cat-deneme","6":"product_cat-edebiyat","7":"pa_cilt-ciltsiz","8":"pa_tur-kitap","9":"pa_yayinevi-sel-yayincilik","10":"pa_yazar-mehmed-uzun","12":"first","13":"instock","14":"sale","15":"shipping-taxable","16":"purchasable","17":"product-type-simple"},"_links":{"self":[{"href":"https:\/\/roveyayinevi.com.tr\/index.php\/wp-json\/wp\/v2\/product\/728483","targetHints":{"allow":["GET"]}}],"collection":[{"href":"https:\/\/roveyayinevi.com.tr\/index.php\/wp-json\/wp\/v2\/product"}],"about":[{"href":"https:\/\/roveyayinevi.com.tr\/index.php\/wp-json\/wp\/v2\/types\/product"}],"wp:attachment":[{"href":"https:\/\/roveyayinevi.com.tr\/index.php\/wp-json\/wp\/v2\/media?parent=728483"}],"wp:term":[{"taxonomy":"product_brand","embeddable":true,"href":"https:\/\/roveyayinevi.com.tr\/index.php\/wp-json\/wp\/v2\/product_brand?post=728483"},{"taxonomy":"product_cat","embeddable":true,"href":"https:\/\/roveyayinevi.com.tr\/index.php\/wp-json\/wp\/v2\/product_cat?post=728483"},{"taxonomy":"product_tag","embeddable":true,"href":"https:\/\/roveyayinevi.com.tr\/index.php\/wp-json\/wp\/v2\/product_tag?post=728483"}],"curies":[{"name":"wp","href":"https:\/\/api.w.org\/{rel}","templated":true}]}}