{"id":728481,"date":"2025-08-27T20:40:18","date_gmt":"2025-08-27T17:40:18","guid":{"rendered":"https:\/\/roveyayinevi.com.tr\/index.php\/urun\/hawara-dicleye-ii\/"},"modified":"2026-04-16T02:36:30","modified_gmt":"2026-04-15T23:36:30","slug":"hawara-dicleye-ii","status":"publish","type":"product","link":"https:\/\/roveyayinevi.com.tr\/index.php\/urun\/hawara-dicleye-ii\/","title":{"rendered":"Hawara D\u0131cleye &#8211; II"},"content":{"rendered":"<p>Deng\u00ea jib\u00eerb\u00fbyiyan, di v\u00ee be\u015f\u00ea duwem\u00een \u00ea roman\u00ea de j\u00ee t\u00ea vegotin. Veb\u00eaj\u00ea roman\u00ea wek\u00ee ava \u00e7em\u00ea d\u00eecley\u00ea b\u00ea west \u00fb rawest her diherike, dibe deng\u00ea d\u00eeroka n\u00eaz\u00eek \u00fb kevne\u015fopiy\u00ean ew\u00e7end qeh\u00eem \u00fb kevnare y\u00ean nav\u00e7ey\u00ea \u00fb \u00eensan\u00ea w\u00ea serdem\u00ea. Qehreman \u00fb veb\u00eaj\u00ea roman\u00ea, Biroy\u00ea Dir\u00eaj bi sebra Ey\u00fbb P\u00eaxember, serp\u00eahat\u00ee \u00fb serb\u00fbriy\u00ean jiyana xwe yek bi yek b\u00eay\u00ee ku b\u00eahna xwe teng bike ji xort\u00ean dilovan \u00ean haw\u00eerdor re vedib\u00eaje. Riy\u00ean jiyana M\u00eer Bedirxan; d\u00fbr, dir\u00eaj \u00fb dijwartir dibin. Pi\u015ft\u00ee serhildana M\u00eer \u00fb \u015fer\u00ea mezin \u00ea Osmaniyan, M\u00eer ji welat\u00ea Ciz\u00eera Botan; bi tev\u00ee nas, xizm, jin, cariye, yawer, zarok, nev\u00ee \u00fb n\u00eaz\u00ean xwe ji wel\u00eat t\u00ea nef\u00eekirin. P\u00ea\u015f\u00ee Stembol \u00fb girava Gir\u00eed\u00ea dibe war\u00ea w\u00ee, bi d\u00fb re j\u00ee bajar\u00ea miqedes \u00ea \u00eeslamiyet\u00ea \u015eam. Sirg\u00fbn dibe qedera w\u00ee. Berdewamiya Hawara D\u00eecley\u00ea, bi mirin, q\u00eer\u00een, hawar, sirg\u00fbnb\u00fbn, \u00e7\u00eeke-\u00e7\u00eeka \u015f\u00fbr\u00ean \u015f\u00fbrbazan \u00fb deng\u00ea bilind \u00ea b\u00eadengiya Estera Keldan, ku di dil \u00fb m\u00eajiy\u00ea Biroy\u00ea Dengb\u00eaj de her olan dide, didome \u00fb bi v\u00ea gotina ku \u00ead\u00ee b\u00fbye klas\u00eek &#8221;We xwest, min j\u00ee got \u00fb ji \u00eero p\u00ea ve \u00ead\u00ee h\u00fbn \u00ea bib\u00eajin, p\u00ea\u015f\u00ee ji kes\u00ean ku li serp\u00eahatiya min meraq dikirin, pa\u015f\u00ea j\u00ee ji der \u00fb dor\u00ean xwe re. De niha qend\u00eel\u00ea bitef\u00eenin \u00fb \u00ead\u00ee herin,&#8221; bi daw\u00ee dibe.<\/p>\n","protected":false},"excerpt":{"rendered":"<p>Deng\u00ea jib\u00eerb\u00fbyiyan, di v\u00ee be\u015f\u00ea duwem\u00een \u00ea roman\u00ea de j\u00ee t\u00ea vegotin. Veb\u00eaj\u00ea roman\u00ea wek\u00ee ava \u00e7em\u00ea d\u00eecley\u00ea b\u00ea west \u00fb rawest her diherike, dibe deng\u00ea<span class=\"excerpt-hellip\"> [\u2026]<\/span><\/p>\n","protected":false},"featured_media":0,"template":"","meta":{"_monsterinsights_skip_tracking":false,"_monsterinsights_sitenote_active":false,"_monsterinsights_sitenote_note":"","_monsterinsights_sitenote_category":0},"product_brand":[],"product_cat":[12472],"product_tag":[],"class_list":{"0":"post-728481","1":"product","2":"type-product","3":"status-publish","5":"product_cat-yabanci-dilde-kitaplar","6":"pa_cilt-ciltsiz","7":"pa_tur-kitap","8":"pa_yayinevi-sel-yayincilik","9":"pa_yazar-mehmed-uzun","11":"first","12":"instock","13":"sale","14":"shipping-taxable","15":"purchasable","16":"product-type-simple"},"_links":{"self":[{"href":"https:\/\/roveyayinevi.com.tr\/index.php\/wp-json\/wp\/v2\/product\/728481","targetHints":{"allow":["GET"]}}],"collection":[{"href":"https:\/\/roveyayinevi.com.tr\/index.php\/wp-json\/wp\/v2\/product"}],"about":[{"href":"https:\/\/roveyayinevi.com.tr\/index.php\/wp-json\/wp\/v2\/types\/product"}],"wp:attachment":[{"href":"https:\/\/roveyayinevi.com.tr\/index.php\/wp-json\/wp\/v2\/media?parent=728481"}],"wp:term":[{"taxonomy":"product_brand","embeddable":true,"href":"https:\/\/roveyayinevi.com.tr\/index.php\/wp-json\/wp\/v2\/product_brand?post=728481"},{"taxonomy":"product_cat","embeddable":true,"href":"https:\/\/roveyayinevi.com.tr\/index.php\/wp-json\/wp\/v2\/product_cat?post=728481"},{"taxonomy":"product_tag","embeddable":true,"href":"https:\/\/roveyayinevi.com.tr\/index.php\/wp-json\/wp\/v2\/product_tag?post=728481"}],"curies":[{"name":"wp","href":"https:\/\/api.w.org\/{rel}","templated":true}]}}