{"id":728480,"date":"2025-08-27T20:40:17","date_gmt":"2025-08-27T17:40:17","guid":{"rendered":"https:\/\/roveyayinevi.com.tr\/index.php\/urun\/hawara-dicleye-i\/"},"modified":"2026-04-16T02:36:01","modified_gmt":"2026-04-15T23:36:01","slug":"hawara-dicleye-i","status":"publish","type":"product","link":"https:\/\/roveyayinevi.com.tr\/index.php\/urun\/hawara-dicleye-i\/","title":{"rendered":"Hawara D\u0131cleye &#8211; I"},"content":{"rendered":"<p>Romana Hawara D\u00eecley\u00ea li ser dengan ava b\u00fbye. H\u00eem \u00fb bingeha roman\u00ea ji deng\u00ean ber\u00ea y\u00ean ku di nava r\u00fbpel\u00ean tar\u00eex\u00ea de ve\u015fart\u00ee ne hatiye p\u00ea. Qehreman\u00ea roman\u00ea Biroy\u00ea Dengb\u00eaj, dibe deng\u00ea jib\u00eerb\u00fbyiyan. Peywira sereketir\u00een a veb\u00eaj\u00ea v\u00ea vegotina d\u00fbr \u00fb dir\u00eaj, vegera li rabird\u00fby\u00ea ye, deng\u00ea do \u00fb \u00eero digih\u00eene hev\u00fbdu \u00fb b\u00eay\u00ee ku raweste \u00e7\u00eal\u00ea l\u00ea dike. Herweha ev roman, vegotineke modern a wek\u00ee pireke ku di navbera pa\u015feroj \u00fb p\u00ea\u015feroj\u00ea de hatibe avakirin e. Biroy\u00ea Dir\u00eaj, wez\u00eefeya b\u00eera civak\u00ee bi cih t\u00eene \u00fb serb\u00fbriy\u00ean ku jiyaye bi \u00eero, bi guhdar \u00fb herwek\u00ee ku t\u00ea zan\u00een bi xwendevanan digih\u00eene. Umir\u00ea Biroy\u00ea ku \u00ead\u00ee li pey maye, \u015fahid\u00ee \u00fb \u00e7avd\u00eariya komkujiyan, jihev\u00fbduveqet\u00eenan, welat\u00ea xer\u00eeban \u00fb t\u00eak\u00e7\u00fbyinan dike. Bi \u00e7\u00ealkirina v\u00ea vegotin\u00ea, he\u00e7ku Biroy\u00ea Dengb\u00eaj d\u00eesa bi M\u00eer, Heme, Gul\u00eezer, Migo, Arm\u00ea, Mam Sefo \u00fb ev\u00eendara xwe Ester\u00ea re ji n\u00fb ve bij\u00ee.<\/p>\n","protected":false},"excerpt":{"rendered":"<p>Romana Hawara D\u00eecley\u00ea li ser dengan ava b\u00fbye. H\u00eem \u00fb bingeha roman\u00ea ji deng\u00ean ber\u00ea y\u00ean ku di nava r\u00fbpel\u00ean tar\u00eex\u00ea de ve\u015fart\u00ee ne hatiye p\u00ea.<span class=\"excerpt-hellip\"> [\u2026]<\/span><\/p>\n","protected":false},"featured_media":0,"template":"","meta":{"_monsterinsights_skip_tracking":false,"_monsterinsights_sitenote_active":false,"_monsterinsights_sitenote_note":"","_monsterinsights_sitenote_category":0},"product_brand":[],"product_cat":[12472],"product_tag":[],"class_list":{"0":"post-728480","1":"product","2":"type-product","3":"status-publish","5":"product_cat-yabanci-dilde-kitaplar","6":"pa_cilt-ciltsiz","7":"pa_tur-kitap","8":"pa_yayinevi-sel-yayincilik","9":"pa_yazar-mehmet-uzun","11":"first","12":"instock","13":"sale","14":"shipping-taxable","15":"purchasable","16":"product-type-simple"},"_links":{"self":[{"href":"https:\/\/roveyayinevi.com.tr\/index.php\/wp-json\/wp\/v2\/product\/728480","targetHints":{"allow":["GET"]}}],"collection":[{"href":"https:\/\/roveyayinevi.com.tr\/index.php\/wp-json\/wp\/v2\/product"}],"about":[{"href":"https:\/\/roveyayinevi.com.tr\/index.php\/wp-json\/wp\/v2\/types\/product"}],"wp:attachment":[{"href":"https:\/\/roveyayinevi.com.tr\/index.php\/wp-json\/wp\/v2\/media?parent=728480"}],"wp:term":[{"taxonomy":"product_brand","embeddable":true,"href":"https:\/\/roveyayinevi.com.tr\/index.php\/wp-json\/wp\/v2\/product_brand?post=728480"},{"taxonomy":"product_cat","embeddable":true,"href":"https:\/\/roveyayinevi.com.tr\/index.php\/wp-json\/wp\/v2\/product_cat?post=728480"},{"taxonomy":"product_tag","embeddable":true,"href":"https:\/\/roveyayinevi.com.tr\/index.php\/wp-json\/wp\/v2\/product_tag?post=728480"}],"curies":[{"name":"wp","href":"https:\/\/api.w.org\/{rel}","templated":true}]}}