{"id":728479,"date":"2025-08-27T20:40:16","date_gmt":"2025-08-27T17:40:16","guid":{"rendered":"https:\/\/roveyayinevi.com.tr\/index.php\/urun\/nar-cicekleri\/"},"modified":"2026-04-16T02:36:01","modified_gmt":"2026-04-15T23:36:01","slug":"nar-cicekleri","status":"publish","type":"product","link":"https:\/\/roveyayinevi.com.tr\/index.php\/urun\/nar-cicekleri\/","title":{"rendered":"Nar \u00c7i\u00e7ekleri"},"content":{"rendered":"<p>Bu topraklar\u0131n \u00e7okk\u00fclt\u00fcrl\u00fcl\u00fck ger\u00e7e\u011fini devlet eliyle hoyrat\u00e7a budamaya kalkanlara ra\u011fmen &#8220;biz&#8221; ve &#8220;\u00f6tekiler&#8221; ayr\u0131m\u0131n\u0131 t\u00fcm\u00fcyle ortadan kald\u0131rmaya \u00e7al\u0131\u015farak dallar\u0131n\u0131 yeniden ye\u015ferten ve k\u00f6k salan koca \u00e7\u0131narlar\u0131n miras\u0131n\u0131 bug\u00fcne ta\u015f\u0131yan Mehmed Uzun, bamba\u015fka bir co\u011frafyaya s\u0131k\u0131\u015f\u0131p kalsa dahi bir arada ya\u015faman\u0131n k\u0131ymetini ve kendini \u00f6teki&#8217;nin yerine koyabilmenin \u00f6nemini denemeleriyle bir kez daha hat\u0131rlat\u0131yor.\u00d6mr\u00fcn\u00fcn ilk yar\u0131s\u0131n\u0131 T\u00fcrkiye&#8217;de \u00e7e\u015fitli hapishanelerde, di\u011fer yar\u0131s\u0131n\u0131 ise s\u00fcrg\u00fcnde ge\u00e7irmek zorunda kalan \u00e7a\u011fda\u015f bir K\u00fcrt ayd\u0131n\u0131n\u0131n perspektifinden sava\u015flar, k\u0131y\u0131mlar, s\u00fcrg\u00fcnler, g\u00f6\u00e7ler, fa\u015fizm ve \u0131rk\u00e7\u0131l\u0131k \u00e7a\u011f\u0131 olan 20. y\u00fczy\u0131la dokunakl\u0131 ve i\u00e7ten bir bak\u0131\u015f&#8230;<\/p>\n","protected":false},"excerpt":{"rendered":"<p>Bu topraklar\u0131n \u00e7okk\u00fclt\u00fcrl\u00fcl\u00fck ger\u00e7e\u011fini devlet eliyle hoyrat\u00e7a budamaya kalkanlara ra\u011fmen &#8220;biz&#8221; ve &#8220;\u00f6tekiler&#8221; ayr\u0131m\u0131n\u0131 t\u00fcm\u00fcyle ortadan kald\u0131rmaya \u00e7al\u0131\u015farak dallar\u0131n\u0131 yeniden ye\u015ferten ve k\u00f6k salan koca \u00e7\u0131narlar\u0131n<span class=\"excerpt-hellip\"> [\u2026]<\/span><\/p>\n","protected":false},"featured_media":0,"template":"","meta":{"_monsterinsights_skip_tracking":false,"_monsterinsights_sitenote_active":false,"_monsterinsights_sitenote_note":"","_monsterinsights_sitenote_category":0},"product_brand":[],"product_cat":[12777,12291],"product_tag":[],"class_list":{"0":"post-728479","1":"product","2":"type-product","3":"status-publish","5":"product_cat-deneme","6":"product_cat-edebiyat","7":"pa_cilt-ciltsiz","8":"pa_tur-kitap","9":"pa_yayinevi-sel-yayincilik","10":"pa_yazar-mehmed-uzun","12":"first","13":"instock","14":"sale","15":"shipping-taxable","16":"purchasable","17":"product-type-simple"},"_links":{"self":[{"href":"https:\/\/roveyayinevi.com.tr\/index.php\/wp-json\/wp\/v2\/product\/728479","targetHints":{"allow":["GET"]}}],"collection":[{"href":"https:\/\/roveyayinevi.com.tr\/index.php\/wp-json\/wp\/v2\/product"}],"about":[{"href":"https:\/\/roveyayinevi.com.tr\/index.php\/wp-json\/wp\/v2\/types\/product"}],"wp:attachment":[{"href":"https:\/\/roveyayinevi.com.tr\/index.php\/wp-json\/wp\/v2\/media?parent=728479"}],"wp:term":[{"taxonomy":"product_brand","embeddable":true,"href":"https:\/\/roveyayinevi.com.tr\/index.php\/wp-json\/wp\/v2\/product_brand?post=728479"},{"taxonomy":"product_cat","embeddable":true,"href":"https:\/\/roveyayinevi.com.tr\/index.php\/wp-json\/wp\/v2\/product_cat?post=728479"},{"taxonomy":"product_tag","embeddable":true,"href":"https:\/\/roveyayinevi.com.tr\/index.php\/wp-json\/wp\/v2\/product_tag?post=728479"}],"curies":[{"name":"wp","href":"https:\/\/api.w.org\/{rel}","templated":true}]}}