{"id":728478,"date":"2025-08-27T20:40:15","date_gmt":"2025-08-27T17:40:15","guid":{"rendered":"https:\/\/roveyayinevi.com.tr\/index.php\/urun\/canim-kuzenim\/"},"modified":"2026-04-13T02:44:45","modified_gmt":"2026-04-12T23:44:45","slug":"canim-kuzenim","status":"publish","type":"product","link":"https:\/\/roveyayinevi.com.tr\/index.php\/urun\/canim-kuzenim\/","title":{"rendered":"Can\u0131m Kuzenim"},"content":{"rendered":"<p>Resimli kitaplarda s\u00f6zleri mi takip etmeliyiz yoksa \u00e7izimlere dal\u0131p hikayenin ak\u0131\u015f\u0131na m\u0131 kendimizi b\u0131rakmal\u0131y\u0131z? Belki herkesin tarz\u0131 farkl\u0131d\u0131r. Ancak Francesca Dell\u2019Orto \u00e7izimlerindeki \u00f6zg\u00fcn yakla\u015f\u0131mla hepimizi b\u00fcy\u00fcl\u00fcyor. \u015e\u00f6yle bir bak\u0131p ge\u00e7mek yerine, g\u00f6zlerimizi g\u00f6rsellere m\u0131hl\u0131yor. Bir resimli kitapta g\u00f6rsel \u015f\u00f6len nas\u0131l m\u00fcmk\u00fcn; adeta ders veriyor.   K\u0131za benzeyen Pedro, ayn\u0131 okulda okuyan ablas\u0131n\u0131n korumas\u0131na ra\u011fmen zorbal\u0131k g\u00f6rmekten kurtulam\u0131yor. Ne denli tan\u0131d\u0131k bir durum. Y\u00fcre\u011fimiz her zaman zorbal\u0131k g\u00f6renden yana at\u0131yor. Ne ki; zorba da bizim \u00e7ocu\u011fumuz.   Hikayeleri hep h\u0131rpalanan \u00e7ocuklar\u0131n g\u00f6z\u00fcnden dinlemeye al\u0131\u015ft\u0131k. Bu kez bak\u0131\u015f a\u00e7\u0131s\u0131 de\u011fi\u015fiyor, kamera zorbay\u0131 zumluyor. Juan, zorbal\u0131k yapt\u0131\u011f\u0131 Pedro\u2019yla sonunda y\u00fczle\u015fmek zorunda kal\u0131yor. Hayat bazen planlad\u0131\u011f\u0131m\u0131z gibi ilerlemez de\u011fil mi? <\/p>\n","protected":false},"excerpt":{"rendered":"<p>Resimli kitaplarda s\u00f6zleri mi takip etmeliyiz yoksa \u00e7izimlere dal\u0131p hikayenin ak\u0131\u015f\u0131na m\u0131 kendimizi b\u0131rakmal\u0131y\u0131z? Belki herkesin tarz\u0131 farkl\u0131d\u0131r. Ancak Francesca Dell\u2019Orto \u00e7izimlerindeki \u00f6zg\u00fcn yakla\u015f\u0131mla hepimizi b\u00fcy\u00fcl\u00fcyor.<span class=\"excerpt-hellip\"> [\u2026]<\/span><\/p>\n","protected":false},"featured_media":0,"template":"","meta":{"_monsterinsights_skip_tracking":false,"_monsterinsights_sitenote_active":false,"_monsterinsights_sitenote_note":"","_monsterinsights_sitenote_category":0},"product_brand":[],"product_cat":[12274,12284],"product_tag":[],"class_list":{"0":"post-728478","1":"product","2":"type-product","3":"status-publish","5":"product_cat-cocuk-ve-genclik-kitaplari","6":"product_cat-hikayeler","7":"pa_cilt-ciltsiz","8":"pa_tur-kitap","9":"pa_yayinevi-yeni-insan-yayinlari","10":"pa_yazar-susana-aliano-casales","12":"first","13":"instock","14":"sale","15":"shipping-taxable","16":"purchasable","17":"product-type-simple"},"_links":{"self":[{"href":"https:\/\/roveyayinevi.com.tr\/index.php\/wp-json\/wp\/v2\/product\/728478","targetHints":{"allow":["GET"]}}],"collection":[{"href":"https:\/\/roveyayinevi.com.tr\/index.php\/wp-json\/wp\/v2\/product"}],"about":[{"href":"https:\/\/roveyayinevi.com.tr\/index.php\/wp-json\/wp\/v2\/types\/product"}],"wp:attachment":[{"href":"https:\/\/roveyayinevi.com.tr\/index.php\/wp-json\/wp\/v2\/media?parent=728478"}],"wp:term":[{"taxonomy":"product_brand","embeddable":true,"href":"https:\/\/roveyayinevi.com.tr\/index.php\/wp-json\/wp\/v2\/product_brand?post=728478"},{"taxonomy":"product_cat","embeddable":true,"href":"https:\/\/roveyayinevi.com.tr\/index.php\/wp-json\/wp\/v2\/product_cat?post=728478"},{"taxonomy":"product_tag","embeddable":true,"href":"https:\/\/roveyayinevi.com.tr\/index.php\/wp-json\/wp\/v2\/product_tag?post=728478"}],"curies":[{"name":"wp","href":"https:\/\/api.w.org\/{rel}","templated":true}]}}