{"id":728477,"date":"2025-08-27T20:40:14","date_gmt":"2025-08-27T17:40:14","guid":{"rendered":"https:\/\/roveyayinevi.com.tr\/index.php\/urun\/dengbejlerim\/"},"modified":"2026-04-16T02:36:01","modified_gmt":"2026-04-15T23:36:01","slug":"dengbejlerim","status":"publish","type":"product","link":"https:\/\/roveyayinevi.com.tr\/index.php\/urun\/dengbejlerim\/","title":{"rendered":"Dengbejlerim"},"content":{"rendered":"<p>K\u00fcrt\u00e7e edebiyat\u0131n usta ismi Mehmed Uzun Dengb\u00eajlerim&#8217;de okuru zorbal\u0131\u011f\u0131 da bar\u0131nd\u0131ran asimilasyon politikalar\u0131na ra\u011fmen yok edilemeyen bir k\u00fclt\u00fcr miras\u0131na sahip olabilmenin co\u015fkusuna davet ediyor.S\u00fcrg\u00fcn y\u0131llar\u0131nda g\u00f6n\u00fclden ba\u011fland\u0131\u011f\u0131 Homeros, Ovidius, Canetti, Joyce, Brodsky gibi Bat\u0131l\u0131 s\u00f6z ustalar\u0131 ile k\u00f6klerindeki sese can veren dengb\u00eajlerin aras\u0131ndaki k\u00fclt\u00fcrleraras\u0131 ba\u011flar\u0131 g\u00fc\u00e7lendiriyor. Ap\u00ea Qado&#8217;nun, Evdal\u00ea Zeynik\u00ea&#8217;nin, Alihan&#8217;\u0131n, R\u0131fat\u00ea Dar\u00ea&#8217;nin, Ehmed\u00ea Ferman\u00ea K\u00eek\u00ee&#8217;nin ya\u015fam\u00f6yk\u00fcleri ve s\u00f6zl\u00fc miras\u0131 bu vesileyle \u00f6l\u00fcms\u00fczle\u015firken, birbirine t\u00fcm\u00fcyle yabanc\u0131ym\u0131\u015f gibi g\u00f6r\u00fcnen iki d\u00fcnya aras\u0131ndaki \u00e7izgiler Uzun&#8217;un an\u0131lar\u0131nda silikle\u015fip ustal\u0131kla harmanlan\u0131yor.<\/p>\n","protected":false},"excerpt":{"rendered":"<p>K\u00fcrt\u00e7e edebiyat\u0131n usta ismi Mehmed Uzun Dengb\u00eajlerim&#8217;de okuru zorbal\u0131\u011f\u0131 da bar\u0131nd\u0131ran asimilasyon politikalar\u0131na ra\u011fmen yok edilemeyen bir k\u00fclt\u00fcr miras\u0131na sahip olabilmenin co\u015fkusuna davet ediyor.S\u00fcrg\u00fcn y\u0131llar\u0131nda g\u00f6n\u00fclden<span class=\"excerpt-hellip\"> [\u2026]<\/span><\/p>\n","protected":false},"featured_media":0,"template":"","meta":{"_monsterinsights_skip_tracking":false,"_monsterinsights_sitenote_active":false,"_monsterinsights_sitenote_note":"","_monsterinsights_sitenote_category":0},"product_brand":[],"product_cat":[12777,12291],"product_tag":[],"class_list":{"0":"post-728477","1":"product","2":"type-product","3":"status-publish","5":"product_cat-deneme","6":"product_cat-edebiyat","7":"pa_cilt-ciltsiz","8":"pa_tur-kitap","9":"pa_yayinevi-sel-yayincilik","10":"pa_yazar-mehmed-uzun","12":"first","13":"instock","14":"sale","15":"shipping-taxable","16":"purchasable","17":"product-type-simple"},"_links":{"self":[{"href":"https:\/\/roveyayinevi.com.tr\/index.php\/wp-json\/wp\/v2\/product\/728477","targetHints":{"allow":["GET"]}}],"collection":[{"href":"https:\/\/roveyayinevi.com.tr\/index.php\/wp-json\/wp\/v2\/product"}],"about":[{"href":"https:\/\/roveyayinevi.com.tr\/index.php\/wp-json\/wp\/v2\/types\/product"}],"wp:attachment":[{"href":"https:\/\/roveyayinevi.com.tr\/index.php\/wp-json\/wp\/v2\/media?parent=728477"}],"wp:term":[{"taxonomy":"product_brand","embeddable":true,"href":"https:\/\/roveyayinevi.com.tr\/index.php\/wp-json\/wp\/v2\/product_brand?post=728477"},{"taxonomy":"product_cat","embeddable":true,"href":"https:\/\/roveyayinevi.com.tr\/index.php\/wp-json\/wp\/v2\/product_cat?post=728477"},{"taxonomy":"product_tag","embeddable":true,"href":"https:\/\/roveyayinevi.com.tr\/index.php\/wp-json\/wp\/v2\/product_tag?post=728477"}],"curies":[{"name":"wp","href":"https:\/\/api.w.org\/{rel}","templated":true}]}}