{"id":728474,"date":"2025-08-27T20:40:12","date_gmt":"2025-08-27T17:40:12","guid":{"rendered":"https:\/\/roveyayinevi.com.tr\/index.php\/urun\/kirli-yorgun-mutlu\/"},"modified":"2026-04-15T02:47:03","modified_gmt":"2026-04-14T23:47:03","slug":"kirli-yorgun-mutlu","status":"publish","type":"product","link":"https:\/\/roveyayinevi.com.tr\/index.php\/urun\/kirli-yorgun-mutlu\/","title":{"rendered":"Kirli Yorgun Mutlu"},"content":{"rendered":"<p>Birbirinden renkli \u00e7oraplar\u0131n d\u00fcnyas\u0131nda i\u015fler bu kez yolunda gitmiyor! \u00c7oraplar\u0131n bir araya gelip \u00e7\u00f6zmeleri gereken b\u00fcy\u00fck bir sorun var: \u00c7orap \u00c7o\u015fil\u2019in e\u015fi ortalarda yok. Yard\u0131msever arkada\u015flar\u0131 \u00c7o\u015fil\u2019e yard\u0131m etmek i\u00e7in haz\u0131rlar. Bu heyecanl\u0131 macerada onlara e\u015flik etmeye var m\u0131s\u0131n\u0131z? Okul \u00f6ncesi e\u011fitim ve yarat\u0131c\u0131 drama alanlar\u0131nda tecr\u00fcbeli yazar\u0131m\u0131z \u00d6zlem \u00d6znur G\u00f6kbulut\u2019un kaleminden reng\u00e2renk bir \u00f6yk\u00fc&#8230; <\/p>\n","protected":false},"excerpt":{"rendered":"<p>Birbirinden renkli \u00e7oraplar\u0131n d\u00fcnyas\u0131nda i\u015fler bu kez yolunda gitmiyor! \u00c7oraplar\u0131n bir araya gelip \u00e7\u00f6zmeleri gereken b\u00fcy\u00fck bir sorun var: \u00c7orap \u00c7o\u015fil\u2019in e\u015fi ortalarda yok. Yard\u0131msever arkada\u015flar\u0131<span class=\"excerpt-hellip\"> [\u2026]<\/span><\/p>\n","protected":false},"featured_media":0,"template":"","meta":{"_monsterinsights_skip_tracking":false,"_monsterinsights_sitenote_active":false,"_monsterinsights_sitenote_note":"","_monsterinsights_sitenote_category":0},"product_brand":[],"product_cat":[12913,12274],"product_tag":[],"class_list":{"0":"post-728474","1":"product","2":"type-product","3":"status-publish","5":"product_cat-3-6-yas-kitaplari","6":"product_cat-cocuk-ve-genclik-kitaplari","7":"pa_cilt-ciltsiz","8":"pa_tur-kitap","9":"pa_yayinevi-ucan-fil-yayinlari","10":"pa_yazar-ozlem-oznur-gokbulut","12":"first","13":"instock","14":"sale","15":"shipping-taxable","16":"purchasable","17":"product-type-simple"},"_links":{"self":[{"href":"https:\/\/roveyayinevi.com.tr\/index.php\/wp-json\/wp\/v2\/product\/728474","targetHints":{"allow":["GET"]}}],"collection":[{"href":"https:\/\/roveyayinevi.com.tr\/index.php\/wp-json\/wp\/v2\/product"}],"about":[{"href":"https:\/\/roveyayinevi.com.tr\/index.php\/wp-json\/wp\/v2\/types\/product"}],"wp:attachment":[{"href":"https:\/\/roveyayinevi.com.tr\/index.php\/wp-json\/wp\/v2\/media?parent=728474"}],"wp:term":[{"taxonomy":"product_brand","embeddable":true,"href":"https:\/\/roveyayinevi.com.tr\/index.php\/wp-json\/wp\/v2\/product_brand?post=728474"},{"taxonomy":"product_cat","embeddable":true,"href":"https:\/\/roveyayinevi.com.tr\/index.php\/wp-json\/wp\/v2\/product_cat?post=728474"},{"taxonomy":"product_tag","embeddable":true,"href":"https:\/\/roveyayinevi.com.tr\/index.php\/wp-json\/wp\/v2\/product_tag?post=728474"}],"curies":[{"name":"wp","href":"https:\/\/api.w.org\/{rel}","templated":true}]}}