{"id":728473,"date":"2025-08-27T20:40:11","date_gmt":"2025-08-27T17:40:11","guid":{"rendered":"https:\/\/roveyayinevi.com.tr\/index.php\/urun\/mavi-ay-immatura-1\/"},"modified":"2026-04-16T02:36:01","modified_gmt":"2026-04-15T23:36:01","slug":"mavi-ay-immatura-1","status":"publish","type":"product","link":"https:\/\/roveyayinevi.com.tr\/index.php\/urun\/mavi-ay-immatura-1\/","title":{"rendered":"Mavi Ay Immatura -1"},"content":{"rendered":"<p>R\u00fcyalar\u0131n\u0131 unutanlardan m\u0131s\u0131n\u0131z, yoksa her ayr\u0131nt\u0131s\u0131n\u0131 hat\u0131rlayan ve i\u00e7inde ya\u015f\u0131yormu\u015f gibi hissedenlerden mi? Peki ya ger\u00e7ek hayat\u0131n\u0131z; o, hangisi?   \u201cBir g\u00fcn Medul Wei r\u00fcyalar\u0131ndan birinde bir a\u011fac\u0131n k\u00f6klerinin, yerin alt\u0131ndan b\u00fct\u00fcn d\u00fcnyaya yay\u0131ld\u0131\u011f\u0131n\u0131 g\u00f6rm\u00fc\u015f. Ama farkl\u0131 bir \u015fekilde\u2026 K\u00f6kler mavi beyaz par\u0131ld\u0131yormu\u015f, t\u0131pk\u0131 ay \u0131\u015f\u0131\u011f\u0131 gibi. Medul Wei hi\u00e7bir \u015fey s\u00f6ylememi\u015f bu konu hakk\u0131nda. Sadece nesilden nesile aktar\u0131lan bir masal b\u0131rakm\u0131\u015f, Zamans\u0131z K\u0131z\u2019\u0131n hik\u00e2yesi.\u201d     B\u00fcy\u00fck sava\u015flar ya\u015fanm\u0131\u015ft\u0131. \u0130nsanl\u0131\u011f\u0131n sonu gelmi\u015f, yerlerine t\u00fcrler ge\u00e7mi\u015fti\u2026 \u00dcstelik bana da onlardan biri oldu\u011fumu s\u00f6yl\u00fcyorlard\u0131, bilmiyordum. Kim oldu\u011fumdan bile emin de\u011fildim, Mavi Ay ger\u00e7ekle\u015fene kadar.  3315   Neredeyse m\u00fckemmel bir hayat\u0131m vard\u0131. Sonra r\u00fcyalar ve \u015f\u00fcpheler ba\u015flad\u0131\u2026 R\u00fcya nerede bitiyor ger\u00e7ek nerede ba\u015fl\u0131yor, kim dostum kim d\u00fc\u015fman\u0131m art\u0131k bilmiyordum. Kim oldu\u011fumdan bile emin de\u011fildim, Mavi Ay ger\u00e7ekle\u015fene kadar.  2015   <\/p>\n","protected":false},"excerpt":{"rendered":"<p>R\u00fcyalar\u0131n\u0131 unutanlardan m\u0131s\u0131n\u0131z, yoksa her ayr\u0131nt\u0131s\u0131n\u0131 hat\u0131rlayan ve i\u00e7inde ya\u015f\u0131yormu\u015f gibi hissedenlerden mi? Peki ya ger\u00e7ek hayat\u0131n\u0131z; o, hangisi? \u201cBir g\u00fcn Medul Wei r\u00fcyalar\u0131ndan birinde bir<span class=\"excerpt-hellip\"> [\u2026]<\/span><\/p>\n","protected":false},"featured_media":0,"template":"","meta":{"_monsterinsights_skip_tracking":false,"_monsterinsights_sitenote_active":false,"_monsterinsights_sitenote_note":"","_monsterinsights_sitenote_category":0},"product_brand":[],"product_cat":[12291,50487],"product_tag":[],"class_list":{"0":"post-728473","1":"product","2":"type-product","3":"status-publish","5":"product_cat-edebiyat","6":"product_cat-kurgu","7":"pa_cilt-ciltsiz","8":"pa_tur-kitap","9":"pa_yayinevi-epsilon-yayinlari","10":"pa_yazar-asli-atilgan","12":"first","13":"instock","14":"sale","15":"shipping-taxable","16":"purchasable","17":"product-type-simple"},"_links":{"self":[{"href":"https:\/\/roveyayinevi.com.tr\/index.php\/wp-json\/wp\/v2\/product\/728473","targetHints":{"allow":["GET"]}}],"collection":[{"href":"https:\/\/roveyayinevi.com.tr\/index.php\/wp-json\/wp\/v2\/product"}],"about":[{"href":"https:\/\/roveyayinevi.com.tr\/index.php\/wp-json\/wp\/v2\/types\/product"}],"wp:attachment":[{"href":"https:\/\/roveyayinevi.com.tr\/index.php\/wp-json\/wp\/v2\/media?parent=728473"}],"wp:term":[{"taxonomy":"product_brand","embeddable":true,"href":"https:\/\/roveyayinevi.com.tr\/index.php\/wp-json\/wp\/v2\/product_brand?post=728473"},{"taxonomy":"product_cat","embeddable":true,"href":"https:\/\/roveyayinevi.com.tr\/index.php\/wp-json\/wp\/v2\/product_cat?post=728473"},{"taxonomy":"product_tag","embeddable":true,"href":"https:\/\/roveyayinevi.com.tr\/index.php\/wp-json\/wp\/v2\/product_tag?post=728473"}],"curies":[{"name":"wp","href":"https:\/\/api.w.org\/{rel}","templated":true}]}}